{"id":150346,"date":"2021-01-15T11:02:05","date_gmt":"2021-01-15T11:02:05","guid":{"rendered":"https:\/\/codengine3.ch\/?product=import-placeholder-for-203024"},"modified":"2021-01-15T12:53:24","modified_gmt":"2021-01-15T12:53:24","slug":"piz-palue","status":"publish","type":"product","link":"https:\/\/pizbube.ch\/en\/shop\/piz-palue\/","title":{"rendered":"Piz Pal\u00fc"},"content":{"rendered":"<p>Die elegante \u00c4sthetik des Pal\u00fc, die Wildheit seiner H\u00e4ngegletscher zwischen<br \/>\nden imposanten Felspfeilern ziehen Alpinisten aller Klassen an. Auch der<br \/>\nRegisseur Arnold Fanck f\u00fchlte sich von der sch\u00f6nen Bergform, von den<br \/>\ngrossartigen Gletscherabbr\u00fcchen und Eisw\u00e4nden und<br \/>\nvom Klang des Namens so angezogen, dass er ihn als Schauplatz f\u00fcr<br \/>\nseinen 1929 entstandenen Bergfilm Die weisse H\u00f6lle vom Piz Pal\u00fc<br \/>\nw\u00e4hlte. Doch blieb am Pal\u00fc die Zeit nicht stehen: 1956 wurde die Seilbahn auf<br \/>\ndie Diavolezza gebaut \u2013 und der Berg zu einem Massenziel.<\/p>","protected":false},"excerpt":{"rendered":"<ul>\n<li><b>INFO: laut Verlag keine Neuauflage geplant<b><\/li>\n<\/ul>","protected":false},"featured_media":30533,"template":"","meta":[],"product_brand":[],"product_cat":[21542],"product_tag":[],"class_list":{"0":"post-150346","1":"product","2":"type-product","3":"status-publish","4":"has-post-thumbnail","6":"product_cat-sachbuecher-dokumentationen","7":"pa_autor-anker-philipp","8":"pa_erscheinungsjahr-22292","9":"pa_region-schweiz","10":"pa_sprache-de","12":"first","13":"outofstock","14":"taxable","15":"shipping-taxable","16":"purchasable","17":"product-type-simple"},"_links":{"self":[{"href":"https:\/\/pizbube.ch\/en\/wp-json\/wp\/v2\/product\/150346","targetHints":{"allow":["GET"]}}],"collection":[{"href":"https:\/\/pizbube.ch\/en\/wp-json\/wp\/v2\/product"}],"about":[{"href":"https:\/\/pizbube.ch\/en\/wp-json\/wp\/v2\/types\/product"}],"wp:featuredmedia":[{"embeddable":true,"href":"https:\/\/pizbube.ch\/en\/wp-json\/wp\/v2\/media\/30533"}],"wp:attachment":[{"href":"https:\/\/pizbube.ch\/en\/wp-json\/wp\/v2\/media?parent=150346"}],"wp:term":[{"taxonomy":"product_brand","embeddable":true,"href":"https:\/\/pizbube.ch\/en\/wp-json\/wp\/v2\/product_brand?post=150346"},{"taxonomy":"product_cat","embeddable":true,"href":"https:\/\/pizbube.ch\/en\/wp-json\/wp\/v2\/product_cat?post=150346"},{"taxonomy":"product_tag","embeddable":true,"href":"https:\/\/pizbube.ch\/en\/wp-json\/wp\/v2\/product_tag?post=150346"}],"curies":[{"name":"wp","href":"https:\/\/api.w.org\/{rel}","templated":true}]}}