{"id":150348,"date":"2021-01-15T11:02:05","date_gmt":"2021-01-15T11:02:05","guid":{"rendered":"https:\/\/codengine3.ch\/?product=import-placeholder-for-207935"},"modified":"2023-12-21T14:57:35","modified_gmt":"2023-12-21T13:57:35","slug":"biancograt-photo-edition","status":"publish","type":"product","link":"https:\/\/pizbube.ch\/en\/shop\/biancograt-photo-edition\/","title":{"rendered":"Biancograt &#8211; Photo Edition"},"content":{"rendered":"<p>Die neue Photo Edition des Wandermagazins SCHWEIZ ist da:<br \/>\nPhoto Edition Biancograt. Der Biancograt ist unbestritten eine Grattour der<br \/>\nSuperlative \u2013 sie gilt in Bergsteigerkreisen zusammen mit dem Peuterey-Grat am<br \/>\nMont Blanc als sch\u00f6nste Gratroute der Alpen. Toni Kaiser dokumentiert den<br \/>\nAufstieg auf den Piz Bernina \u00fcber den Biancograt in dieser Photo Edition.<\/p>\n<p>Ein ernsthafter Bergsteiger ohne Biancograt ist wie ein&#8230;? Ja, was denn? Es<br \/>\nist nicht in erster Linie der Gipfelerfolg am Piz Bernina, der das<br \/>\nBergsteigerherz hoch schlagen l\u00e4sst, sondern es ist vielmehr der<br \/>\nschwindelerregende Gang \u00fcber den legend\u00e4ren Biancograt, der die Gipfelst\u00fcrmer<br \/>\nin Scharen anlockt. Diese Photo Edition zeigt die beeindruckenden Biancograt-<br \/>\nImpressionen vom Wandermagazin Schweiz Chefredaktor Toni Kaiser.<\/p>","protected":false},"excerpt":{"rendered":"<p>Die neue Photo Edition des Wandermagazins SCHWEIZ ist da: Photo Edition Biancograt. Der Biancograt ist unbestritten eine Grattour der Superlative \u2013 sie gilt in Bergsteigerkreisen zusammen mit dem Peuterey-Grat am Mont Blanc als sch\u00f6nste Gratroute der Alpen. Toni Kaiser dokumentiert den Aufstieg auf den Piz Bernina \u00fcber den Biancograt in dieser Photo Edition. Ein ernsthafter [&#8230;]\n","protected":false},"featured_media":38902,"template":"","meta":[],"product_brand":[],"product_cat":[21541],"product_tag":[],"class_list":{"0":"post-150348","1":"product","2":"type-product","3":"status-publish","4":"has-post-thumbnail","6":"product_cat-zeitschriften","7":"pa_autor-kaiser","8":"pa_erscheinungsjahr-21550","9":"pa_region-schweiz","10":"pa_sprache-de","12":"first","13":"outofstock","14":"taxable","15":"shipping-taxable","16":"purchasable","17":"product-type-simple"},"_links":{"self":[{"href":"https:\/\/pizbube.ch\/en\/wp-json\/wp\/v2\/product\/150348","targetHints":{"allow":["GET"]}}],"collection":[{"href":"https:\/\/pizbube.ch\/en\/wp-json\/wp\/v2\/product"}],"about":[{"href":"https:\/\/pizbube.ch\/en\/wp-json\/wp\/v2\/types\/product"}],"wp:featuredmedia":[{"embeddable":true,"href":"https:\/\/pizbube.ch\/en\/wp-json\/wp\/v2\/media\/38902"}],"wp:attachment":[{"href":"https:\/\/pizbube.ch\/en\/wp-json\/wp\/v2\/media?parent=150348"}],"wp:term":[{"taxonomy":"product_brand","embeddable":true,"href":"https:\/\/pizbube.ch\/en\/wp-json\/wp\/v2\/product_brand?post=150348"},{"taxonomy":"product_cat","embeddable":true,"href":"https:\/\/pizbube.ch\/en\/wp-json\/wp\/v2\/product_cat?post=150348"},{"taxonomy":"product_tag","embeddable":true,"href":"https:\/\/pizbube.ch\/en\/wp-json\/wp\/v2\/product_tag?post=150348"}],"curies":[{"name":"wp","href":"https:\/\/api.w.org\/{rel}","templated":true}]}}