{"id":150350,"date":"2021-01-15T11:02:05","date_gmt":"2021-01-15T11:02:05","guid":{"rendered":"https:\/\/codengine3.ch\/?product=import-placeholder-for-206242"},"modified":"2021-01-15T14:47:29","modified_gmt":"2021-01-15T14:47:29","slug":"buendner-alpen-silvretta-unterengadin-muenstertal","status":"publish","type":"product","link":"https:\/\/pizbube.ch\/en\/shop\/buendner-alpen-silvretta-unterengadin-muenstertal\/","title":{"rendered":"B\u00fcndner Alpen &#8211; Silvretta \/ Unterengadin \/ M\u00fcnstertal"},"content":{"rendered":"<p>Davos bis Val M\u00fcstair.<br \/>\nMit 31 Wander-Dreitausendern und Wanderungen im Schweizer Nationalpark  <\/p>\n<p>Dieser Alpinf\u00fchrer beschreibt die Berge der Silvretta von Klosters im<br \/>\nPr\u00e4ttigau bis ins Samnaun und dem \u00f6sterreichischen Ischgl, die Unterengadiner<br \/>\nBerge von Susch nach Martina, und die M\u00fcstertalerberge vom Ofenpass nach<br \/>\nM\u00fcstair. Zus\u00e4tzlich beschreibt es auch die zahlreichen Wanderungen im<br \/>\nschweizerischen Nationalpark. Das Gebiet st\u00f6sst an die \u00f6sterreichischen<br \/>\nL\u00e4nder, Voralberg und Tirol und den italienischen L\u00e4ndern S\u00fcdtirol und<br \/>\nLombardei. Das besondere des Gebietes ist das Unbekannte und Unber\u00fchrte, das<br \/>\nes zu Entdecken gilt; einsame Ziele in wilder Natur.  <\/p>\n<p>Zu jedem einzelnen der \u00fcber 327 Berggipfel wie auch zu vielen \u00dcberg\u00e4ngen und<br \/>\nden Bergunterk\u00fcnften finden sich Angaben: Die 1008 Routenbeschreibungen, viele<br \/>\nauch auf Abbildungen dargestellt, richten sich an Bergwanderer und Alpinisten.<br \/>\nF\u00fcr die Bergwanderer haben wir \u00fcber 30 Wanderdreitausender hervorgehoben. Eine<br \/>\ngeologische Einf\u00fchrung stellt den ausserordentlich vielgestaltigen Gebirgsbau<br \/>\nin aller K\u00fcrze dar.  <\/p>","protected":false},"excerpt":{"rendered":"<p>Davos bis Val M\u00fcstair. Mit 31 Wander-Dreitausendern und Wanderungen im Schweizer Nationalpark Dieser Alpinf\u00fchrer beschreibt die Berge der Silvretta von Klosters im Pr\u00e4ttigau bis ins Samnaun und dem \u00f6sterreichischen Ischgl, die Unterengadiner Berge von Susch nach Martina, und die M\u00fcstertalerberge vom Ofenpass nach M\u00fcstair. Zus\u00e4tzlich beschreibt es auch die zahlreichen Wanderungen im schweizerischen Nationalpark. Das [&#8230;]\n","protected":false},"featured_media":25957,"template":"","meta":[],"product_brand":[],"product_cat":[21544],"product_tag":[],"class_list":{"0":"post-150350","1":"product","2":"type-product","3":"status-publish","4":"has-post-thumbnail","6":"product_cat-fuehrerliteratur-alpin-sommer","7":"pa_autor-gujan-hartmann","8":"pa_erscheinungsjahr-21830","9":"pa_region-schweiz","10":"pa_sprache-de","12":"first","13":"instock","14":"taxable","15":"shipping-taxable","16":"purchasable","17":"product-type-simple"},"_links":{"self":[{"href":"https:\/\/pizbube.ch\/en\/wp-json\/wp\/v2\/product\/150350","targetHints":{"allow":["GET"]}}],"collection":[{"href":"https:\/\/pizbube.ch\/en\/wp-json\/wp\/v2\/product"}],"about":[{"href":"https:\/\/pizbube.ch\/en\/wp-json\/wp\/v2\/types\/product"}],"wp:featuredmedia":[{"embeddable":true,"href":"https:\/\/pizbube.ch\/en\/wp-json\/wp\/v2\/media\/25957"}],"wp:attachment":[{"href":"https:\/\/pizbube.ch\/en\/wp-json\/wp\/v2\/media?parent=150350"}],"wp:term":[{"taxonomy":"product_brand","embeddable":true,"href":"https:\/\/pizbube.ch\/en\/wp-json\/wp\/v2\/product_brand?post=150350"},{"taxonomy":"product_cat","embeddable":true,"href":"https:\/\/pizbube.ch\/en\/wp-json\/wp\/v2\/product_cat?post=150350"},{"taxonomy":"product_tag","embeddable":true,"href":"https:\/\/pizbube.ch\/en\/wp-json\/wp\/v2\/product_tag?post=150350"}],"curies":[{"name":"wp","href":"https:\/\/api.w.org\/{rel}","templated":true}]}}