{"id":150352,"date":"2021-01-15T11:02:05","date_gmt":"2021-01-15T11:02:05","guid":{"rendered":"https:\/\/codengine3.ch\/?product=import-placeholder-for-200930"},"modified":"2021-01-15T11:02:10","modified_gmt":"2021-01-15T11:02:10","slug":"berner-alpen-1-sanetsch-bis-gemmi","status":"publish","type":"product","link":"https:\/\/pizbube.ch\/en\/shop\/berner-alpen-1-sanetsch-bis-gemmi\/","title":{"rendered":"Berner Alpen 1 Sanetsch bis Gemmi"},"content":{"rendered":"<p>SAC Clubf\u00fchrer (Sanetsch- Gemmi). Dieser vollst\u00e4ndig \u00fcberarbeitete F\u00fchrer mit<br \/>\neiner Anzahl von Neutouren, m\u00f6chte dieses Gebiet wieder bekannter machen und<br \/>\ndie Vorurteile abbauen, dass jede Bergfahrt letztlich in trostlose Ger\u00f6llh\u00e4nge<br \/>\noder br\u00fcchigen Schiefer f\u00fchrt. Zus\u00e4tzlich sind die zahlreichen Klettergebiete<br \/>\nu.a. Arbaz, Armeillin, Schwarenbach, Winteregg, \u00dcschenegrat, \u00dcschinen<br \/>\nbeschrieben.<br \/>\nRoutenbeschreibungen<br \/>\nWildhorn-Gruppe<br \/>\nWildstrubel-Gruppe<br \/>\nGross Lohner-Gruppe  <\/p>","protected":false},"excerpt":{"rendered":"<ul>\n<li><b>INFO: Neuauflage laut Verlag 2011<b><\/li>\n<\/ul>","protected":false},"featured_media":28060,"template":"","meta":[],"product_brand":[],"product_cat":[21544],"product_tag":[],"class_list":{"0":"post-150352","1":"product","2":"type-product","3":"status-publish","4":"has-post-thumbnail","6":"product_cat-fuehrerliteratur-alpin-sommer","7":"pa_autor-anker-div","8":"pa_erscheinungsjahr-22154","9":"pa_region-schweiz","10":"pa_sprache-de","12":"first","13":"outofstock","14":"taxable","15":"shipping-taxable","16":"purchasable","17":"product-type-simple"},"_links":{"self":[{"href":"https:\/\/pizbube.ch\/en\/wp-json\/wp\/v2\/product\/150352","targetHints":{"allow":["GET"]}}],"collection":[{"href":"https:\/\/pizbube.ch\/en\/wp-json\/wp\/v2\/product"}],"about":[{"href":"https:\/\/pizbube.ch\/en\/wp-json\/wp\/v2\/types\/product"}],"wp:featuredmedia":[{"embeddable":true,"href":"https:\/\/pizbube.ch\/en\/wp-json\/wp\/v2\/media\/28060"}],"wp:attachment":[{"href":"https:\/\/pizbube.ch\/en\/wp-json\/wp\/v2\/media?parent=150352"}],"wp:term":[{"taxonomy":"product_brand","embeddable":true,"href":"https:\/\/pizbube.ch\/en\/wp-json\/wp\/v2\/product_brand?post=150352"},{"taxonomy":"product_cat","embeddable":true,"href":"https:\/\/pizbube.ch\/en\/wp-json\/wp\/v2\/product_cat?post=150352"},{"taxonomy":"product_tag","embeddable":true,"href":"https:\/\/pizbube.ch\/en\/wp-json\/wp\/v2\/product_tag?post=150352"}],"curies":[{"name":"wp","href":"https:\/\/api.w.org\/{rel}","templated":true}]}}