{"id":150353,"date":"2021-01-15T11:02:05","date_gmt":"2021-01-15T11:02:05","guid":{"rendered":"https:\/\/codengine3.ch\/?product=import-placeholder-for-206595"},"modified":"2021-08-06T17:04:09","modified_gmt":"2021-08-06T15:04:09","slug":"wildhorn-wildstrubel-blueemlisalp-alpine-touren","status":"publish","type":"product","link":"https:\/\/pizbube.ch\/en\/shop\/wildhorn-wildstrubel-blueemlisalp-alpine-touren\/","title":{"rendered":"Wildhorn\/Wildstrubel\/Bl\u00fcemlisalp &#8211; Alpine Touren"},"content":{"rendered":"<p>Vom Sanetsch zum Petersgrat. (Umfasst das Gebiet der vorausgegangenen<br \/>\nClubf\u00fchrer Berner Alpen 1 und Berner Alpen 2)<\/p>\n<p>Vom Sanetsch bis Petersgrat &#8211; Alpine Touren<\/p>\n<p>Diese Neuauflage der ehemaligen Clubf\u00fchrer Berner Alpen 1 und 2 beschreibt die<br \/>\nHochtouren, alpinen Kletterrouten und Alpinwanderungen in den westlichen<br \/>\nBerner Alpen vom Col du Sanetsch bis zum Petersgrat. Neben den klassischen<br \/>\nAufstiegen zu den bekannten Bergen wie Wildhorn und Wildstrubel, Balmhorn und<br \/>\nBl\u00fcemlisalp wurden auch die Tourenbeschreibungen zu den weniger bekannten<br \/>\nGipfeln und \u00dcberg\u00e4ngen aktualisiert.<\/p>\n<p>Insgesamt sind rund 520 Routen beschrieben. Kartenausschnitte geben einen \u00dcberblick \u00fcber die in 9 Kapitel<br \/>\naufgeteilten Gebietsabschnitte. Der reich bebilderte F\u00fchrer beleuchtet die<br \/>\nVielfalt der Region zwischen Berner Oberland und Mittelwallis, durch welche<br \/>\nder R\u00f6stigraben, die deutsch-franz\u00f6sische Sprachgrenze, verl\u00e4uft. Zus\u00e4tzlich<br \/>\nenth\u00e4lt dieses Buch Beitr\u00e4ge zur Geologie, zur Flora und zum Weltnaturerbe<br \/>\nSchweizer Alpen Jungfrau-Aletsch. Alpinisten und Bergwanderer erhalten ein<br \/>\numfassendes Werk f\u00fcr ihre Touren.<\/p>\n<p>Deutsch, 560 Seiten, Routenk\u00e4rtchen, 12 Farbfotos<\/p>","protected":false},"excerpt":{"rendered":"<p>Vom Sanetsch zum Petersgrat. (Umfasst das Gebiet der vorausgegangenen Clubf\u00fchrer Berner Alpen 1 und Berner Alpen 2) Vom Sanetsch bis Petersgrat &#8211; Alpine Touren Diese Neuauflage der ehemaligen Clubf\u00fchrer Berner Alpen 1 und 2 beschreibt die Hochtouren, alpinen Kletterrouten und Alpinwanderungen in den westlichen Berner Alpen vom Col du Sanetsch bis zum Petersgrat. Neben den [&#8230;]\n","protected":false},"featured_media":35680,"template":"","meta":[],"product_brand":[],"product_cat":[21544],"product_tag":[],"class_list":{"0":"post-150353","1":"product","2":"type-product","3":"status-publish","4":"has-post-thumbnail","6":"product_cat-fuehrerliteratur-alpin-sommer","7":"pa_autor-mosimann","8":"pa_erscheinungsjahr-21610","9":"pa_region-schweiz","10":"pa_sprache-de","12":"first","13":"instock","14":"taxable","15":"shipping-taxable","16":"purchasable","17":"product-type-simple"},"_links":{"self":[{"href":"https:\/\/pizbube.ch\/en\/wp-json\/wp\/v2\/product\/150353","targetHints":{"allow":["GET"]}}],"collection":[{"href":"https:\/\/pizbube.ch\/en\/wp-json\/wp\/v2\/product"}],"about":[{"href":"https:\/\/pizbube.ch\/en\/wp-json\/wp\/v2\/types\/product"}],"wp:featuredmedia":[{"embeddable":true,"href":"https:\/\/pizbube.ch\/en\/wp-json\/wp\/v2\/media\/35680"}],"wp:attachment":[{"href":"https:\/\/pizbube.ch\/en\/wp-json\/wp\/v2\/media?parent=150353"}],"wp:term":[{"taxonomy":"product_brand","embeddable":true,"href":"https:\/\/pizbube.ch\/en\/wp-json\/wp\/v2\/product_brand?post=150353"},{"taxonomy":"product_cat","embeddable":true,"href":"https:\/\/pizbube.ch\/en\/wp-json\/wp\/v2\/product_cat?post=150353"},{"taxonomy":"product_tag","embeddable":true,"href":"https:\/\/pizbube.ch\/en\/wp-json\/wp\/v2\/product_tag?post=150353"}],"curies":[{"name":"wp","href":"https:\/\/api.w.org\/{rel}","templated":true}]}}