{"id":150355,"date":"2021-01-15T11:02:05","date_gmt":"2021-01-15T11:02:05","guid":{"rendered":"https:\/\/codengine3.ch\/?product=import-placeholder-for-200932"},"modified":"2021-01-15T11:02:11","modified_gmt":"2021-01-15T11:02:11","slug":"jungfrau-region-tschingelhorn-eiger-fiescherhoerner-finsteraarhorn","status":"publish","type":"product","link":"https:\/\/pizbube.ch\/en\/shop\/jungfrau-region-tschingelhorn-eiger-fiescherhoerner-finsteraarhorn\/","title":{"rendered":"Jungfrau Region &#8211; Tschingelhorn\/Eiger\/Fiescherh\u00f6rner\/Finsteraarhorn"},"content":{"rendered":"<p>SAC Clubf\u00fchrer (Tschingelhorn &#8211; Finsteraarhorn).<br \/>\nDieser F\u00fchrer umfasst das Kernst\u00fcck der Berner Alpen: die Abgrenzung bildet im<br \/>\nWesten der Petersgrat, im S\u00fcden der Langgletscher, der Aletschfirn und der<br \/>\nGrosse Aletschgletscher, im Osten der Fiescher- und der Untere<br \/>\nGrindelwaldgletscher und gegen Nordwesten die Kleine Scheidegg und das hintere<br \/>\nLauterbrunnental. Mit dem Finsteraarhorn ist auch der h\u00f6chste Punkt n\u00f6rdlich<br \/>\ndes Wallis erfasst.  <\/p>\n<p>Dieses Buch beschreibt Alpine Touren in der Jungfrau Region, insbesondere<br \/>\nbeliebte Hochtouren, kombinierte Wanddurchsteigungen, \u00e4usserst anspruchsvolle<br \/>\nKletterrouten, einfache Klettersteige sowie Gletschertrekking-Routen quer<br \/>\ndurch das ganze Gebiet. Die bekanntesten Gipfel im Gebiet sind Eiger, M\u00f6nch,<br \/>\nJungfrau und Finsteraarhorn. Aber auch die Gipfel \u00f6stlich, westlich und<br \/>\ns\u00fcdlich davon bieten lohnende alpine Touren in grossartiger Umgebung.<br \/>\nDas ganze Gebiet geh\u00f6rt zum UNESCO-Welterbe Schweizer Alpen Jungfrau-Aletsch.<br \/>\n(Nachfolger von: `Berner Alpen 4`, Tschingelhorn bis Finsteraarhorn)  <\/p>","protected":false},"excerpt":{"rendered":"<p>SAC Clubf\u00fchrer (Tschingelhorn &#8211; Finsteraarhorn). Dieser F\u00fchrer umfasst das Kernst\u00fcck der Berner Alpen: die Abgrenzung bildet im Westen der Petersgrat, im S\u00fcden der Langgletscher, der Aletschfirn und der Grosse Aletschgletscher, im Osten der Fiescher- und der Untere Grindelwaldgletscher und gegen Nordwesten die Kleine Scheidegg und das hintere Lauterbrunnental. Mit dem Finsteraarhorn ist auch der h\u00f6chste [&#8230;]\n","protected":false},"featured_media":28064,"template":"","meta":[],"product_brand":[],"product_cat":[21544],"product_tag":[],"class_list":{"0":"post-150355","1":"product","2":"type-product","3":"status-publish","4":"has-post-thumbnail","6":"product_cat-fuehrerliteratur-alpin-sommer","7":"pa_autor-hausmann","8":"pa_erscheinungsjahr-21830","9":"pa_region-schweiz","10":"pa_sprache-de","12":"first","13":"instock","14":"taxable","15":"shipping-taxable","16":"purchasable","17":"product-type-simple"},"_links":{"self":[{"href":"https:\/\/pizbube.ch\/en\/wp-json\/wp\/v2\/product\/150355","targetHints":{"allow":["GET"]}}],"collection":[{"href":"https:\/\/pizbube.ch\/en\/wp-json\/wp\/v2\/product"}],"about":[{"href":"https:\/\/pizbube.ch\/en\/wp-json\/wp\/v2\/types\/product"}],"wp:featuredmedia":[{"embeddable":true,"href":"https:\/\/pizbube.ch\/en\/wp-json\/wp\/v2\/media\/28064"}],"wp:attachment":[{"href":"https:\/\/pizbube.ch\/en\/wp-json\/wp\/v2\/media?parent=150355"}],"wp:term":[{"taxonomy":"product_brand","embeddable":true,"href":"https:\/\/pizbube.ch\/en\/wp-json\/wp\/v2\/product_brand?post=150355"},{"taxonomy":"product_cat","embeddable":true,"href":"https:\/\/pizbube.ch\/en\/wp-json\/wp\/v2\/product_cat?post=150355"},{"taxonomy":"product_tag","embeddable":true,"href":"https:\/\/pizbube.ch\/en\/wp-json\/wp\/v2\/product_tag?post=150355"}],"curies":[{"name":"wp","href":"https:\/\/api.w.org\/{rel}","templated":true}]}}