{"id":150356,"date":"2021-01-15T11:02:05","date_gmt":"2021-01-15T11:02:05","guid":{"rendered":"https:\/\/codengine3.ch\/?product=import-placeholder-for-203306"},"modified":"2021-01-15T14:21:59","modified_gmt":"2021-01-15T14:21:59","slug":"bietschhorn","status":"publish","type":"product","link":"https:\/\/pizbube.ch\/en\/shop\/bietschhorn\/","title":{"rendered":"Bietschhorn"},"content":{"rendered":"<p>\nMag das Matterhorn auch bekannter sein, der auff\u00e4lligste Berg im Wallis ist<br \/>\ndas Bietschhorn. Die ebenm\u00e4ssige Pyramide aus Gneis und Eis geh\u00f6rt seit dem<br \/>\nJahr 2002 zum Unesco- Weltnaturerbe.<\/p>\n<p>Von den Bergsteigern wird sie jedoch schon immer verehrt, von den Anf\u00e4ngen des<br \/>\nAlpinismus bis zu den Erschliessern von heute. Vom Erstbesteiger Leslie<br \/>\nStephen und von Meta Brevoort \u00fcber Ludwig Purtscheller und Emil Zsigmondy,<br \/>\nFrank Smythe, Walter St\u00f6sser, Louis Lachenal und Lionel Terray bis zum<br \/>\nSteileis- Erschliesser Patrick Gabarrou kommen zu Wort.<br \/>\n173 S.  <\/p>","protected":false},"excerpt":{"rendered":"<p>Mag das Matterhorn auch bekannter sein, der auff\u00e4lligste Berg im Wallis ist das Bietschhorn. Die ebenm\u00e4ssige Pyramide aus Gneis und Eis geh\u00f6rt seit dem Jahr 2002 zum Unesco- Weltnaturerbe. Von den Bergsteigern wird sie jedoch schon immer verehrt, von den Anf\u00e4ngen des Alpinismus bis zu den Erschliessern von heute. Vom Erstbesteiger Leslie Stephen und von [&#8230;]\n","protected":false},"featured_media":30890,"template":"","meta":[],"product_brand":[],"product_cat":[21542],"product_tag":[],"class_list":{"0":"post-150356","1":"product","2":"type-product","3":"status-publish","4":"has-post-thumbnail","6":"product_cat-sachbuecher-dokumentationen","7":"pa_autor-anker-volken","8":"pa_erscheinungsjahr-21920","9":"pa_region-schweiz","10":"pa_sprache-de","12":"first","13":"outofstock","14":"taxable","15":"shipping-taxable","16":"purchasable","17":"product-type-simple"},"_links":{"self":[{"href":"https:\/\/pizbube.ch\/en\/wp-json\/wp\/v2\/product\/150356","targetHints":{"allow":["GET"]}}],"collection":[{"href":"https:\/\/pizbube.ch\/en\/wp-json\/wp\/v2\/product"}],"about":[{"href":"https:\/\/pizbube.ch\/en\/wp-json\/wp\/v2\/types\/product"}],"wp:featuredmedia":[{"embeddable":true,"href":"https:\/\/pizbube.ch\/en\/wp-json\/wp\/v2\/media\/30890"}],"wp:attachment":[{"href":"https:\/\/pizbube.ch\/en\/wp-json\/wp\/v2\/media?parent=150356"}],"wp:term":[{"taxonomy":"product_brand","embeddable":true,"href":"https:\/\/pizbube.ch\/en\/wp-json\/wp\/v2\/product_brand?post=150356"},{"taxonomy":"product_cat","embeddable":true,"href":"https:\/\/pizbube.ch\/en\/wp-json\/wp\/v2\/product_cat?post=150356"},{"taxonomy":"product_tag","embeddable":true,"href":"https:\/\/pizbube.ch\/en\/wp-json\/wp\/v2\/product_tag?post=150356"}],"curies":[{"name":"wp","href":"https:\/\/api.w.org\/{rel}","templated":true}]}}