{"id":150357,"date":"2021-01-15T11:02:05","date_gmt":"2021-01-15T11:02:05","guid":{"rendered":"https:\/\/codengine3.ch\/?product=import-placeholder-for-203307"},"modified":"2024-10-30T10:57:22","modified_gmt":"2024-10-30T09:57:22","slug":"in-fels-und-firn-entre-rocs-et-glaces","status":"publish","type":"product","link":"https:\/\/pizbube.ch\/en\/shop\/in-fels-und-firn-entre-rocs-et-glaces\/","title":{"rendered":"In Fels und Firn &#8211; Entre Rocs et Glaces"},"content":{"rendered":"<p>Bergf\u00fchrer und Bergsteiger in Geschichte und Gegenwart &#8211; Entre rocs et glaces.<br \/>\nAlpinistes et guides de monatgne auttrefois et aujourd` hui.<\/p>\n<p>Zw\u00f6lf AutorInnen berichten \u00fcber den Bergtourismus im 19. und 20. Jahrhundert,<br \/>\nvon der alpinistischen Erschliessung des L\u00f6tschentals.<\/p>","protected":false},"excerpt":{"rendered":"<p>Bergf\u00fchrer und Bergsteiger in Geschichte und Gegenwart &#8211; Entre rocs et glaces. Alpinistes et guides de monatgne auttrefois et aujourd` hui. Zw\u00f6lf AutorInnen berichten \u00fcber den Bergtourismus im 19. und 20. Jahrhundert, von der alpinistischen Erschliessung des L\u00f6tschentals.<\/p>","protected":false},"featured_media":176971,"template":"","meta":[],"product_brand":[],"product_cat":[21542],"product_tag":[],"class_list":{"0":"post-150357","1":"product","2":"type-product","3":"status-publish","4":"has-post-thumbnail","6":"product_cat-sachbuecher-dokumentationen","7":"pa_autor-bellwald","8":"pa_erscheinungsjahr-22137","9":"pa_region-schweiz","10":"pa_sprache-d","11":"pa_sprache-f","13":"first","14":"instock","15":"taxable","16":"shipping-taxable","17":"purchasable","18":"product-type-simple"},"_links":{"self":[{"href":"https:\/\/pizbube.ch\/en\/wp-json\/wp\/v2\/product\/150357","targetHints":{"allow":["GET"]}}],"collection":[{"href":"https:\/\/pizbube.ch\/en\/wp-json\/wp\/v2\/product"}],"about":[{"href":"https:\/\/pizbube.ch\/en\/wp-json\/wp\/v2\/types\/product"}],"wp:featuredmedia":[{"embeddable":true,"href":"https:\/\/pizbube.ch\/en\/wp-json\/wp\/v2\/media\/176971"}],"wp:attachment":[{"href":"https:\/\/pizbube.ch\/en\/wp-json\/wp\/v2\/media?parent=150357"}],"wp:term":[{"taxonomy":"product_brand","embeddable":true,"href":"https:\/\/pizbube.ch\/en\/wp-json\/wp\/v2\/product_brand?post=150357"},{"taxonomy":"product_cat","embeddable":true,"href":"https:\/\/pizbube.ch\/en\/wp-json\/wp\/v2\/product_cat?post=150357"},{"taxonomy":"product_tag","embeddable":true,"href":"https:\/\/pizbube.ch\/en\/wp-json\/wp\/v2\/product_tag?post=150357"}],"curies":[{"name":"wp","href":"https:\/\/api.w.org\/{rel}","templated":true}]}}