{"id":150359,"date":"2021-01-15T11:02:05","date_gmt":"2021-01-15T11:02:05","guid":{"rendered":"https:\/\/codengine3.ch\/?product=import-placeholder-for-208514"},"modified":"2023-06-29T10:38:58","modified_gmt":"2023-06-29T08:38:58","slug":"bietschhorn-nesthorn-aletschhorn-vom-loetschental-zum-grossen-aletschgletscher","status":"publish","type":"product","link":"https:\/\/pizbube.ch\/en\/shop\/bietschhorn-nesthorn-aletschhorn-vom-loetschental-zum-grossen-aletschgletscher\/","title":{"rendered":"Bietschhorn \/ Nesthorn \/ Aletschhorn &#8211; Vom L\u00f6tschental zum Grossen Aletschgletscher"},"content":{"rendered":"<p>Dieser Alpinf\u00fchrer beschreibt umfangreich und vollst\u00e4ndig alle Anstiege und<br \/>\nRouten in Fels und Eis auf die Gipfel zwischen L\u00f6tschen- und Rhonetal sowie<br \/>\ndem Grossen Aletschgletscher.<\/p>\n<p>Eine \u00e4usserst abwechslungsreiche Gegend, die vom mediterranen Klima der<br \/>\nL\u00f6tschberg S\u00fcdrampe bis zum g\u00e4nzlich vergletscherten Gebiet rund um das<br \/>\nAletschhorn reicht. Neben der vollst\u00e4ndigen Beschreibung aller alpinen<br \/>\nAnstiege und Routen bietet der F\u00fchrer Spezialkapitel zu den Themen Bike and<br \/>\nHike, Klettersteige-Canyonning, Weinbau im Oberwallis, Flora und Geologie.<\/p>\n<p>608 Seiten, 106 Routenfotos, 23 Topos, 16 \u00dcbersichtskarten mit Ausgangspunkten<br \/>\nund Unterk\u00fcnften, Bike &amp; Hike Touren, 62 Farbfotos, \u00dcberarbeitung des<br \/>\nClubf\u00fchrers \u201eBerner Alpen 3\u201c<\/p>","protected":false},"excerpt":{"rendered":"<p>Dieser Alpinf\u00fchrer beschreibt umfangreich und vollst\u00e4ndig alle Anstiege und Routen in Fels und Eis auf die Gipfel zwischen L\u00f6tschen- und Rhonetal sowie dem Grossen Aletschgletscher. Eine \u00e4usserst abwechslungsreiche Gegend, die vom mediterranen Klima der L\u00f6tschberg S\u00fcdrampe bis zum g\u00e4nzlich vergletscherten Gebiet rund um das Aletschhorn reicht. Neben der vollst\u00e4ndigen Beschreibung aller alpinen Anstiege und Routen [&#8230;]\n","protected":false},"featured_media":168303,"template":"","meta":[],"product_brand":[],"product_cat":[21544],"product_tag":[],"class_list":{"0":"post-150359","1":"product","2":"type-product","3":"status-publish","4":"has-post-thumbnail","6":"product_cat-fuehrerliteratur-alpin-sommer","7":"pa_autor-senn","8":"pa_erscheinungsjahr-21571","9":"pa_region-schweiz","10":"pa_sprache-de","12":"first","13":"instock","14":"taxable","15":"shipping-taxable","16":"purchasable","17":"product-type-simple"},"_links":{"self":[{"href":"https:\/\/pizbube.ch\/en\/wp-json\/wp\/v2\/product\/150359","targetHints":{"allow":["GET"]}}],"collection":[{"href":"https:\/\/pizbube.ch\/en\/wp-json\/wp\/v2\/product"}],"about":[{"href":"https:\/\/pizbube.ch\/en\/wp-json\/wp\/v2\/types\/product"}],"wp:featuredmedia":[{"embeddable":true,"href":"https:\/\/pizbube.ch\/en\/wp-json\/wp\/v2\/media\/168303"}],"wp:attachment":[{"href":"https:\/\/pizbube.ch\/en\/wp-json\/wp\/v2\/media?parent=150359"}],"wp:term":[{"taxonomy":"product_brand","embeddable":true,"href":"https:\/\/pizbube.ch\/en\/wp-json\/wp\/v2\/product_brand?post=150359"},{"taxonomy":"product_cat","embeddable":true,"href":"https:\/\/pizbube.ch\/en\/wp-json\/wp\/v2\/product_cat?post=150359"},{"taxonomy":"product_tag","embeddable":true,"href":"https:\/\/pizbube.ch\/en\/wp-json\/wp\/v2\/product_tag?post=150359"}],"curies":[{"name":"wp","href":"https:\/\/api.w.org\/{rel}","templated":true}]}}