{"id":150360,"date":"2021-01-15T11:02:05","date_gmt":"2021-01-15T11:02:05","guid":{"rendered":"https:\/\/codengine3.ch\/?product=import-placeholder-for-200933"},"modified":"2025-06-04T11:04:43","modified_gmt":"2025-06-04T09:04:43","slug":"berner-alpen-5-von-grindelwald-zur-grimsel","status":"publish","type":"product","link":"https:\/\/pizbube.ch\/en\/shop\/berner-alpen-5-von-grindelwald-zur-grimsel\/","title":{"rendered":"Berner Alpen 5 Von Grindelwald zur Grimsel"},"content":{"rendered":"<p>SAC Clubf\u00fchrer (Grindelwald &#8211; Grimsel). Dem \u00f6stlichsten Teil des Berner<br \/>\nOberlandes und damit einer Region gewidmet, wo der Bergsteiger abseits<br \/>\n\u00fcberlaufener Modetouren eine urw\u00fcchsige Gebirgslandschaft mit vielf\u00e4ltigen<br \/>\nTourenm\u00f6glichkeiten betritt, erfreut sich das F\u00fchrerwerk ungebrochen lebhafter<br \/>\nNachfrage.<\/p>\n<p>Routenbeschreibung:<br \/>\nSchreckhorn-Gruppe<br \/>\nWetterhorn-Gruppe<br \/>\nEwigschneehorn- und B\u00e4chlistock-Gruppe<br \/>\nRitzlihorn-Gruppe<br \/>\nOberaarhorn-Gruppe<br \/>\nSidelhorn-Gruppe<br \/>\nGalmihorn-Gruppe<\/p>\n<p>Erg\u00e4nzt wird der F\u00fchrer mit einer Auswahl von (Sport-) Kletterrouten,<br \/>\ninsbesondere im Gebiet des Haslital, westlich der Aare.<\/p>","protected":false},"excerpt":{"rendered":"<p>SAC Clubf\u00fchrer (Grindelwald &#8211; Grimsel). Dem \u00f6stlichsten Teil des Berner Oberlandes und damit einer Region gewidmet, wo der Bergsteiger abseits \u00fcberlaufener Modetouren eine urw\u00fcchsige Gebirgslandschaft mit vielf\u00e4ltigen Tourenm\u00f6glichkeiten betritt, erfreut sich das F\u00fchrerwerk ungebrochen lebhafter Nachfrage. Routenbeschreibung: Schreckhorn-Gruppe Wetterhorn-Gruppe Ewigschneehorn- und B\u00e4chlistock-Gruppe Ritzlihorn-Gruppe Oberaarhorn-Gruppe Sidelhorn-Gruppe Galmihorn-Gruppe Erg\u00e4nzt wird der F\u00fchrer mit einer Auswahl von (Sport-) [&#8230;]\n","protected":false},"featured_media":28066,"template":"","meta":[],"product_brand":[],"product_cat":[21544],"product_tag":[],"class_list":{"0":"post-150360","1":"product","2":"type-product","3":"status-publish","4":"has-post-thumbnail","6":"product_cat-fuehrerliteratur-alpin-sommer","7":"pa_autor-mosimann","8":"pa_erscheinungsjahr-22151","9":"pa_region-schweiz","10":"pa_sprache-de","12":"first","13":"outofstock","14":"taxable","15":"shipping-taxable","16":"purchasable","17":"product-type-simple"},"_links":{"self":[{"href":"https:\/\/pizbube.ch\/en\/wp-json\/wp\/v2\/product\/150360","targetHints":{"allow":["GET"]}}],"collection":[{"href":"https:\/\/pizbube.ch\/en\/wp-json\/wp\/v2\/product"}],"about":[{"href":"https:\/\/pizbube.ch\/en\/wp-json\/wp\/v2\/types\/product"}],"wp:featuredmedia":[{"embeddable":true,"href":"https:\/\/pizbube.ch\/en\/wp-json\/wp\/v2\/media\/28066"}],"wp:attachment":[{"href":"https:\/\/pizbube.ch\/en\/wp-json\/wp\/v2\/media?parent=150360"}],"wp:term":[{"taxonomy":"product_brand","embeddable":true,"href":"https:\/\/pizbube.ch\/en\/wp-json\/wp\/v2\/product_brand?post=150360"},{"taxonomy":"product_cat","embeddable":true,"href":"https:\/\/pizbube.ch\/en\/wp-json\/wp\/v2\/product_cat?post=150360"},{"taxonomy":"product_tag","embeddable":true,"href":"https:\/\/pizbube.ch\/en\/wp-json\/wp\/v2\/product_tag?post=150360"}],"curies":[{"name":"wp","href":"https:\/\/api.w.org\/{rel}","templated":true}]}}