{"id":150362,"date":"2021-01-15T11:02:06","date_gmt":"2021-01-15T11:02:06","guid":{"rendered":"https:\/\/codengine3.ch\/?product=import-placeholder-for-204924"},"modified":"2021-01-15T14:37:18","modified_gmt":"2021-01-15T14:37:18","slug":"gebietsfuehrer-gruebenkessel","status":"publish","type":"product","link":"https:\/\/pizbube.ch\/en\/shop\/gebietsfuehrer-gruebenkessel\/","title":{"rendered":"Gebietsf\u00fchrer Gruebenkessel"},"content":{"rendered":"<p>Neuer Gebietsf\u00fchrer rund um die Gruebenh\u00fctte hoch \u00fcber der Handegg am Grimsel.<br \/>\nEr liefert aktuelle Infomationen \u00fcber:<br \/>\nAlpine Klettertouren, Firntouren, klettergarten, Sportklettertouren und<br \/>\nWintertouren.<br \/>\nAber auch Beitr\u00e4ge \u00fcber die Region und weitere aktuellen Themen.  <\/p>","protected":false},"excerpt":{"rendered":"<p>Neuer Gebietsf\u00fchrer rund um die Gruebenh\u00fctte hoch \u00fcber der Handegg am Grimsel. Er liefert aktuelle Infomationen \u00fcber: Alpine Klettertouren, Firntouren, klettergarten, Sportklettertouren und Wintertouren. Aber auch Beitr\u00e4ge \u00fcber die Region und weitere aktuellen Themen.<\/p>","protected":false},"featured_media":33473,"template":"","meta":[],"product_brand":[],"product_cat":[21539],"product_tag":[],"class_list":{"0":"post-150362","1":"product","2":"type-product","3":"status-publish","4":"has-post-thumbnail","6":"product_cat-fuehrerliteratur-sportklettern-bouldern","7":"pa_autor-silbernagel","8":"pa_erscheinungsjahr-21842","9":"pa_region-schweiz","10":"pa_sprache-de","12":"first","13":"outofstock","14":"taxable","15":"shipping-taxable","16":"purchasable","17":"product-type-simple"},"_links":{"self":[{"href":"https:\/\/pizbube.ch\/en\/wp-json\/wp\/v2\/product\/150362","targetHints":{"allow":["GET"]}}],"collection":[{"href":"https:\/\/pizbube.ch\/en\/wp-json\/wp\/v2\/product"}],"about":[{"href":"https:\/\/pizbube.ch\/en\/wp-json\/wp\/v2\/types\/product"}],"wp:featuredmedia":[{"embeddable":true,"href":"https:\/\/pizbube.ch\/en\/wp-json\/wp\/v2\/media\/33473"}],"wp:attachment":[{"href":"https:\/\/pizbube.ch\/en\/wp-json\/wp\/v2\/media?parent=150362"}],"wp:term":[{"taxonomy":"product_brand","embeddable":true,"href":"https:\/\/pizbube.ch\/en\/wp-json\/wp\/v2\/product_brand?post=150362"},{"taxonomy":"product_cat","embeddable":true,"href":"https:\/\/pizbube.ch\/en\/wp-json\/wp\/v2\/product_cat?post=150362"},{"taxonomy":"product_tag","embeddable":true,"href":"https:\/\/pizbube.ch\/en\/wp-json\/wp\/v2\/product_tag?post=150362"}],"curies":[{"name":"wp","href":"https:\/\/api.w.org\/{rel}","templated":true}]}}