{"id":150363,"date":"2021-01-15T11:02:12","date_gmt":"2021-01-15T11:02:12","guid":{"rendered":"https:\/\/codengine3.ch\/?product=import-placeholder-for-200934"},"modified":"2026-03-11T08:58:07","modified_gmt":"2026-03-11T07:58:07","slug":"oberalpstock-windgaellen-chaiserstock-kette-bis-oberalppass-urner-alpen","status":"publish","type":"product","link":"https:\/\/pizbube.ch\/en\/shop\/oberalpstock-windgaellen-chaiserstock-kette-bis-oberalppass-urner-alpen\/","title":{"rendered":"Oberalpstock \/ Windg\u00e4llen Chaiserstock-Kette bis Oberalppass Urner Alpen"},"content":{"rendered":"<p>Einzigartig, wild und wenig begangen ist die grossartige Wandflucht vom Gross<br \/>\nRuchen bis zum Rothorn.<br \/>\nIm Gegensatz dazu sind die alpinen Klettereien auf der Sonnenseite des<br \/>\nSch\u00e4chentals vielbegangen und ein Muss f\u00fcr den alpin orientierten<br \/>\nSportkletterer.<\/p>\n<p>Vom Maderanertal bis zum Etzlital, \u00fcber den Oberalpstock hinunter zum Vorder<br \/>\nRhein findet der Bergliebhaber jeder Pr\u00e4gung das ihm zusagende<br \/>\nBet\u00e4tigungsfeld.<\/p>\n<p>Kletterg\u00e4rten, auch f\u00fcr Kinder, klassische Gipfeltouren, leichte und<br \/>\nanspruchsvolle Wanderungen sind in diesem Buch vereinigt.<br \/>\n(ehemaliger SAC Clubf\u00fchrer `Urner Alpen Ost`)<\/p>\n<p>512 Seiten, 16 Farbfotos, 16 \u00dcbersichtskarten, 49 Routenfotos, 76 Routentopos<br \/>\n7. Auflage 2010<\/p>","protected":false},"excerpt":{"rendered":"<p>Einzigartig, wild und wenig begangen ist die grossartige Wandflucht vom Gross Ruchen bis zum Rothorn. Im Gegensatz dazu sind die alpinen Klettereien auf der Sonnenseite des Sch\u00e4chentals vielbegangen und ein Muss f\u00fcr den alpin orientierten Sportkletterer. Vom Maderanertal bis zum Etzlital, \u00fcber den Oberalpstock hinunter zum Vorder Rhein findet der Bergliebhaber jeder Pr\u00e4gung das ihm [&#8230;]\n","protected":false},"featured_media":183398,"template":"","meta":[],"product_brand":[],"product_cat":[21544],"product_tag":[],"class_list":{"0":"post-150363","1":"product","2":"type-product","3":"status-publish","4":"has-post-thumbnail","6":"product_cat-fuehrerliteratur-alpin-sommer","7":"pa_autor-fulin","8":"pa_erscheinungsjahr-21830","9":"pa_region-schweiz","10":"pa_sprache-de","12":"first","13":"instock","14":"taxable","15":"shipping-taxable","16":"purchasable","17":"product-type-simple"},"_links":{"self":[{"href":"https:\/\/pizbube.ch\/en\/wp-json\/wp\/v2\/product\/150363","targetHints":{"allow":["GET"]}}],"collection":[{"href":"https:\/\/pizbube.ch\/en\/wp-json\/wp\/v2\/product"}],"about":[{"href":"https:\/\/pizbube.ch\/en\/wp-json\/wp\/v2\/types\/product"}],"wp:featuredmedia":[{"embeddable":true,"href":"https:\/\/pizbube.ch\/en\/wp-json\/wp\/v2\/media\/183398"}],"wp:attachment":[{"href":"https:\/\/pizbube.ch\/en\/wp-json\/wp\/v2\/media?parent=150363"}],"wp:term":[{"taxonomy":"product_brand","embeddable":true,"href":"https:\/\/pizbube.ch\/en\/wp-json\/wp\/v2\/product_brand?post=150363"},{"taxonomy":"product_cat","embeddable":true,"href":"https:\/\/pizbube.ch\/en\/wp-json\/wp\/v2\/product_cat?post=150363"},{"taxonomy":"product_tag","embeddable":true,"href":"https:\/\/pizbube.ch\/en\/wp-json\/wp\/v2\/product_tag?post=150363"}],"curies":[{"name":"wp","href":"https:\/\/api.w.org\/{rel}","templated":true}]}}