{"id":150364,"date":"2021-01-15T11:02:12","date_gmt":"2021-01-15T11:02:12","guid":{"rendered":"https:\/\/codengine3.ch\/?product=import-placeholder-for-205017"},"modified":"2024-02-29T15:01:59","modified_gmt":"2024-02-29T14:01:59","slug":"dueae-baeaebae","status":"publish","type":"product","link":"https:\/\/pizbube.ch\/en\/shop\/dueae-baeaebae\/","title":{"rendered":"D\u00fc\u00e4 B\u00e4\u00e4b\u00e4"},"content":{"rendered":"<p>In verschiedener Hinsicht z\u00e4hlt das Maderanertal nach wie vor zu den<br \/>\neigentlichen Geheimtipps. Seit dem fr\u00fchen 19. Jh. wird das wildromantische<br \/>\nBergtal von Ferieng\u00e4sten, Naturfreunden und Alpinisten gerne aufgesucht. Dem<br \/>\nTourismus abseits der grossen Erholungszentren ist denn auch das ganze erste<br \/>\nKapitel von &#8218;D\u00fc\u00e4 B\u00e4\u00e4b\u00e4 -Maderanertal gestern-heute-morgen&#8217;gewidmet.<\/p>\n<p>Ein weiterer Themenkreis befasst sich mit der Talbev\u00f6lkerung, mit ihren<br \/>\nLebensgewohnheiten angesichts der Naturgewalten sowie mit der dortigen Sprache<br \/>\nund dem reichen Brauchtum. Ein dritter Schwerpunkt gilt der Gegenwart, aber<br \/>\nauch der Zukunft dieses von der Abwanderung zunehmend bedrohten Urner<br \/>\nSeitentales. Dabei bleibt weder die j\u00fcngste turbulente Geschichte rings um die<br \/>\nBristenstrasse noch die vor kurzem kontrovers gef\u00fchrte Frage nach einem<br \/>\nm\u00f6glichen Nationalpark ausgeklammert.<\/p>\n<p>Zudem wird der Textteil durch eine grossz\u00fcgige Bilddokumentation angenehm<br \/>\naufgelockert. Ein Muss also f\u00fcr alle, die sich auf eine erlebnisreiche<br \/>\nBegegnung mit dem Maderanertal einstimmen wollen. Ein Muss aber auch f\u00fcr jene,<br \/>\ndie ihre pers\u00f6nlichen Erinnerungen an dieses einmalige Tal wieder einmal<br \/>\nauffrischen und erg\u00e4nzen m\u00f6chten.<\/p>","protected":false},"excerpt":{"rendered":"<p>In verschiedener Hinsicht z\u00e4hlt das Maderanertal nach wie vor zu den eigentlichen Geheimtipps. Seit dem fr\u00fchen 19. Jh. wird das wildromantische Bergtal von Ferieng\u00e4sten, Naturfreunden und Alpinisten gerne aufgesucht. Dem Tourismus abseits der grossen Erholungszentren ist denn auch das ganze erste Kapitel von &#8218;D\u00fc\u00e4 B\u00e4\u00e4b\u00e4 -Maderanertal gestern-heute-morgen&#8217;gewidmet. Ein weiterer Themenkreis befasst sich mit der Talbev\u00f6lkerung, [&#8230;]\n","protected":false},"featured_media":33593,"template":"","meta":[],"product_brand":[],"product_cat":[21542],"product_tag":[],"class_list":{"0":"post-150364","1":"product","2":"type-product","3":"status-publish","4":"has-post-thumbnail","6":"product_cat-sachbuecher-dokumentationen","7":"pa_autor-aschwanden","8":"pa_erscheinungsjahr-21763","9":"pa_region-schweiz","10":"pa_sprache-de","12":"first","13":"outofstock","14":"taxable","15":"shipping-taxable","16":"purchasable","17":"product-type-simple"},"_links":{"self":[{"href":"https:\/\/pizbube.ch\/en\/wp-json\/wp\/v2\/product\/150364","targetHints":{"allow":["GET"]}}],"collection":[{"href":"https:\/\/pizbube.ch\/en\/wp-json\/wp\/v2\/product"}],"about":[{"href":"https:\/\/pizbube.ch\/en\/wp-json\/wp\/v2\/types\/product"}],"wp:featuredmedia":[{"embeddable":true,"href":"https:\/\/pizbube.ch\/en\/wp-json\/wp\/v2\/media\/33593"}],"wp:attachment":[{"href":"https:\/\/pizbube.ch\/en\/wp-json\/wp\/v2\/media?parent=150364"}],"wp:term":[{"taxonomy":"product_brand","embeddable":true,"href":"https:\/\/pizbube.ch\/en\/wp-json\/wp\/v2\/product_brand?post=150364"},{"taxonomy":"product_cat","embeddable":true,"href":"https:\/\/pizbube.ch\/en\/wp-json\/wp\/v2\/product_cat?post=150364"},{"taxonomy":"product_tag","embeddable":true,"href":"https:\/\/pizbube.ch\/en\/wp-json\/wp\/v2\/product_tag?post=150364"}],"curies":[{"name":"wp","href":"https:\/\/api.w.org\/{rel}","templated":true}]}}