{"id":150365,"date":"2021-01-15T11:02:12","date_gmt":"2021-01-15T11:02:12","guid":{"rendered":"https:\/\/codengine3.ch\/?product=import-placeholder-for-206977"},"modified":"2025-10-29T10:21:01","modified_gmt":"2025-10-29T09:21:01","slug":"uri-und-seine-taeler","status":"publish","type":"product","link":"https:\/\/pizbube.ch\/en\/shop\/uri-und-seine-taeler\/","title":{"rendered":"Uri und seine T\u00e4ler"},"content":{"rendered":"<p>Urner Reusstal, Urserental, westliche Seitent\u00e4ler<\/p>\n<p>Uri und seine T\u00e4ler ist ein praktischer Begleiter f\u00fcr Uri, in Uri, ausserhalb<br \/>\nUri!<\/p>\n<p>Das Buch beschreibt:<\/p>\n<div class=\"elementor-element elementor-element-4aeaede elementor-widget elementor-widget-text-editor\" data-id=\"4aeaede\" data-element_type=\"widget\" data-widget_type=\"text-editor.default\">\n<div class=\"elementor-widget-container\">\n<p>77 Urner Dreitausender.<br \/>\n7 Kletterf\u00fchrer, 6 Skitourenkarten, 1 Skitourenf\u00fchrer, 4 Wanderkarten.<br \/>\n65 Hotels, Gasth\u00e4user, H\u00fctten und Campingpl\u00e4tze.<br \/>\n3 bekannte Urner K\u00fcnstler.<br \/>\n13 westliche Seitent\u00e4ler, Urserental, Urner Reusstal und ihre D\u00f6rfer.<br \/>\nZufahrten zu den Urner Haupt- und Seitent\u00e4lern.<br \/>\n5 H\u00fctten im G\u00f6scheneralptal mit Portr\u00e4ts der H\u00fcttenwarte.<br \/>\n178 Kletterrouten im Urner Reusstal, Urserental, Leitschachtal, Schindlachtal, G\u00f6scheneralptal und Voralptal. Davon eignen sich 83 Kletterrouten als F\u00fchrertouren f\u00fcr Bergf\u00fchrer.<br \/>\n69 klassische und schwierige Kletterrouten an den W\u00e4nden Grandes Jorasses, Matterhorn, Mont Blanc, Drei Zinnen, Gross Ruchen, Les Droites, Scheideggwetterhorn und Eiger.<\/p>\n<p>Uri und seine T\u00e4ler ist 18 cm hoch, 13 cm breit, 3,5 cm dick, 640 g leicht,<br \/>\nhat 446 Seiten, ein satin Zeichenband und ist vierfarbig gedruckt auf Umweltschutzpapier 115g\/m2.<\/p>\n<\/div>\n<\/div>","protected":false},"excerpt":{"rendered":"<p>Urner Reusstal, Urserental, westliche Seitent\u00e4ler Uri und seine T\u00e4ler ist ein praktischer Begleiter f\u00fcr Uri, in Uri, ausserhalb Uri! Das Buch beschreibt: 77 Urner Dreitausender. 7 Kletterf\u00fchrer, 6 Skitourenkarten, 1 Skitourenf\u00fchrer, 4 Wanderkarten. 65 Hotels, Gasth\u00e4user, H\u00fctten und Campingpl\u00e4tze. 3 bekannte Urner K\u00fcnstler. 13 westliche Seitent\u00e4ler, Urserental, Urner Reusstal und ihre D\u00f6rfer. Zufahrten zu den [&#8230;]\n","protected":false},"featured_media":162462,"template":"","meta":[],"product_brand":[],"product_cat":[21539,21542],"product_tag":[],"class_list":{"0":"post-150365","1":"product","2":"type-product","3":"status-publish","4":"has-post-thumbnail","6":"product_cat-fuehrerliteratur-sportklettern-bouldern","7":"product_cat-sachbuecher-dokumentationen","8":"pa_autor-arnold","9":"pa_erscheinungsjahr-21610","10":"pa_region-schweiz","11":"pa_sprache-de","13":"first","14":"instock","15":"taxable","16":"shipping-taxable","17":"purchasable","18":"product-type-simple"},"_links":{"self":[{"href":"https:\/\/pizbube.ch\/en\/wp-json\/wp\/v2\/product\/150365","targetHints":{"allow":["GET"]}}],"collection":[{"href":"https:\/\/pizbube.ch\/en\/wp-json\/wp\/v2\/product"}],"about":[{"href":"https:\/\/pizbube.ch\/en\/wp-json\/wp\/v2\/types\/product"}],"wp:featuredmedia":[{"embeddable":true,"href":"https:\/\/pizbube.ch\/en\/wp-json\/wp\/v2\/media\/162462"}],"wp:attachment":[{"href":"https:\/\/pizbube.ch\/en\/wp-json\/wp\/v2\/media?parent=150365"}],"wp:term":[{"taxonomy":"product_brand","embeddable":true,"href":"https:\/\/pizbube.ch\/en\/wp-json\/wp\/v2\/product_brand?post=150365"},{"taxonomy":"product_cat","embeddable":true,"href":"https:\/\/pizbube.ch\/en\/wp-json\/wp\/v2\/product_cat?post=150365"},{"taxonomy":"product_tag","embeddable":true,"href":"https:\/\/pizbube.ch\/en\/wp-json\/wp\/v2\/product_tag?post=150365"}],"curies":[{"name":"wp","href":"https:\/\/api.w.org\/{rel}","templated":true}]}}