{"id":150367,"date":"2021-01-15T11:02:12","date_gmt":"2021-01-15T11:02:12","guid":{"rendered":"https:\/\/codengine3.ch\/?product=import-placeholder-for-206128"},"modified":"2021-01-15T14:46:38","modified_gmt":"2021-01-15T14:46:38","slug":"zentralschweizer-alpen-auswahlfuehrer-alpine-touren","status":"publish","type":"product","link":"https:\/\/pizbube.ch\/en\/shop\/zentralschweizer-alpen-auswahlfuehrer-alpine-touren\/","title":{"rendered":"Zentralschweizer Alpen &#8211; Auswahlf\u00fchrer Alpine Touren"},"content":{"rendered":"<p>Ausgew\u00e4hlte Touren zwischen Dammastock und T\u00f6di  <\/p>\n<p>Die Zentralschweizer Alpen: ein Synonym f\u00fcr atemberaubende Bergerlebnisse!<br \/>\nDieser v\u00f6llig neu gestaltete Auswahlf\u00fchrer beschreibt ann\u00e4hrend 500 spannende<br \/>\nTourenziele zwischen Dammastock und T\u00f6di. So vielf\u00e4ltig das Gebiet, so<br \/>\nunterschiedlich sind auch die detailliert beschriebenen Routen.<\/p>\n<p>Mehr als 150 Wanderungen\/H\u00fcttenanstiege, ca. 180 Kletterrouten, 120<br \/>\nHochtouren, sowie 9 Klettersteige werden in Wort und Bild ausf\u00fchrlich<br \/>\nbeschrieben. Gipfelziele f\u00fcr ein ganzes Leben!  <\/p>","protected":false},"excerpt":{"rendered":"<p>Ausgew\u00e4hlte Touren zwischen Dammastock und T\u00f6di Die Zentralschweizer Alpen: ein Synonym f\u00fcr atemberaubende Bergerlebnisse! Dieser v\u00f6llig neu gestaltete Auswahlf\u00fchrer beschreibt ann\u00e4hrend 500 spannende Tourenziele zwischen Dammastock und T\u00f6di. So vielf\u00e4ltig das Gebiet, so unterschiedlich sind auch die detailliert beschriebenen Routen. Mehr als 150 Wanderungen\/H\u00fcttenanstiege, ca. 180 Kletterrouten, 120 Hochtouren, sowie 9 Klettersteige werden in Wort [&#8230;]\n","protected":false},"featured_media":35052,"template":"","meta":[],"product_brand":[],"product_cat":[21544],"product_tag":[],"class_list":{"0":"post-150367","1":"product","2":"type-product","3":"status-publish","4":"has-post-thumbnail","6":"product_cat-fuehrerliteratur-alpin-sommer","7":"pa_autor-mueller","8":"pa_erscheinungsjahr-21830","9":"pa_region-schweiz","10":"pa_sprache-de","12":"first","13":"instock","14":"taxable","15":"shipping-taxable","16":"purchasable","17":"product-type-simple"},"_links":{"self":[{"href":"https:\/\/pizbube.ch\/en\/wp-json\/wp\/v2\/product\/150367","targetHints":{"allow":["GET"]}}],"collection":[{"href":"https:\/\/pizbube.ch\/en\/wp-json\/wp\/v2\/product"}],"about":[{"href":"https:\/\/pizbube.ch\/en\/wp-json\/wp\/v2\/types\/product"}],"wp:featuredmedia":[{"embeddable":true,"href":"https:\/\/pizbube.ch\/en\/wp-json\/wp\/v2\/media\/35052"}],"wp:attachment":[{"href":"https:\/\/pizbube.ch\/en\/wp-json\/wp\/v2\/media?parent=150367"}],"wp:term":[{"taxonomy":"product_brand","embeddable":true,"href":"https:\/\/pizbube.ch\/en\/wp-json\/wp\/v2\/product_brand?post=150367"},{"taxonomy":"product_cat","embeddable":true,"href":"https:\/\/pizbube.ch\/en\/wp-json\/wp\/v2\/product_cat?post=150367"},{"taxonomy":"product_tag","embeddable":true,"href":"https:\/\/pizbube.ch\/en\/wp-json\/wp\/v2\/product_tag?post=150367"}],"curies":[{"name":"wp","href":"https:\/\/api.w.org\/{rel}","templated":true}]}}