{"id":150368,"date":"2021-01-15T11:02:12","date_gmt":"2021-01-15T11:02:12","guid":{"rendered":"https:\/\/codengine3.ch\/?product=import-placeholder-for-200936"},"modified":"2021-01-15T11:02:17","modified_gmt":"2021-01-15T11:02:17","slug":"urner-alpen-3-susten-zum-uri-rotstock","status":"publish","type":"product","link":"https:\/\/pizbube.ch\/en\/shop\/urner-alpen-3-susten-zum-uri-rotstock\/","title":{"rendered":"Urner Alpen 3, Susten zum Uri Rotstock"},"content":{"rendered":"<p>SAC CLubf\u00fchrer:<br \/>\nKlettertouren Titlis, Wendenst\u00f6cke, Susten- Urirotstock mit vielen aktuellen<br \/>\nTopos.  <\/p>\n<p>Dieser Clubf\u00fchrer umfasst ein riesiges Angebot f\u00fcr den Bergfreund jeder<br \/>\nPr\u00e4gung, Beschrieben sind fl\u00e4chendeckend Kletterrouten (bis zum 9. Grad),<br \/>\nBergwanderungen und Touren in Fels und Eis. Nebst den viel begangenen Routen<br \/>\nam Sustenpass finden sich viele lohnende Gebiete fernab des grossen Rummels.<br \/>\nDas Kr\u00f6nten-, Leutschach- und auch das Sewen-Gebiet sind wahre Fundgruben f\u00fcr<br \/>\nden kletternden Bergsteiger. Auch der beschauliche Wanderer findet viele<br \/>\nsch\u00f6ne Wanderungen von H\u00fctte zu H\u00fctte.  <\/p>\n<p>T\u00e4llistock-Titliskette<br \/>\nF\u00fcnffingerst\u00f6ck- und Wendenhorn-Kette<br \/>\nGrassen-Spannort-Kette<br \/>\nHoch Sewen-Schafschijen-Kette  <\/p>\n<p>Kr\u00f6nten-M\u00e4ntliser-Kette<br \/>\nSchlossberg-Kette<br \/>\nUri-Rotstock-Gruppe  <\/p>","protected":false},"excerpt":{"rendered":"<p>SAC CLubf\u00fchrer: Klettertouren Titlis, Wendenst\u00f6cke, Susten- Urirotstock mit vielen aktuellen Topos. Dieser Clubf\u00fchrer umfasst ein riesiges Angebot f\u00fcr den Bergfreund jeder Pr\u00e4gung, Beschrieben sind fl\u00e4chendeckend Kletterrouten (bis zum 9. Grad), Bergwanderungen und Touren in Fels und Eis. Nebst den viel begangenen Routen am Sustenpass finden sich viele lohnende Gebiete fernab des grossen Rummels. Das Kr\u00f6nten-, [&#8230;]\n","protected":false},"featured_media":28074,"template":"","meta":[],"product_brand":[],"product_cat":[21544],"product_tag":[],"class_list":{"0":"post-150368","1":"product","2":"type-product","3":"status-publish","4":"has-post-thumbnail","6":"product_cat-fuehrerliteratur-alpin-sommer","7":"pa_autor-fullin","8":"pa_erscheinungsjahr-22150","9":"pa_region-schweiz","10":"pa_sprache-de","12":"first","13":"instock","14":"taxable","15":"shipping-taxable","16":"purchasable","17":"product-type-simple"},"_links":{"self":[{"href":"https:\/\/pizbube.ch\/en\/wp-json\/wp\/v2\/product\/150368","targetHints":{"allow":["GET"]}}],"collection":[{"href":"https:\/\/pizbube.ch\/en\/wp-json\/wp\/v2\/product"}],"about":[{"href":"https:\/\/pizbube.ch\/en\/wp-json\/wp\/v2\/types\/product"}],"wp:featuredmedia":[{"embeddable":true,"href":"https:\/\/pizbube.ch\/en\/wp-json\/wp\/v2\/media\/28074"}],"wp:attachment":[{"href":"https:\/\/pizbube.ch\/en\/wp-json\/wp\/v2\/media?parent=150368"}],"wp:term":[{"taxonomy":"product_brand","embeddable":true,"href":"https:\/\/pizbube.ch\/en\/wp-json\/wp\/v2\/product_brand?post=150368"},{"taxonomy":"product_cat","embeddable":true,"href":"https:\/\/pizbube.ch\/en\/wp-json\/wp\/v2\/product_cat?post=150368"},{"taxonomy":"product_tag","embeddable":true,"href":"https:\/\/pizbube.ch\/en\/wp-json\/wp\/v2\/product_tag?post=150368"}],"curies":[{"name":"wp","href":"https:\/\/api.w.org\/{rel}","templated":true}]}}