{"id":150369,"date":"2021-01-15T11:02:12","date_gmt":"2021-01-15T11:02:12","guid":{"rendered":"https:\/\/codengine3.ch\/?product=import-placeholder-for-201515"},"modified":"2026-01-20T09:15:44","modified_gmt":"2026-01-20T08:15:44","slug":"maderanertal","status":"publish","type":"product","link":"https:\/\/pizbube.ch\/en\/shop\/maderanertal\/","title":{"rendered":"Maderanertal"},"content":{"rendered":"<p>Das Maderanertal einst und jetzt<\/p>\n<p>Touristisch hat das Maderanertal eine vielf\u00e4ltige Kulturlandschaft und eine<br \/>\nwildromantische Gebirgslandschaft mit hervorragenden M\u00f6glichkeiten f\u00fcr<br \/>\nWanderer und Bergsteiger zu bieten. Dazu ein halbes Dutzend Bergh\u00fctten, viele<br \/>\nBerggasth\u00e4user und ein nostalgisches Hotel.<\/p>\n<p>Gepr\u00e4gt durch seine wilde Sch\u00f6nheit ist das tief eingeschnittene Tal eines der<br \/>\nurspr\u00fcnglichsten und intaktesten Bergt\u00e4ler der Schweizer Alpen und die<br \/>\nmarkanten Gipfel von Gross Windg\u00e4lle, Grosse D\u00fcssi und Oberalpstock bilden die<br \/>\nEckpfeiler eines grandiosen Panoramas.<\/p>\n<p>3. Auflage des beliebten heimatkundlichen Bandes \u00fcber das Madernarertal.<br \/>\nReich bebildert.<\/p>","protected":false},"excerpt":{"rendered":"<p>Das Maderanertal einst und jetzt Touristisch hat das Maderanertal eine vielf\u00e4ltige Kulturlandschaft und eine wildromantische Gebirgslandschaft mit hervorragenden M\u00f6glichkeiten f\u00fcr Wanderer und Bergsteiger zu bieten. Dazu ein halbes Dutzend Bergh\u00fctten, viele Berggasth\u00e4user und ein nostalgisches Hotel. Gepr\u00e4gt durch seine wilde Sch\u00f6nheit ist das tief eingeschnittene Tal eines der urspr\u00fcnglichsten und intaktesten Bergt\u00e4ler der Schweizer Alpen [&#8230;]\n","protected":false},"featured_media":28873,"template":"","meta":[],"product_brand":[],"product_cat":[21542],"product_tag":[],"class_list":{"0":"post-150369","1":"product","2":"type-product","3":"status-publish","4":"has-post-thumbnail","6":"product_cat-sachbuecher-dokumentationen","7":"pa_autor-nuenlist","8":"pa_erscheinungsjahr-22133","9":"pa_region-schweiz","10":"pa_sprache-de","12":"first","13":"outofstock","14":"taxable","15":"shipping-taxable","16":"purchasable","17":"product-type-simple"},"_links":{"self":[{"href":"https:\/\/pizbube.ch\/en\/wp-json\/wp\/v2\/product\/150369","targetHints":{"allow":["GET"]}}],"collection":[{"href":"https:\/\/pizbube.ch\/en\/wp-json\/wp\/v2\/product"}],"about":[{"href":"https:\/\/pizbube.ch\/en\/wp-json\/wp\/v2\/types\/product"}],"wp:featuredmedia":[{"embeddable":true,"href":"https:\/\/pizbube.ch\/en\/wp-json\/wp\/v2\/media\/28873"}],"wp:attachment":[{"href":"https:\/\/pizbube.ch\/en\/wp-json\/wp\/v2\/media?parent=150369"}],"wp:term":[{"taxonomy":"product_brand","embeddable":true,"href":"https:\/\/pizbube.ch\/en\/wp-json\/wp\/v2\/product_brand?post=150369"},{"taxonomy":"product_cat","embeddable":true,"href":"https:\/\/pizbube.ch\/en\/wp-json\/wp\/v2\/product_cat?post=150369"},{"taxonomy":"product_tag","embeddable":true,"href":"https:\/\/pizbube.ch\/en\/wp-json\/wp\/v2\/product_tag?post=150369"}],"curies":[{"name":"wp","href":"https:\/\/api.w.org\/{rel}","templated":true}]}}