{"id":150372,"date":"2021-01-15T11:02:12","date_gmt":"2021-01-15T11:02:12","guid":{"rendered":"https:\/\/codengine3.ch\/?product=import-placeholder-for-204509"},"modified":"2024-06-13T18:08:52","modified_gmt":"2024-06-13T16:08:52","slug":"steingletscher-am-sustenpass","status":"publish","type":"product","link":"https:\/\/pizbube.ch\/en\/shop\/steingletscher-am-sustenpass\/","title":{"rendered":"Steingletscher am Sustenpass"},"content":{"rendered":"<p>Der F\u00fchrer beschreibt das vielseitige Outdoor-Angebot im Gebiet Steingletscher<br \/>\nam Sustenpass.<\/p>\n<p>Als Kletter-Eldorado ist der \u00abStei\u00bb schon lange bekannt und wird demnach<br \/>\nh\u00e4ufig besucht. Dies ist vor allem den zahlreichen Routen in gem\u00e4ssigten<br \/>\nSchwierigkeitsgraden (3-5a) und der einwandfreien Absicherung zu verdanken. So<br \/>\nf\u00fchlen sich auch Kinder und Anf\u00e4nger schnell wohl und k\u00f6nnen erste Erfahrungen<br \/>\nam Fels sammeln. Aber auch Hardmover kommen nicht zu kurz: es stehen Routen<br \/>\nbis 7c+ bereit!<\/p>\n<p>Der Klettersteig zur Tierberglih\u00fctte wird ebenfalls beschrieben.<br \/>\nF\u00fcr Boulderer warten oberhalb des Hotels und auf der Schwemmebene Umpol<br \/>\nzahlreiche Bl\u00f6cke mit unz\u00e4hligen M\u00f6glichkeiten in bestem Susten-Gneis!<\/p>\n<p>Auch zum Wandern ist das Gebiet interessant: 6 Wanderungen (Rundwanderungen)<br \/>\nverschiedener L\u00e4ngen, Schwierigkeiten und Charakter werden ausf\u00fchrlich, mit<br \/>\nKarte und Text beschrieben. Die Touren f\u00fchren euch zu idyllischen Seen, \u00fcber<br \/>\nschmale Grate oder zu Kaffee und Kuchen via das Guferjoch zur benachbarten<br \/>\nSustlih\u00fctte.<br \/>\nNebst den bereits bekannten und sehr beliebten Ski- und Hochtouren wie dem<br \/>\nSusten- oder Gw\u00e4chtenhorn, werden einige \u00abGeheimtipps\u00bb vorgestellt. Die Touren<br \/>\nwerden mit Text-Beschreibungen, \u00dcbersichtsfotos, Karten sowie Pictos f\u00fcr<br \/>\nZeitaufwand, Steilheit, Exposition etc. detailliert beschrieben.<\/p>\n<p>Wer sich auf den Ski nicht wohl f\u00fchlt, die eindr\u00fcckliche Alpenlandschaft aber<br \/>\ntrotzdem hautnah erleben m\u00f6chte, dem sei das zweit\u00e4gige Gletschertrekking von<br \/>\nder Tierbergli- zur Chelenalph\u00fctte empfohlen.<br \/>\nEinem aktiven und erlebnisreichen Aufenthalt im Gebiet Steingletscher steht<br \/>\nnichts im Wege&#8230;<\/p>\n<p>4-farbig, 116 Seiten. 16 Klettersektoren, 1 Klettersteig, 10 Boulderbl\u00f6cke (48<br \/>\nBoulder!), 6 Wanderungen, 7 Ski- und Hochtourengipfel, 1 Gletschertrekking<br \/>\nSprachen D, E<\/p>","protected":false},"excerpt":{"rendered":"<ul>\n<li><a href=\"https:\/\/pizbube.ch\/wp-content\/uploads\/attachments\/a_014\/4EC343629E6596C284A9B65E855643EB.pdf\" target=\"_blank\" rel=\"noopener\">PDF: Leseprobe Steingletscher<\/a><\/li>\n<\/ul>","protected":false},"featured_media":162843,"template":"","meta":[],"product_brand":[],"product_cat":[21539],"product_tag":[],"class_list":{"0":"post-150372","1":"product","2":"type-product","3":"status-publish","4":"has-post-thumbnail","6":"product_cat-fuehrerliteratur-sportklettern-bouldern","7":"pa_autor-von-kaenel-zumbach-antz-gurtner","8":"pa_erscheinungsjahr-21550","9":"pa_region-schweiz","10":"pa_sprache-de-en","12":"first","13":"instock","14":"taxable","15":"shipping-taxable","16":"purchasable","17":"product-type-simple"},"_links":{"self":[{"href":"https:\/\/pizbube.ch\/en\/wp-json\/wp\/v2\/product\/150372","targetHints":{"allow":["GET"]}}],"collection":[{"href":"https:\/\/pizbube.ch\/en\/wp-json\/wp\/v2\/product"}],"about":[{"href":"https:\/\/pizbube.ch\/en\/wp-json\/wp\/v2\/types\/product"}],"wp:featuredmedia":[{"embeddable":true,"href":"https:\/\/pizbube.ch\/en\/wp-json\/wp\/v2\/media\/162843"}],"wp:attachment":[{"href":"https:\/\/pizbube.ch\/en\/wp-json\/wp\/v2\/media?parent=150372"}],"wp:term":[{"taxonomy":"product_brand","embeddable":true,"href":"https:\/\/pizbube.ch\/en\/wp-json\/wp\/v2\/product_brand?post=150372"},{"taxonomy":"product_cat","embeddable":true,"href":"https:\/\/pizbube.ch\/en\/wp-json\/wp\/v2\/product_cat?post=150372"},{"taxonomy":"product_tag","embeddable":true,"href":"https:\/\/pizbube.ch\/en\/wp-json\/wp\/v2\/product_tag?post=150372"}],"curies":[{"name":"wp","href":"https:\/\/api.w.org\/{rel}","templated":true}]}}