{"id":150374,"date":"2021-01-15T11:02:12","date_gmt":"2021-01-15T11:02:12","guid":{"rendered":"https:\/\/codengine3.ch\/?product=import-placeholder-for-200937"},"modified":"2021-01-15T11:02:17","modified_gmt":"2021-01-15T11:02:17","slug":"clubfuehrer-gotthard","status":"publish","type":"product","link":"https:\/\/pizbube.ch\/en\/shop\/clubfuehrer-gotthard\/","title":{"rendered":"Clubf\u00fchrer Gotthard"},"content":{"rendered":"<p>SAC Clubf\u00fchrer (Furka- Lukmanier)<br \/>\nDieser F\u00fchrer beschreibt rund 600 Routen und bietet zahlreiche Vorschl\u00e4ge f\u00fcr<br \/>\nerfahrene Bergwanderer, Fels- und Eistouren f\u00fcr klassische Alpinisten sowie<br \/>\nRouten f\u00fcr Kletterer. Er enth\u00e4lt Angaben zu s\u00e4mtlichen Gipfeln und \u00dcberg\u00e4ngen<br \/>\nim Gotthardgebiet sowie Informationen zu Geologie und Botanik.  <\/p>\n<p>Routenbeschreibungen<br \/>\nMuttenh\u00f6rner und Saash\u00f6rner<br \/>\nBlashorn &#8211; Pizzo Gallina<br \/>\nPizzo Nero &#8211; Poncione di Cassina Baggio<br \/>\nCh\u00fcebodenhorn &#8211; Witenwasserenstock<br \/>\nPizzo Lucendro &#8211; Winterhorn<br \/>\nPizzo Centrale &#8211; Gemsstock<br \/>\nPiz Alv &#8211; Badus<br \/>\nPiz Borel &#8211; Piz Cavradi<br \/>\nPiz Blas &#8211; Piz Paradis<br \/>\nPiz Rondadura &#8211; Piz Gannaretsch  <\/p>","protected":false},"excerpt":{"rendered":"<p>SAC Clubf\u00fchrer (Furka- Lukmanier) Dieser F\u00fchrer beschreibt rund 600 Routen und bietet zahlreiche Vorschl\u00e4ge f\u00fcr erfahrene Bergwanderer, Fels- und Eistouren f\u00fcr klassische Alpinisten sowie Routen f\u00fcr Kletterer. Er enth\u00e4lt Angaben zu s\u00e4mtlichen Gipfeln und \u00dcberg\u00e4ngen im Gotthardgebiet sowie Informationen zu Geologie und Botanik. Routenbeschreibungen Muttenh\u00f6rner und Saash\u00f6rner Blashorn &#8211; Pizzo Gallina Pizzo Nero &#8211; Poncione [&#8230;]\n","protected":false},"featured_media":28075,"template":"","meta":[],"product_brand":[],"product_cat":[21544],"product_tag":[],"class_list":{"0":"post-150374","1":"product","2":"type-product","3":"status-publish","4":"has-post-thumbnail","6":"product_cat-fuehrerliteratur-alpin-sommer","7":"pa_autor-hunziker-brandt","8":"pa_erscheinungsjahr-22112","9":"pa_region-schweiz","10":"pa_sprache-de","12":"first","13":"instock","14":"taxable","15":"shipping-taxable","16":"purchasable","17":"product-type-simple"},"_links":{"self":[{"href":"https:\/\/pizbube.ch\/en\/wp-json\/wp\/v2\/product\/150374","targetHints":{"allow":["GET"]}}],"collection":[{"href":"https:\/\/pizbube.ch\/en\/wp-json\/wp\/v2\/product"}],"about":[{"href":"https:\/\/pizbube.ch\/en\/wp-json\/wp\/v2\/types\/product"}],"wp:featuredmedia":[{"embeddable":true,"href":"https:\/\/pizbube.ch\/en\/wp-json\/wp\/v2\/media\/28075"}],"wp:attachment":[{"href":"https:\/\/pizbube.ch\/en\/wp-json\/wp\/v2\/media?parent=150374"}],"wp:term":[{"taxonomy":"product_brand","embeddable":true,"href":"https:\/\/pizbube.ch\/en\/wp-json\/wp\/v2\/product_brand?post=150374"},{"taxonomy":"product_cat","embeddable":true,"href":"https:\/\/pizbube.ch\/en\/wp-json\/wp\/v2\/product_cat?post=150374"},{"taxonomy":"product_tag","embeddable":true,"href":"https:\/\/pizbube.ch\/en\/wp-json\/wp\/v2\/product_tag?post=150374"}],"curies":[{"name":"wp","href":"https:\/\/api.w.org\/{rel}","templated":true}]}}