{"id":150375,"date":"2021-01-15T11:02:12","date_gmt":"2021-01-15T11:02:12","guid":{"rendered":"https:\/\/codengine3.ch\/?product=import-placeholder-for-200938"},"modified":"2021-04-21T14:41:47","modified_gmt":"2021-04-21T12:41:47","slug":"tessiner-alpen-1","status":"publish","type":"product","link":"https:\/\/pizbube.ch\/en\/shop\/tessiner-alpen-1\/","title":{"rendered":"Tessiner Alpen 1"},"content":{"rendered":"<p>SAC Clubf\u00fchrer (Gridone- St. Gotthard)<\/p>\n<p>Routenbeschreibung<br \/>\nGridone<br \/>\nPizzo Ruscada<br \/>\nPizzo di Mad\u00e9i und Mottone<br \/>\nTramalitt &#8211; Rosso di Ribia &#8211; Cima di Cat\u00f6gn<br \/>\nPizzo Molinera &#8211; Pizzo Mezzod\u00ec &#8211; Pizzo Cramalina &#8211; Salmone<br \/>\nPizzo Quadro &#8211; Madone &#8211; Pizzo Bomb\u00f6gn &#8211; Pizzo Stella<br \/>\nPizzo B\u00ecela &#8211; Pizzo d&#8217;Orsalietta &#8211; Pizzo della Cazzana &#8211; Madone die C\u00e0medo<br \/>\nHireli &#8211; Madone di Formazz\u00f6\u00f6 &#8211; Pizzo Fior\u00e8ra &#8211; Pizzo Sol\u00f6gna &#8211; Pizzo M\u00e8dola<br \/>\nTamierhorn &#8211; Bas\u00f2dino &#8211; Pizzo Pecora &#8211; Kastelhorn<br \/>\nPizzo Fiorina &#8211; Pizzo dell&#8217;Arzo &#8211; Pizzo San Giacomo<br \/>\nHelgenhorn &#8211; Klein Grieshorn &#8211; Nufenenstock<br \/>\nPizzo Gallina &#8211; Forcella<br \/>\nPoncione di Mani\u00f2- Pizzo Rotondo &#8211; Ronggergrat<br \/>\nPizzo Lucendro &#8211; Pizzo d&#8217;Orsino &#8211; Pizzo della Valletta &#8211; Fibbia<\/p>","protected":false},"excerpt":{"rendered":"<p>SAC Clubf\u00fchrer (Gridone- St. Gotthard) Routenbeschreibung Gridone Pizzo Ruscada Pizzo di Mad\u00e9i und Mottone Tramalitt &#8211; Rosso di Ribia &#8211; Cima di Cat\u00f6gn Pizzo Molinera &#8211; Pizzo Mezzod\u00ec &#8211; Pizzo Cramalina &#8211; Salmone Pizzo Quadro &#8211; Madone &#8211; Pizzo Bomb\u00f6gn &#8211; Pizzo Stella Pizzo B\u00ecela &#8211; Pizzo d&#8217;Orsalietta &#8211; Pizzo della Cazzana &#8211; Madone die [&#8230;]\n","protected":false},"featured_media":28076,"template":"","meta":[],"product_brand":[],"product_cat":[21544],"product_tag":[],"class_list":{"0":"post-150375","1":"product","2":"type-product","3":"status-publish","4":"has-post-thumbnail","6":"product_cat-fuehrerliteratur-alpin-sommer","7":"pa_autor-brenna","8":"pa_erscheinungsjahr-22246","9":"pa_region-schweiz","10":"pa_sprache-de","12":"first","13":"instock","14":"taxable","15":"shipping-taxable","16":"purchasable","17":"product-type-simple"},"_links":{"self":[{"href":"https:\/\/pizbube.ch\/en\/wp-json\/wp\/v2\/product\/150375","targetHints":{"allow":["GET"]}}],"collection":[{"href":"https:\/\/pizbube.ch\/en\/wp-json\/wp\/v2\/product"}],"about":[{"href":"https:\/\/pizbube.ch\/en\/wp-json\/wp\/v2\/types\/product"}],"wp:featuredmedia":[{"embeddable":true,"href":"https:\/\/pizbube.ch\/en\/wp-json\/wp\/v2\/media\/28076"}],"wp:attachment":[{"href":"https:\/\/pizbube.ch\/en\/wp-json\/wp\/v2\/media?parent=150375"}],"wp:term":[{"taxonomy":"product_brand","embeddable":true,"href":"https:\/\/pizbube.ch\/en\/wp-json\/wp\/v2\/product_brand?post=150375"},{"taxonomy":"product_cat","embeddable":true,"href":"https:\/\/pizbube.ch\/en\/wp-json\/wp\/v2\/product_cat?post=150375"},{"taxonomy":"product_tag","embeddable":true,"href":"https:\/\/pizbube.ch\/en\/wp-json\/wp\/v2\/product_tag?post=150375"}],"curies":[{"name":"wp","href":"https:\/\/api.w.org\/{rel}","templated":true}]}}