{"id":150376,"date":"2021-01-15T11:02:12","date_gmt":"2021-01-15T11:02:12","guid":{"rendered":"https:\/\/codengine3.ch\/?product=import-placeholder-for-203351"},"modified":"2025-07-12T13:44:00","modified_gmt":"2025-07-12T11:44:00","slug":"alpinwandern-tessin","status":"publish","type":"product","link":"https:\/\/pizbube.ch\/en\/shop\/alpinwandern-tessin\/","title":{"rendered":"Alpinwandern Tessin"},"content":{"rendered":"<p>Dieser F\u00fchrer beschreibt einsame, zum Teil anspruchsvolle Wanderungen durch<br \/>\nwenig bekannte Gebiete der Tessiner Alpen. Die Auswahl umfasst eine grosse<br \/>\nRundwanderung um die Kantonsgrenze vom Monte Generoso hinauf zum Gotthard und<br \/>\ns\u00fcdw\u00e4rts zum Monte Lema. Zus\u00e4tzlich werden Rundwanderungen um die Massive von<br \/>\nPizzo Campo Tencia und Cristallina sowie Wege und Kreten in den Hauptt\u00e4lern<br \/>\nBlenio, Leventina, Verzasca und Maggia vorgestellt.<\/p>\n<p>Insgesamt ergeben sich so 50 vielf\u00e4ltig kombinierbare Tagesetappen,<br \/>\nerwanderbar in l\u00e4ngeren Trekkings (Via Alta della Verzasca) wie auch in Tages-<br \/>\noder Wochenendtouren. Alle Wegbeschreibungen sind durch Routenkarten,<br \/>\nH\u00f6henprofile und touristische Angaben erg\u00e4nzt. Zahlreiche, grossz\u00fcgig<br \/>\nbebilderte Hintergrundtexte zu Geschichte, Kultur und Natur laden auch Geist<br \/>\nund Seele zum Mitwandern ein und helfen, die Besonderheit der Tessiner Alpen<br \/>\nbesser zu erfassen.<\/p>\n<p>2. erweiterte und \u00fcberarbeitete Auflage, 352 Seiten, durchwegs vierfarbig<br \/>\nbebildet.<\/p>","protected":false},"excerpt":{"rendered":"<p>Dieser F\u00fchrer beschreibt einsame, zum Teil anspruchsvolle Wanderungen durch wenig bekannte Gebiete der Tessiner Alpen. Die Auswahl umfasst eine grosse Rundwanderung um die Kantonsgrenze vom Monte Generoso hinauf zum Gotthard und s\u00fcdw\u00e4rts zum Monte Lema. Zus\u00e4tzlich werden Rundwanderungen um die Massive von Pizzo Campo Tencia und Cristallina sowie Wege und Kreten in den Hauptt\u00e4lern Blenio, [&#8230;]\n","protected":false},"featured_media":30940,"template":"","meta":[],"product_brand":[],"product_cat":[21605],"product_tag":[],"class_list":{"0":"post-150376","1":"product","2":"type-product","3":"status-publish","4":"has-post-thumbnail","6":"product_cat-wanderfuehrer-trekking","7":"pa_autor-volken-kundert-valsesia","8":"pa_erscheinungsjahr-21693","9":"pa_region-schweiz","10":"pa_sprache-de","12":"first","13":"outofstock","14":"taxable","15":"shipping-taxable","16":"purchasable","17":"product-type-simple"},"_links":{"self":[{"href":"https:\/\/pizbube.ch\/en\/wp-json\/wp\/v2\/product\/150376","targetHints":{"allow":["GET"]}}],"collection":[{"href":"https:\/\/pizbube.ch\/en\/wp-json\/wp\/v2\/product"}],"about":[{"href":"https:\/\/pizbube.ch\/en\/wp-json\/wp\/v2\/types\/product"}],"wp:featuredmedia":[{"embeddable":true,"href":"https:\/\/pizbube.ch\/en\/wp-json\/wp\/v2\/media\/30940"}],"wp:attachment":[{"href":"https:\/\/pizbube.ch\/en\/wp-json\/wp\/v2\/media?parent=150376"}],"wp:term":[{"taxonomy":"product_brand","embeddable":true,"href":"https:\/\/pizbube.ch\/en\/wp-json\/wp\/v2\/product_brand?post=150376"},{"taxonomy":"product_cat","embeddable":true,"href":"https:\/\/pizbube.ch\/en\/wp-json\/wp\/v2\/product_cat?post=150376"},{"taxonomy":"product_tag","embeddable":true,"href":"https:\/\/pizbube.ch\/en\/wp-json\/wp\/v2\/product_tag?post=150376"}],"curies":[{"name":"wp","href":"https:\/\/api.w.org\/{rel}","templated":true}]}}