{"id":150377,"date":"2021-01-15T11:02:13","date_gmt":"2021-01-15T11:02:13","guid":{"rendered":"https:\/\/codengine3.ch\/?product=import-placeholder-for-200939"},"modified":"2025-07-05T12:25:47","modified_gmt":"2025-07-05T10:25:47","slug":"tessiner-alpen-2","status":"publish","type":"product","link":"https:\/\/pizbube.ch\/en\/shop\/tessiner-alpen-2\/","title":{"rendered":"Tessiner Alpen 2"},"content":{"rendered":"<p>SAC Clubf\u00fchrer (von der Cristallina zum Sassariente)<\/p>\n<p><span class=\"value\">Dieser Clubf\u00fchrer deckt ein Gebiet von 1600 km2 ab. Er beschreibt ungef\u00e4hr 300 Gipfel und 176 \u00dcberg\u00e4nge, erz\u00e4hlt von tiefen T\u00e4lern mit \u00fcppiger Vegetation, von zerfallenen Wegen und verlassenen Alpen, von B\u00e4chen mit kristallklarem Wasser, von saphirblauen Seen, von Fels- und Grasgipfeln, Firnen und Gletschern. Er umfasst das aussergew\u00f6hnlichste, wildeste Naturgebiet unseres Landes.<\/span><\/p>\n<p>Routenbeschreibungen<br \/>\nPizzo Cavagn\u00f6\u00f6 &#8211; Cima di Lago &#8211; Cristallina &#8211; Cima delle Donne<br \/>\nCavallo del Toro &#8211; Poncione di Braga &#8211; Pizzo Castello &#8211; Pizzo d&#8217;Ogli\u00e8 &#8211; Pizzo<br \/>\nPar\u00e0ula<br \/>\nPizzo del Lago Scuro &#8211; Pizzo di R\u00f6d &#8211; Pizzo Mascarpino<br \/>\nIl Madone &#8211; Poncione di Vespero &#8211; Pizzo Massari<br \/>\nPizzo Campolungo &#8211; Pizzo Campo Tencia<br \/>\nPizzo Barone &#8211; Corona di Red\u00f2rta &#8211; Cima di Cagn\u00f3i<br \/>\nMonte Zucchero &#8211; Rasiva &#8211; Poncione della Marcia<br \/>\nPizzo dei Ch\u00e8nt &#8211; Pizzo delle Pecore &#8211; Sasso Bello<br \/>\nPizzo Alb\u00e8r &#8211; Poncione Piancascia &#8211; Madom da Sgi\u00f3f &#8211; Cima della Trosa<br \/>\nPizzo di Pianc\u00f3i &#8211; Cima Bianca &#8211; Madom Gr\u00f6ss &#8211; Cima d&#8217;Efra<br \/>\nScaiee &#8211; Cima di Gagnone &#8211; Poncione d&#8217;Alnasca &#8211; F\u00f6pia<br \/>\nCima di Rierna &#8211; Poncione Rosso &#8211; Poncione di Piotta<br \/>\nPizzo di Vogorno &#8211; Madone &#8211; Cima dell&#8217;Uomo &#8211; Gaggio &#8211; Sassariente<\/p>\n<p>552 Seiten,<br \/>\n14 \u00dcbersichtskarten, 62 Routenfotos, 25 Routentopos<\/p>","protected":false},"excerpt":{"rendered":"<p>SAC Clubf\u00fchrer (von der Cristallina zum Sassariente) Dieser Clubf\u00fchrer deckt ein Gebiet von 1600 km2 ab. Er beschreibt ungef\u00e4hr 300 Gipfel und 176 \u00dcberg\u00e4nge, erz\u00e4hlt von tiefen T\u00e4lern mit \u00fcppiger Vegetation, von zerfallenen Wegen und verlassenen Alpen, von B\u00e4chen mit kristallklarem Wasser, von saphirblauen Seen, von Fels- und Grasgipfeln, Firnen und Gletschern. Er umfasst das [&#8230;]\n","protected":false},"featured_media":180356,"template":"","meta":[],"product_brand":[],"product_cat":[21544],"product_tag":[],"class_list":{"0":"post-150377","1":"product","2":"type-product","3":"status-publish","4":"has-post-thumbnail","6":"product_cat-fuehrerliteratur-alpin-sommer","7":"pa_autor-brenna","8":"pa_erscheinungsjahr-22246","9":"pa_region-schweiz","10":"pa_sprache-de","12":"first","13":"instock","14":"taxable","15":"shipping-taxable","16":"purchasable","17":"product-type-simple"},"_links":{"self":[{"href":"https:\/\/pizbube.ch\/en\/wp-json\/wp\/v2\/product\/150377","targetHints":{"allow":["GET"]}}],"collection":[{"href":"https:\/\/pizbube.ch\/en\/wp-json\/wp\/v2\/product"}],"about":[{"href":"https:\/\/pizbube.ch\/en\/wp-json\/wp\/v2\/types\/product"}],"wp:featuredmedia":[{"embeddable":true,"href":"https:\/\/pizbube.ch\/en\/wp-json\/wp\/v2\/media\/180356"}],"wp:attachment":[{"href":"https:\/\/pizbube.ch\/en\/wp-json\/wp\/v2\/media?parent=150377"}],"wp:term":[{"taxonomy":"product_brand","embeddable":true,"href":"https:\/\/pizbube.ch\/en\/wp-json\/wp\/v2\/product_brand?post=150377"},{"taxonomy":"product_cat","embeddable":true,"href":"https:\/\/pizbube.ch\/en\/wp-json\/wp\/v2\/product_cat?post=150377"},{"taxonomy":"product_tag","embeddable":true,"href":"https:\/\/pizbube.ch\/en\/wp-json\/wp\/v2\/product_tag?post=150377"}],"curies":[{"name":"wp","href":"https:\/\/api.w.org\/{rel}","templated":true}]}}