{"id":150378,"date":"2021-01-15T11:02:13","date_gmt":"2021-01-15T11:02:13","guid":{"rendered":"https:\/\/codengine3.ch\/?product=import-placeholder-for-201428"},"modified":"2021-01-15T12:01:30","modified_gmt":"2021-01-15T12:01:30","slug":"campo-tencia","status":"publish","type":"product","link":"https:\/\/pizbube.ch\/en\/shop\/campo-tencia\/","title":{"rendered":"Campo Tencia"},"content":{"rendered":"<p>Dokumentation \u00fcber den &#8218;Berg mit dem schmutzigen Fels&#8217;&#8230;<\/p>\n<p>Dieses B\u00fcchlein beschreibt die Gegend des Campo Tencia. Dies sowohl als<br \/>\nWandergebiet, indem es verschiedene ein- oder mehrt\u00e4gige Routen vorschl\u00e4gt,<br \/>\nals auch vom wissenschaftlichen Standpunkt aus, den die Publikation mit dem<br \/>\nBeschrieb der Eigenheiten und Merkw\u00fcrdigkeiten der Blumen- und Tierwelt dieses<br \/>\nfaszinierenden Massifs ber\u00fccksichtigt. Im Besonderen geht das B\u00fcchlein auch<br \/>\nauf die glaziologischen Ver\u00e4nderungen des Ghiacciaio di Croslina ein.<\/p>","protected":false},"excerpt":{"rendered":"<p>Dokumentation \u00fcber den &#8218;Berg mit dem schmutzigen Fels&#8217;&#8230; Dieses B\u00fcchlein beschreibt die Gegend des Campo Tencia. Dies sowohl als Wandergebiet, indem es verschiedene ein- oder mehrt\u00e4gige Routen vorschl\u00e4gt, als auch vom wissenschaftlichen Standpunkt aus, den die Publikation mit dem Beschrieb der Eigenheiten und Merkw\u00fcrdigkeiten der Blumen- und Tierwelt dieses faszinierenden Massifs ber\u00fccksichtigt. Im Besonderen geht [&#8230;]\n","protected":false},"featured_media":28771,"template":"","meta":[],"product_brand":[],"product_cat":[21542],"product_tag":[],"class_list":{"0":"post-150378","1":"product","2":"type-product","3":"status-publish","4":"has-post-thumbnail","6":"product_cat-sachbuecher-dokumentationen","7":"pa_autor-valsecchi","8":"pa_erscheinungsjahr-22060","9":"pa_region-schweiz","10":"pa_sprache-de","12":"first","13":"outofstock","14":"taxable","15":"shipping-taxable","16":"purchasable","17":"product-type-simple"},"_links":{"self":[{"href":"https:\/\/pizbube.ch\/en\/wp-json\/wp\/v2\/product\/150378","targetHints":{"allow":["GET"]}}],"collection":[{"href":"https:\/\/pizbube.ch\/en\/wp-json\/wp\/v2\/product"}],"about":[{"href":"https:\/\/pizbube.ch\/en\/wp-json\/wp\/v2\/types\/product"}],"wp:featuredmedia":[{"embeddable":true,"href":"https:\/\/pizbube.ch\/en\/wp-json\/wp\/v2\/media\/28771"}],"wp:attachment":[{"href":"https:\/\/pizbube.ch\/en\/wp-json\/wp\/v2\/media?parent=150378"}],"wp:term":[{"taxonomy":"product_brand","embeddable":true,"href":"https:\/\/pizbube.ch\/en\/wp-json\/wp\/v2\/product_brand?post=150378"},{"taxonomy":"product_cat","embeddable":true,"href":"https:\/\/pizbube.ch\/en\/wp-json\/wp\/v2\/product_cat?post=150378"},{"taxonomy":"product_tag","embeddable":true,"href":"https:\/\/pizbube.ch\/en\/wp-json\/wp\/v2\/product_tag?post=150378"}],"curies":[{"name":"wp","href":"https:\/\/api.w.org\/{rel}","templated":true}]}}