{"id":150381,"date":"2021-01-15T11:02:13","date_gmt":"2021-01-15T11:02:13","guid":{"rendered":"https:\/\/codengine3.ch\/?product=import-placeholder-for-203904"},"modified":"2021-01-15T14:27:46","modified_gmt":"2021-01-15T14:27:46","slug":"cristallina-ein-traum-im-winter-und-sommer","status":"publish","type":"product","link":"https:\/\/pizbube.ch\/en\/shop\/cristallina-ein-traum-im-winter-und-sommer\/","title":{"rendered":"Cristallina Ein Traum im Winter und Sommer"},"content":{"rendered":"<p>Ein Taschenbuch, das eine der bestbekannten Regionen und der meistbesuchten<br \/>\nH\u00fctten des ganzen Alpenkammes vorstellt. Die reich bebilderte Publikation<br \/>\nschildert die Geschichte der H\u00fctte: den Bau der ersten H\u00fctte, 1938, in der<br \/>\nVorkriegszeit, die nachfolgende Modernisierung und die Lawinenniederg\u00e4nge, die<br \/>\ndie H\u00fctte mehrmals besch\u00e4digt und im Februar 1999 vollst\u00e4ndig zerst\u00f6rt haben.<br \/>\nSchliesslich die sofortige Reaktion der Sektion Ticino des Schweizer Alpen-<br \/>\nClubs, die in einem Kraftakt zur Wiederauferstehung der Capanna Cristallina im<br \/>\nJahre 2002 f\u00fchrte.<br \/>\nAuf dem Passo del Cristallina gelegen, ist die H\u00fctte ein Vorzeigeobjekt<br \/>\nbez\u00fcglich der Funktionalit\u00e4t und der Modernisierung einer Unterkunft im<br \/>\nHochgebirge.<br \/>\nDas B\u00fcchlein handelt aber nicht nur von der Geschichte der H\u00fctte. Angelo<br \/>\nValsecchi zeigt verschiedene naturkundliche Aspekte auf, die dieses Gebiet<br \/>\nauszeichnen: Geologie, Mineralogie, Flora, Fauna etc.<br \/>\nEin wichtiges Thema bilden auch die Sommer- und Winterrouten, die von der<br \/>\nUmgebung der H\u00fctte ausgehen. 64 S.<\/p>","protected":false},"excerpt":{"rendered":"<p>Ein Taschenbuch, das eine der bestbekannten Regionen und der meistbesuchten H\u00fctten des ganzen Alpenkammes vorstellt. Die reich bebilderte Publikation schildert die Geschichte der H\u00fctte: den Bau der ersten H\u00fctte, 1938, in der Vorkriegszeit, die nachfolgende Modernisierung und die Lawinenniederg\u00e4nge, die die H\u00fctte mehrmals besch\u00e4digt und im Februar 1999 vollst\u00e4ndig zerst\u00f6rt haben. Schliesslich die sofortige Reaktion [&#8230;]\n","protected":false},"featured_media":31614,"template":"","meta":[],"product_brand":[],"product_cat":[21542],"product_tag":[],"class_list":{"0":"post-150381","1":"product","2":"type-product","3":"status-publish","4":"has-post-thumbnail","6":"product_cat-sachbuecher-dokumentationen","7":"pa_autor-valsecchi","8":"pa_erscheinungsjahr-22144","9":"pa_region-schweiz","10":"pa_sprache-de","12":"first","13":"outofstock","14":"taxable","15":"shipping-taxable","16":"purchasable","17":"product-type-simple"},"_links":{"self":[{"href":"https:\/\/pizbube.ch\/en\/wp-json\/wp\/v2\/product\/150381","targetHints":{"allow":["GET"]}}],"collection":[{"href":"https:\/\/pizbube.ch\/en\/wp-json\/wp\/v2\/product"}],"about":[{"href":"https:\/\/pizbube.ch\/en\/wp-json\/wp\/v2\/types\/product"}],"wp:featuredmedia":[{"embeddable":true,"href":"https:\/\/pizbube.ch\/en\/wp-json\/wp\/v2\/media\/31614"}],"wp:attachment":[{"href":"https:\/\/pizbube.ch\/en\/wp-json\/wp\/v2\/media?parent=150381"}],"wp:term":[{"taxonomy":"product_brand","embeddable":true,"href":"https:\/\/pizbube.ch\/en\/wp-json\/wp\/v2\/product_brand?post=150381"},{"taxonomy":"product_cat","embeddable":true,"href":"https:\/\/pizbube.ch\/en\/wp-json\/wp\/v2\/product_cat?post=150381"},{"taxonomy":"product_tag","embeddable":true,"href":"https:\/\/pizbube.ch\/en\/wp-json\/wp\/v2\/product_tag?post=150381"}],"curies":[{"name":"wp","href":"https:\/\/api.w.org\/{rel}","templated":true}]}}