{"id":150386,"date":"2021-01-15T11:02:13","date_gmt":"2021-01-15T11:02:13","guid":{"rendered":"https:\/\/codengine3.ch\/?product=import-placeholder-for-200943"},"modified":"2021-01-15T11:02:19","modified_gmt":"2021-01-15T11:02:19","slug":"berner-voralpen","status":"publish","type":"product","link":"https:\/\/pizbube.ch\/en\/shop\/berner-voralpen\/","title":{"rendered":"Berner Voralpen"},"content":{"rendered":"<p>\nVon Gstaad bis Meiringen  <\/p>\n<p>SAC Clubf\u00fchrer: Alle wichtigen Gipfel und \u00dcberg\u00e4nge des Gebietes von Gsteig<br \/>\nbis nach Meiringen in einem Band beschrieben!  <\/p>\n<p>Routenbeschreibungen<br \/>\nGiferspitz-Gruppe, Niesengrat<br \/>\nSpillgerten &#8211; Niderhorn &#8211; Turnen<br \/>\nGantrisch-Gruppe, Trimlenhorn &#8211; Chemiflue<br \/>\nStockhorn-Gruppe<br \/>\nAlbristhorn &#8211; M\u00e4nnliflue- Nisengrat<br \/>\nChlyne Lohner &#8211; Elsighorn<br \/>\nD\u00fcndenhorn &#8211; \u00c4rmighorn- Gehrihorn<br \/>\nSchilthorn &#8211; Schwalmere &#8211; Morgenberghorn<br \/>\nM\u00e4nnlichen &#8211; Faulhorn &#8211; Schwarzhorn<br \/>\nSigriswiler Rothorn &#8211; Hohgant<br \/>\nAugstmatthorn &#8211; Brienzer Rothorn  <\/p>","protected":false},"excerpt":{"rendered":"<p>Von Gstaad bis Meiringen SAC Clubf\u00fchrer: Alle wichtigen Gipfel und \u00dcberg\u00e4nge des Gebietes von Gsteig bis nach Meiringen in einem Band beschrieben! Routenbeschreibungen Giferspitz-Gruppe, Niesengrat Spillgerten &#8211; Niderhorn &#8211; Turnen Gantrisch-Gruppe, Trimlenhorn &#8211; Chemiflue Stockhorn-Gruppe Albristhorn &#8211; M\u00e4nnliflue- Nisengrat Chlyne Lohner &#8211; Elsighorn D\u00fcndenhorn &#8211; \u00c4rmighorn- Gehrihorn Schilthorn &#8211; Schwalmere &#8211; Morgenberghorn M\u00e4nnlichen &#8211; Faulhorn [&#8230;]\n","protected":false},"featured_media":28083,"template":"","meta":[],"product_brand":[],"product_cat":[21544],"product_tag":[],"class_list":{"0":"post-150386","1":"product","2":"type-product","3":"status-publish","4":"has-post-thumbnail","6":"product_cat-fuehrerliteratur-alpin-sommer","7":"pa_autor-gerber","8":"pa_erscheinungsjahr-22133","9":"pa_region-schweiz","10":"pa_sprache-de","12":"first","13":"instock","14":"taxable","15":"shipping-taxable","16":"purchasable","17":"product-type-simple"},"_links":{"self":[{"href":"https:\/\/pizbube.ch\/en\/wp-json\/wp\/v2\/product\/150386","targetHints":{"allow":["GET"]}}],"collection":[{"href":"https:\/\/pizbube.ch\/en\/wp-json\/wp\/v2\/product"}],"about":[{"href":"https:\/\/pizbube.ch\/en\/wp-json\/wp\/v2\/types\/product"}],"wp:featuredmedia":[{"embeddable":true,"href":"https:\/\/pizbube.ch\/en\/wp-json\/wp\/v2\/media\/28083"}],"wp:attachment":[{"href":"https:\/\/pizbube.ch\/en\/wp-json\/wp\/v2\/media?parent=150386"}],"wp:term":[{"taxonomy":"product_brand","embeddable":true,"href":"https:\/\/pizbube.ch\/en\/wp-json\/wp\/v2\/product_brand?post=150386"},{"taxonomy":"product_cat","embeddable":true,"href":"https:\/\/pizbube.ch\/en\/wp-json\/wp\/v2\/product_cat?post=150386"},{"taxonomy":"product_tag","embeddable":true,"href":"https:\/\/pizbube.ch\/en\/wp-json\/wp\/v2\/product_tag?post=150386"}],"curies":[{"name":"wp","href":"https:\/\/api.w.org\/{rel}","templated":true}]}}