{"id":150388,"date":"2021-01-15T11:02:13","date_gmt":"2021-01-15T11:02:13","guid":{"rendered":"https:\/\/codengine3.ch\/?product=import-placeholder-for-208488"},"modified":"2021-01-15T17:54:34","modified_gmt":"2021-01-15T17:54:34","slug":"die-mythen-im-herzen-der-schweiz","status":"publish","type":"product","link":"https:\/\/pizbube.ch\/en\/shop\/die-mythen-im-herzen-der-schweiz\/","title":{"rendered":"Die Mythen &#8211; Im Herzen der Schweiz"},"content":{"rendered":"<p>Im Herz der Schweiz<\/p>\n<p>Dreissigtausend Menschen nehmen jedes Jahr den gut gesicherten Weg auf den<br \/>\nGrossen Mythen unter die F\u00fcsse. Der Aufstieg ist eindr\u00fccklich, der Tiefblick<br \/>\nnach Schwyz und auf den Vierwaldst\u00e4dtersee, die Sicht in die Alpen und in die<br \/>\nFerne sind \u00fcberw\u00e4ltigend. Man nennt den Grossen Mythen auch das \u00abMatterhorn<br \/>\nder Wanderer\u00bb. Wer einmal oben war, kehrt immer wieder. Einige schaffen es<br \/>\n\u00fcber hundert Mal \u2013 im Jahr. Andere ziehen die einsamen, aber anspruchsvollen<br \/>\nAufstiege vor, den Schafweg mit dem legend\u00e4ren Nollenbr\u00fcnneli oder den<br \/>\nNordgrat auf den Haggenspitz und den Kleinen Mythen. Kletterer haben Routen in<br \/>\nallen Schwierigkeitsgraden durch die Felsw\u00e4nde erschlossen, die zu den<br \/>\nfeinsten weit und breit geh\u00f6ren. Mit etwas Fantasie erkennt man in der bei<br \/>\nK\u00fcnstlern beliebten Ansicht von Westen eine Herzform. Auch in der Geschichte<br \/>\ndes Landes kann man die Mythen als \u00abHerz der Schweiz\u00bb bezeichnen, geh\u00f6ren sie<br \/>\ndoch zum Grundbesitz der Genossame Schwyz, die am Ursprung der<br \/>\nEidgenossenschaft steht. Dass die Mythen das Zentrum des Wandgem\u00e4ldes im<br \/>\nNationalratssaal bilden, unterstreicht ihre Bedeutung und ihre Symbolkraft.  <\/p>\n<p>Die Mythen geh\u00f6ren zum Mythos der Schweiz. Bl\u00e4ttert man durchs G\u00e4stebuch des<br \/>\nGipfelhauses, so wird klar, dass nicht nur Schweizerinnen und Schweizer die<br \/>\nMythen in ihr Herz geschlossen haben. In allen Sprachen der Welt schw\u00e4rmen<br \/>\nMenschen vom Gipfel, den sie mit eigener Muskelkraft und etwas Mut erreicht<br \/>\nhaben. Man sp\u00fcrt, wie begl\u00fcckt sie sind von der einzigartigen Aura des Ortes<br \/>\nhoch \u00fcber dem Land. Die Mythen sind Teil der Geschichte der Schweiz, sie haben<br \/>\naber auch ihre eigene faszinierende Geschichte. Geschrieben haben sie unter<br \/>\nanderem die Mythenfreunde mit ihrem unerm\u00fcdlichen Einsatz f\u00fcr den Unterhalt<br \/>\ndes Wegs und des Gipfelhauses \u2013 und das seit 150 Jahren.<\/p>","protected":false},"excerpt":{"rendered":"<p>Im Herz der Schweiz Dreissigtausend Menschen nehmen jedes Jahr den gut gesicherten Weg auf den Grossen Mythen unter die F\u00fcsse. Der Aufstieg ist eindr\u00fccklich, der Tiefblick nach Schwyz und auf den Vierwaldst\u00e4dtersee, die Sicht in die Alpen und in die Ferne sind \u00fcberw\u00e4ltigend. Man nennt den Grossen Mythen auch das \u00abMatterhorn der Wanderer\u00bb. Wer einmal [&#8230;]\n","protected":false},"featured_media":40343,"template":"","meta":[],"product_brand":[],"product_cat":[21542],"product_tag":[],"class_list":{"0":"post-150388","1":"product","2":"type-product","3":"status-publish","4":"has-post-thumbnail","6":"product_cat-sachbuecher-dokumentationen","7":"pa_autor-zopfi","8":"pa_erscheinungsjahr-21621","9":"pa_region-schweiz","10":"pa_sprache-de","12":"first","13":"instock","14":"taxable","15":"shipping-taxable","16":"purchasable","17":"product-type-simple"},"_links":{"self":[{"href":"https:\/\/pizbube.ch\/en\/wp-json\/wp\/v2\/product\/150388","targetHints":{"allow":["GET"]}}],"collection":[{"href":"https:\/\/pizbube.ch\/en\/wp-json\/wp\/v2\/product"}],"about":[{"href":"https:\/\/pizbube.ch\/en\/wp-json\/wp\/v2\/types\/product"}],"wp:featuredmedia":[{"embeddable":true,"href":"https:\/\/pizbube.ch\/en\/wp-json\/wp\/v2\/media\/40343"}],"wp:attachment":[{"href":"https:\/\/pizbube.ch\/en\/wp-json\/wp\/v2\/media?parent=150388"}],"wp:term":[{"taxonomy":"product_brand","embeddable":true,"href":"https:\/\/pizbube.ch\/en\/wp-json\/wp\/v2\/product_brand?post=150388"},{"taxonomy":"product_cat","embeddable":true,"href":"https:\/\/pizbube.ch\/en\/wp-json\/wp\/v2\/product_cat?post=150388"},{"taxonomy":"product_tag","embeddable":true,"href":"https:\/\/pizbube.ch\/en\/wp-json\/wp\/v2\/product_tag?post=150388"}],"curies":[{"name":"wp","href":"https:\/\/api.w.org\/{rel}","templated":true}]}}