{"id":150389,"date":"2021-01-15T11:02:13","date_gmt":"2021-01-15T11:02:13","guid":{"rendered":"https:\/\/codengine3.ch\/?product=import-placeholder-for-208568"},"modified":"2022-12-14T10:29:48","modified_gmt":"2022-12-14T09:29:48","slug":"schwyz-zu-fuss","status":"publish","type":"product","link":"https:\/\/pizbube.ch\/en\/shop\/schwyz-zu-fuss\/","title":{"rendered":"Schwyz zu Fuss"},"content":{"rendered":"<p>Wanderungen in den Regionen Einsiedeln, Rigi, Mythen, Muotatal<\/p>\n<p>Wege, Geschichten und Mythen \u2013 Schwyz von seiner bekannten und von seiner<br \/>\n\u00fcberraschenden Seite<br \/>\nWandern im Herzen der Schweiz<\/p>\n<p>Von der Flachlandwanderung am Z\u00fcrichsee \u00fcber die lieblichen H\u00fcgel des<br \/>\nVoralpengebiets bis hin zu den einsamen und alpinen Pfaden im S\u00fcden der Region<br \/>\n\u2013 die 20 Wanderungen, die dieses Buch versammelt, f\u00fchren uns die ganze<br \/>\nlandschaftliche Vielfalt des Kantons Schwyz vor Augen.<br \/>\nPatrik Litscher erz\u00e4hlt unterwegs Geschichten mitten aus dem Leben und f\u00f6rdert<br \/>\ndabei oftmals \u00dcberraschendes zutage \u00fcber das, was die Gegend und ihre Menschen<br \/>\npr\u00e4gt: Mystiker und M\u00f6nche, Katastrophenschutz in Zeiten des Klimawandels,<br \/>\ntraditionelle Bergwirtschaft oder die Erfolgsstory des Schweizer<br \/>\nTaschenmessers.<\/p>\n<p>Die Wanderungen sind von unterschiedlicher L\u00e4nge und Schwierigkeit. Es gibt<br \/>\nTouren zum gem\u00fctlich Einwandern und solche, die Anspr\u00fcche an Kondition und<br \/>\nOrientierung stellen. Der Serviceteil gibt Hinweise zu An- und R\u00fcckreise mit<br \/>\nden \u00f6ffentlichen Verkehrsmitteln sowie Restaurant- und \u00dcbernachtungstipps.<\/p>\n<p>288 S., Farbfotos und Routenskizzen, \u00dcbersichtskarte und Serviceteil &#8211; 13,0 x<br \/>\n19,0 cm, Klappenbroschur<\/p>","protected":false},"excerpt":{"rendered":"<p>Wanderungen in den Regionen Einsiedeln, Rigi, Mythen, Muotatal Wege, Geschichten und Mythen \u2013 Schwyz von seiner bekannten und von seiner \u00fcberraschenden Seite Wandern im Herzen der Schweiz Von der Flachlandwanderung am Z\u00fcrichsee \u00fcber die lieblichen H\u00fcgel des Voralpengebiets bis hin zu den einsamen und alpinen Pfaden im S\u00fcden der Region \u2013 die 20 Wanderungen, die [&#8230;]\n","protected":false},"featured_media":40586,"template":"","meta":[],"product_brand":[],"product_cat":[21605],"product_tag":[],"class_list":{"0":"post-150389","1":"product","2":"type-product","3":"status-publish","4":"has-post-thumbnail","6":"product_cat-wanderfuehrer-trekking","7":"pa_autor-litscher","8":"pa_erscheinungsjahr-21550","9":"pa_region-schweiz","10":"pa_sprache-de","12":"first","13":"instock","14":"taxable","15":"shipping-taxable","16":"purchasable","17":"product-type-simple"},"_links":{"self":[{"href":"https:\/\/pizbube.ch\/en\/wp-json\/wp\/v2\/product\/150389","targetHints":{"allow":["GET"]}}],"collection":[{"href":"https:\/\/pizbube.ch\/en\/wp-json\/wp\/v2\/product"}],"about":[{"href":"https:\/\/pizbube.ch\/en\/wp-json\/wp\/v2\/types\/product"}],"wp:featuredmedia":[{"embeddable":true,"href":"https:\/\/pizbube.ch\/en\/wp-json\/wp\/v2\/media\/40586"}],"wp:attachment":[{"href":"https:\/\/pizbube.ch\/en\/wp-json\/wp\/v2\/media?parent=150389"}],"wp:term":[{"taxonomy":"product_brand","embeddable":true,"href":"https:\/\/pizbube.ch\/en\/wp-json\/wp\/v2\/product_brand?post=150389"},{"taxonomy":"product_cat","embeddable":true,"href":"https:\/\/pizbube.ch\/en\/wp-json\/wp\/v2\/product_cat?post=150389"},{"taxonomy":"product_tag","embeddable":true,"href":"https:\/\/pizbube.ch\/en\/wp-json\/wp\/v2\/product_tag?post=150389"}],"curies":[{"name":"wp","href":"https:\/\/api.w.org\/{rel}","templated":true}]}}