{"id":150390,"date":"2021-01-15T11:02:13","date_gmt":"2021-01-15T11:02:13","guid":{"rendered":"https:\/\/codengine3.ch\/?product=import-placeholder-for-204100"},"modified":"2023-08-09T09:18:14","modified_gmt":"2023-08-09T07:18:14","slug":"alpinwandern-voralpen-zwischen-saane-und-reuss","status":"publish","type":"product","link":"https:\/\/pizbube.ch\/en\/shop\/alpinwandern-voralpen-zwischen-saane-und-reuss\/","title":{"rendered":"Alpinwandern Voralpen &#8211; Zwischen Saane und Reuss"},"content":{"rendered":"<p>Dieser neue F\u00fchrer beschreibt 50 lohnende Bergwanderungen in den Voralpengebieten der Freiburger-, Berner- und den westlichen Zentralschweizer Voralpen.<\/p>\n<p>Viele grosse Alpinwandertouren, wie z. B. die Traversierung des Niesenund des Brienzergrates, werden erstmals zusammenh\u00e4ngend und vollst\u00e4ndig beschrieben. Die konsequente Anwendung der neuen Schwierigkeitsskala f\u00fcr das Berg- und Alpinwandern erlaubt auch hier dem Benutzer eine sichere und zuverl\u00e4ssige Planung seiner Unternehmungen in diesem grossr\u00e4umigen und vielgestaltigen Gebiet.<\/p>\n<p>336 Seiten<\/p>","protected":false},"excerpt":{"rendered":"<p>Dieser neue F\u00fchrer beschreibt 50 lohnende Bergwanderungen in den Voralpengebieten der Freiburger-, Berner- und den westlichen Zentralschweizer Voralpen. Viele grosse Alpinwandertouren, wie z. B. die Traversierung des Niesenund des Brienzergrates, werden erstmals zusammenh\u00e4ngend und vollst\u00e4ndig beschrieben. Die konsequente Anwendung der neuen Schwierigkeitsskala f\u00fcr das Berg- und Alpinwandern erlaubt auch hier dem Benutzer eine sichere und [&#8230;]\n","protected":false},"featured_media":168964,"template":"","meta":[],"product_brand":[],"product_cat":[21605],"product_tag":[],"class_list":{"0":"post-150390","1":"product","2":"type-product","3":"status-publish","4":"has-post-thumbnail","6":"product_cat-wanderfuehrer-trekking","7":"pa_autor-mosimann","8":"pa_erscheinungsjahr-21763","9":"pa_region-schweiz","10":"pa_sprache-de","12":"first","13":"instock","14":"taxable","15":"shipping-taxable","16":"purchasable","17":"product-type-simple"},"_links":{"self":[{"href":"https:\/\/pizbube.ch\/en\/wp-json\/wp\/v2\/product\/150390","targetHints":{"allow":["GET"]}}],"collection":[{"href":"https:\/\/pizbube.ch\/en\/wp-json\/wp\/v2\/product"}],"about":[{"href":"https:\/\/pizbube.ch\/en\/wp-json\/wp\/v2\/types\/product"}],"wp:featuredmedia":[{"embeddable":true,"href":"https:\/\/pizbube.ch\/en\/wp-json\/wp\/v2\/media\/168964"}],"wp:attachment":[{"href":"https:\/\/pizbube.ch\/en\/wp-json\/wp\/v2\/media?parent=150390"}],"wp:term":[{"taxonomy":"product_brand","embeddable":true,"href":"https:\/\/pizbube.ch\/en\/wp-json\/wp\/v2\/product_brand?post=150390"},{"taxonomy":"product_cat","embeddable":true,"href":"https:\/\/pizbube.ch\/en\/wp-json\/wp\/v2\/product_cat?post=150390"},{"taxonomy":"product_tag","embeddable":true,"href":"https:\/\/pizbube.ch\/en\/wp-json\/wp\/v2\/product_tag?post=150390"}],"curies":[{"name":"wp","href":"https:\/\/api.w.org\/{rel}","templated":true}]}}