{"id":150391,"date":"2021-01-15T11:02:13","date_gmt":"2021-01-15T11:02:13","guid":{"rendered":"https:\/\/codengine3.ch\/?product=import-placeholder-for-207122"},"modified":"2021-01-15T14:55:20","modified_gmt":"2021-01-15T14:55:20","slug":"outdoorfuehrer-gantrisch-stockhorn-schwarzsee","status":"publish","type":"product","link":"https:\/\/pizbube.ch\/en\/shop\/outdoorfuehrer-gantrisch-stockhorn-schwarzsee\/","title":{"rendered":"Outdoorf\u00fchrer Gantrisch-Stockhorn-Schwarzsee"},"content":{"rendered":"<p>Es handelt sich um einen Gebietsf\u00fchrer zu Outdoorsportarten Bergwandern,<br \/>\nKlettern, Bike und weitere Sommeroutdoorsportarten, sowie einem Winterteil mit<br \/>\nSkitouren, Schneeschuhtouren und alpinen Winteranstiegen im kombinierten<br \/>\nGel\u00e4nde.  <\/p>\n<p>Alpinisten und Bergf\u00fchrer aus der Region haben ihr gesammeltes Wissen in den<br \/>\nOutdoorf\u00fchrer Gantrisch \u2013 Stockhorn \u2013 Schwarzsee gepackt. Er gibt Infos zu<br \/>\nWandern, Klettern, Biken und Gleitschirmfliegen sowie Touren mit Ski,<br \/>\nSnowboard und Schneeschuhen, alpinen Winterrouten, Ski alpin und nordisch.  <\/p>\n<p>Geniesser wie auch anspruchsvolle Sportler finden alles, was sie wissen<br \/>\nm\u00fcssen, damit eine Tour gelingt: Anreise, Routenpl\u00e4ne, H\u00f6henprofile und Dauer,<br \/>\nSchwierigkeitsgrade, ben\u00f6tigtes Material und weitere empfohlene Karten.<br \/>\nDaneben erf\u00e4hrt man Neues \u00fcber die Region, \u00fcber Geologie, Wetter, Fauna und<br \/>\nFlora. All die Tipps und Anregungen, in einem kompakten Buch vereint, machen<br \/>\nAusfl\u00fcge in die Region Gantrisch\u2013Stockhorn\u2013Schwarzsee abwechslungsreich und<br \/>\nsicher.  <\/p>","protected":false},"excerpt":{"rendered":"<p>Es handelt sich um einen Gebietsf\u00fchrer zu Outdoorsportarten Bergwandern, Klettern, Bike und weitere Sommeroutdoorsportarten, sowie einem Winterteil mit Skitouren, Schneeschuhtouren und alpinen Winteranstiegen im kombinierten Gel\u00e4nde. Alpinisten und Bergf\u00fchrer aus der Region haben ihr gesammeltes Wissen in den Outdoorf\u00fchrer Gantrisch \u2013 Stockhorn \u2013 Schwarzsee gepackt. Er gibt Infos zu Wandern, Klettern, Biken und Gleitschirmfliegen sowie [&#8230;]\n","protected":false},"featured_media":36730,"template":"","meta":[],"product_brand":[],"product_cat":[21544],"product_tag":[],"class_list":{"0":"post-150391","1":"product","2":"type-product","3":"status-publish","4":"has-post-thumbnail","6":"product_cat-fuehrerliteratur-alpin-sommer","7":"pa_autor-saurer-senn","8":"pa_erscheinungsjahr-21610","9":"pa_region-schweiz","10":"pa_sprache-de","12":"first","13":"outofstock","14":"taxable","15":"shipping-taxable","16":"purchasable","17":"product-type-simple"},"_links":{"self":[{"href":"https:\/\/pizbube.ch\/en\/wp-json\/wp\/v2\/product\/150391","targetHints":{"allow":["GET"]}}],"collection":[{"href":"https:\/\/pizbube.ch\/en\/wp-json\/wp\/v2\/product"}],"about":[{"href":"https:\/\/pizbube.ch\/en\/wp-json\/wp\/v2\/types\/product"}],"wp:featuredmedia":[{"embeddable":true,"href":"https:\/\/pizbube.ch\/en\/wp-json\/wp\/v2\/media\/36730"}],"wp:attachment":[{"href":"https:\/\/pizbube.ch\/en\/wp-json\/wp\/v2\/media?parent=150391"}],"wp:term":[{"taxonomy":"product_brand","embeddable":true,"href":"https:\/\/pizbube.ch\/en\/wp-json\/wp\/v2\/product_brand?post=150391"},{"taxonomy":"product_cat","embeddable":true,"href":"https:\/\/pizbube.ch\/en\/wp-json\/wp\/v2\/product_cat?post=150391"},{"taxonomy":"product_tag","embeddable":true,"href":"https:\/\/pizbube.ch\/en\/wp-json\/wp\/v2\/product_tag?post=150391"}],"curies":[{"name":"wp","href":"https:\/\/api.w.org\/{rel}","templated":true}]}}