{"id":150392,"date":"2021-01-15T11:02:13","date_gmt":"2021-01-15T11:02:13","guid":{"rendered":"https:\/\/codengine3.ch\/?product=import-placeholder-for-207265"},"modified":"2021-07-31T10:12:29","modified_gmt":"2021-07-31T08:12:29","slug":"sagenhafte-wanderungen-am-gantrisch","status":"publish","type":"product","link":"https:\/\/pizbube.ch\/en\/shop\/sagenhafte-wanderungen-am-gantrisch\/","title":{"rendered":"Sagenhafte Wanderungen am Gantrisch"},"content":{"rendered":"<p>Ein sagenhafter Wanderf\u00fchrer f\u00fcr den Naturpark Gantrisch. Das vorliegende Buch<br \/>\nstellt 20 \u00fcberlieferte Sagen aus der Region vor und l\u00e4dt die Leser<br \/>\nausdr\u00fccklich dazu ein, die Bilder dieser tiefgr\u00fcndigen Geschichten als<br \/>\nSchl\u00fcssel zu ungewohnten Naturerlebnissen zu nutzen. Es vermittelt eine F\u00fclle<br \/>\nvon Anregungen, wie Wanderungen so gestaltet werden k\u00f6nnen, dass sie R\u00e4ume<br \/>\n\u00f6ffnen f\u00fcr einen Dialog mit der magischen Dimension der Natur.<br \/>\nWandervorschl\u00e4ge zu den einzelnen Sagen sowie eine Reihe von praktischen<br \/>\nHinweisen erleichtern die Durchf\u00fchrung von eigenen Streifz\u00fcgen, um der Wirkung<br \/>\nder Sagen unterwegs in der Natur pers\u00f6nlich nachleben zu k\u00f6nnen. Andreas<br \/>\nSommer organisiert Sagenwanderungen und kennt das Gantrischgebiet<br \/>\nausgezeichnet.<\/p>\n<p>Illustrationen: Margreth Zuber, Thun<br \/>\n280 Seiten, mit 20 farbigen Illustrationen<\/p>\n<p>Wege zu magischen Naturerlebnissen. Viele k\u00f6nnen heute nicht mehr an die<br \/>\nunabh\u00e4ngige Existenz von Naturwesen glauben und sehen sie eher als innere<br \/>\nBildgestalten, als geheimnisvolle Kr\u00e4fte der Psyche. Allerdings sollte Psyche<br \/>\nnicht im \u00abNur-Ton\u00bb verstanden werden, denn sie umfasst den Menschen und reicht<br \/>\nbis in die unermessliche Tiefe des Seins.<\/p>","protected":false},"excerpt":{"rendered":"<p>Ein sagenhafter Wanderf\u00fchrer f\u00fcr den Naturpark Gantrisch. Das vorliegende Buch stellt 20 \u00fcberlieferte Sagen aus der Region vor und l\u00e4dt die Leser ausdr\u00fccklich dazu ein, die Bilder dieser tiefgr\u00fcndigen Geschichten als Schl\u00fcssel zu ungewohnten Naturerlebnissen zu nutzen. Es vermittelt eine F\u00fclle von Anregungen, wie Wanderungen so gestaltet werden k\u00f6nnen, dass sie R\u00e4ume \u00f6ffnen f\u00fcr einen [&#8230;]\n","protected":false},"featured_media":36959,"template":"","meta":[],"product_brand":[],"product_cat":[21605],"product_tag":[],"class_list":{"0":"post-150392","1":"product","2":"type-product","3":"status-publish","4":"has-post-thumbnail","6":"product_cat-wanderfuehrer-trekking","7":"pa_autor-sommer","8":"pa_erscheinungsjahr-21568","9":"pa_region-schweiz","10":"pa_sprache-de","12":"first","13":"outofstock","14":"taxable","15":"shipping-taxable","16":"purchasable","17":"product-type-simple"},"_links":{"self":[{"href":"https:\/\/pizbube.ch\/en\/wp-json\/wp\/v2\/product\/150392","targetHints":{"allow":["GET"]}}],"collection":[{"href":"https:\/\/pizbube.ch\/en\/wp-json\/wp\/v2\/product"}],"about":[{"href":"https:\/\/pizbube.ch\/en\/wp-json\/wp\/v2\/types\/product"}],"wp:featuredmedia":[{"embeddable":true,"href":"https:\/\/pizbube.ch\/en\/wp-json\/wp\/v2\/media\/36959"}],"wp:attachment":[{"href":"https:\/\/pizbube.ch\/en\/wp-json\/wp\/v2\/media?parent=150392"}],"wp:term":[{"taxonomy":"product_brand","embeddable":true,"href":"https:\/\/pizbube.ch\/en\/wp-json\/wp\/v2\/product_brand?post=150392"},{"taxonomy":"product_cat","embeddable":true,"href":"https:\/\/pizbube.ch\/en\/wp-json\/wp\/v2\/product_cat?post=150392"},{"taxonomy":"product_tag","embeddable":true,"href":"https:\/\/pizbube.ch\/en\/wp-json\/wp\/v2\/product_tag?post=150392"}],"curies":[{"name":"wp","href":"https:\/\/api.w.org\/{rel}","templated":true}]}}