{"id":150393,"date":"2021-01-15T11:02:13","date_gmt":"2021-01-15T11:02:13","guid":{"rendered":"https:\/\/codengine3.ch\/?product=import-placeholder-for-200944"},"modified":"2021-01-15T11:02:19","modified_gmt":"2021-01-15T11:02:19","slug":"la-travesia-de-los-pirineos-en-esquis","status":"publish","type":"product","link":"https:\/\/pizbube.ch\/en\/shop\/la-travesia-de-los-pirineos-en-esquis\/","title":{"rendered":"La traves\u00eda de los Pirineos en esqu\u00eds"},"content":{"rendered":"<p>42 etapas del Canig\u00f3 al Ori. Una de las m\u00e1s bellas rutas de Europa es la<br \/>\nTraves\u00eda de los Pirineos.<\/p>\n<p>Recorrerla en esqu\u00eds puede suponer toda una ventura, un reto; pero tambi\u00e9n<br \/>\ntodo un placer. Esta gu\u00eda nos invita a partir, a superar collados, a cruzar<br \/>\ncrestas, coronar cimas, a dormir en caba\u00f1as perdidas y, en definitiva, a<br \/>\npracticar un verdadero esqu\u00ed de libertad.<\/p>\n<p>El recorrido ha sido dividido en 42 etapas, estructuradas en siete partes,<br \/>\ncada una de las cuales puede ser recorrida en una semana. Adem\u00e1s, propone<br \/>\ndiversas traves\u00edas alternativas de varios d\u00edas, distintas del itinerario<br \/>\nprincipal, as\u00ed como otros 100 itinerarios alrededor de la TPE realizables en<br \/>\nun fin de semana.<\/p>","protected":false},"excerpt":{"rendered":"<p>42 etapas del Canig\u00f3 al Ori. Una de las m\u00e1s bellas rutas de Europa es la Traves\u00eda de los Pirineos. Recorrerla en esqu\u00eds puede suponer toda una ventura, un reto; pero tambi\u00e9n todo un placer. Esta gu\u00eda nos invita a partir, a superar collados, a cruzar crestas, coronar cimas, a dormir en caba\u00f1as perdidas y, [&#8230;]\n","protected":false},"featured_media":28086,"template":"","meta":[],"product_brand":[],"product_cat":[21540],"product_tag":[],"class_list":{"0":"post-150393","1":"product","2":"type-product","3":"status-publish","4":"has-post-thumbnail","6":"product_cat-fuehrerliteratur-alpin-winter","7":"pa_autor-breuil","8":"pa_erscheinungsjahr-21776","9":"pa_region-spanien","10":"pa_sprache-es","12":"first","13":"instock","14":"taxable","15":"shipping-taxable","16":"purchasable","17":"product-type-simple"},"_links":{"self":[{"href":"https:\/\/pizbube.ch\/en\/wp-json\/wp\/v2\/product\/150393","targetHints":{"allow":["GET"]}}],"collection":[{"href":"https:\/\/pizbube.ch\/en\/wp-json\/wp\/v2\/product"}],"about":[{"href":"https:\/\/pizbube.ch\/en\/wp-json\/wp\/v2\/types\/product"}],"wp:featuredmedia":[{"embeddable":true,"href":"https:\/\/pizbube.ch\/en\/wp-json\/wp\/v2\/media\/28086"}],"wp:attachment":[{"href":"https:\/\/pizbube.ch\/en\/wp-json\/wp\/v2\/media?parent=150393"}],"wp:term":[{"taxonomy":"product_brand","embeddable":true,"href":"https:\/\/pizbube.ch\/en\/wp-json\/wp\/v2\/product_brand?post=150393"},{"taxonomy":"product_cat","embeddable":true,"href":"https:\/\/pizbube.ch\/en\/wp-json\/wp\/v2\/product_cat?post=150393"},{"taxonomy":"product_tag","embeddable":true,"href":"https:\/\/pizbube.ch\/en\/wp-json\/wp\/v2\/product_tag?post=150393"}],"curies":[{"name":"wp","href":"https:\/\/api.w.org\/{rel}","templated":true}]}}