{"id":150394,"date":"2021-01-15T11:02:14","date_gmt":"2021-01-15T11:02:14","guid":{"rendered":"https:\/\/codengine3.ch\/?product=import-placeholder-for-204012"},"modified":"2021-01-15T14:28:53","modified_gmt":"2021-01-15T14:28:53","slug":"pirineo-occidental-esqui-de-montana-35-itinerarios-del-adi-al-aspe","status":"publish","type":"product","link":"https:\/\/pizbube.ch\/en\/shop\/pirineo-occidental-esqui-de-montana-35-itinerarios-del-adi-al-aspe\/","title":{"rendered":"Pirineo Occidental. Esqu\u00ed de monta\u00f1a. 35 itinerarios del Adi al Aspe"},"content":{"rendered":"<p>El Pirineo Occidental se presenta, sin lugar a dudas, como una de las zonas<br \/>\nm\u00e1s privilegiadas para la pr\u00e1ctica del esqu\u00ed de monta\u00f1a. Esta gu\u00eda propone 35<br \/>\nitinerarios a trav\u00e9s de las monta\u00f1as de los valles de Salazar, Belagua, Ans\u00f3,<br \/>\nEcho y A\u00edsa; monta\u00f1as peque\u00f1as &#8211; la m\u00e1xima altitud que tocaremos ser\u00e1 la del<br \/>\nBisaur\u00edn, con sus 2.669 m -, pero que nos proporcionar\u00e1n un manto de nieve<br \/>\nmucho m\u00e1s estable, reduciendo considerablemente el tan temido riesgo de alud.<br \/>\nTodas las ascensiones y traves\u00edas descritas pueden realizarse en el d\u00eda, y la<br \/>\nmayor\u00eda en horarios no muy largos.<\/p>","protected":false},"excerpt":{"rendered":"<p>El Pirineo Occidental se presenta, sin lugar a dudas, como una de las zonas m\u00e1s privilegiadas para la pr\u00e1ctica del esqu\u00ed de monta\u00f1a. Esta gu\u00eda propone 35 itinerarios a trav\u00e9s de las monta\u00f1as de los valles de Salazar, Belagua, Ans\u00f3, Echo y A\u00edsa; monta\u00f1as peque\u00f1as &#8211; la m\u00e1xima altitud que tocaremos ser\u00e1 la del Bisaur\u00edn, [&#8230;]\n","protected":false},"featured_media":31743,"template":"","meta":[],"product_brand":[],"product_cat":[21540],"product_tag":[],"class_list":{"0":"post-150394","1":"product","2":"type-product","3":"status-publish","4":"has-post-thumbnail","6":"product_cat-fuehrerliteratur-alpin-winter","7":"pa_autor-urtasun","8":"pa_erscheinungsjahr-21776","9":"pa_region-spanien","10":"pa_sprache-sp","12":"first","13":"instock","14":"taxable","15":"shipping-taxable","16":"purchasable","17":"product-type-simple"},"_links":{"self":[{"href":"https:\/\/pizbube.ch\/en\/wp-json\/wp\/v2\/product\/150394","targetHints":{"allow":["GET"]}}],"collection":[{"href":"https:\/\/pizbube.ch\/en\/wp-json\/wp\/v2\/product"}],"about":[{"href":"https:\/\/pizbube.ch\/en\/wp-json\/wp\/v2\/types\/product"}],"wp:featuredmedia":[{"embeddable":true,"href":"https:\/\/pizbube.ch\/en\/wp-json\/wp\/v2\/media\/31743"}],"wp:attachment":[{"href":"https:\/\/pizbube.ch\/en\/wp-json\/wp\/v2\/media?parent=150394"}],"wp:term":[{"taxonomy":"product_brand","embeddable":true,"href":"https:\/\/pizbube.ch\/en\/wp-json\/wp\/v2\/product_brand?post=150394"},{"taxonomy":"product_cat","embeddable":true,"href":"https:\/\/pizbube.ch\/en\/wp-json\/wp\/v2\/product_cat?post=150394"},{"taxonomy":"product_tag","embeddable":true,"href":"https:\/\/pizbube.ch\/en\/wp-json\/wp\/v2\/product_tag?post=150394"}],"curies":[{"name":"wp","href":"https:\/\/api.w.org\/{rel}","templated":true}]}}