{"id":150395,"date":"2021-01-15T11:02:14","date_gmt":"2021-01-15T11:02:14","guid":{"rendered":"https:\/\/codengine3.ch\/?product=import-placeholder-for-204216"},"modified":"2021-01-15T14:30:58","modified_gmt":"2021-01-15T14:30:58","slug":"la-traversee-des-pyrenees-a-skis-du-canigou-au-pic-dorhy","status":"publish","type":"product","link":"https:\/\/pizbube.ch\/en\/shop\/la-traversee-des-pyrenees-a-skis-du-canigou-au-pic-dorhy\/","title":{"rendered":"La travers\u00e9e des Pyr\u00e9n\u00e9es \u00e0 skis. Du Canigou au Pic d&#8217;Orhy"},"content":{"rendered":"<p>D\u00e9couvrant les Pyr\u00e9n\u00e9es \u00e0 21 ans lors d&#8217;un s\u00e9jour \u00e0 Cauterets, Marc Breuil y<br \/>\nretournera continuellement. Il a longuement m\u00fbri et pr\u00e9par\u00e9 cette Travers\u00e9e,<br \/>\nr\u00e9ussie d&#8217;une traite en 1996. Ce livre s&#8217;adresse \u00e0 tous les amateurs de ski de<br \/>\nrandonn\u00e9e. Il d\u00e9crit en d\u00e9tail la Travers\u00e9e des Pyr\u00e9n\u00e9es \u00e0 Skis (TPS), du<br \/>\nCanigou au Pic d&#8217;Orhy, de la M\u00e9diterran\u00e9e \u00e0 l&#8217;Atlantique. Autour de cette TPS,<br \/>\nde nombreux raids d&#8217;une semaine et courses d&#8217;une journ\u00e9e sont aussi propos\u00e9s<br \/>\npour permettre de d\u00e9couvrir l&#8217;un des Massifs les plus pr\u00e9serv\u00e9s d&#8217;Europe.<br \/>\nChaque skieur, quel que soit son niveau, pourra ainsi y trouver son bonheur.<br \/>\n42 Etappes, 25 Raids, 100 Courses. 160 p.<\/p>","protected":false},"excerpt":{"rendered":"<p>D\u00e9couvrant les Pyr\u00e9n\u00e9es \u00e0 21 ans lors d&#8217;un s\u00e9jour \u00e0 Cauterets, Marc Breuil y retournera continuellement. Il a longuement m\u00fbri et pr\u00e9par\u00e9 cette Travers\u00e9e, r\u00e9ussie d&#8217;une traite en 1996. Ce livre s&#8217;adresse \u00e0 tous les amateurs de ski de randonn\u00e9e. Il d\u00e9crit en d\u00e9tail la Travers\u00e9e des Pyr\u00e9n\u00e9es \u00e0 Skis (TPS), du Canigou au Pic [&#8230;]\n","protected":false},"featured_media":32006,"template":"","meta":[],"product_brand":[],"product_cat":[21540],"product_tag":[],"class_list":{"0":"post-150395","1":"product","2":"type-product","3":"status-publish","4":"has-post-thumbnail","6":"product_cat-fuehrerliteratur-alpin-winter","7":"pa_autor-breuil","8":"pa_erscheinungsjahr-21920","9":"pa_region-spanien","10":"pa_sprache-fr","12":"first","13":"outofstock","14":"taxable","15":"shipping-taxable","16":"purchasable","17":"product-type-simple"},"_links":{"self":[{"href":"https:\/\/pizbube.ch\/en\/wp-json\/wp\/v2\/product\/150395","targetHints":{"allow":["GET"]}}],"collection":[{"href":"https:\/\/pizbube.ch\/en\/wp-json\/wp\/v2\/product"}],"about":[{"href":"https:\/\/pizbube.ch\/en\/wp-json\/wp\/v2\/types\/product"}],"wp:featuredmedia":[{"embeddable":true,"href":"https:\/\/pizbube.ch\/en\/wp-json\/wp\/v2\/media\/32006"}],"wp:attachment":[{"href":"https:\/\/pizbube.ch\/en\/wp-json\/wp\/v2\/media?parent=150395"}],"wp:term":[{"taxonomy":"product_brand","embeddable":true,"href":"https:\/\/pizbube.ch\/en\/wp-json\/wp\/v2\/product_brand?post=150395"},{"taxonomy":"product_cat","embeddable":true,"href":"https:\/\/pizbube.ch\/en\/wp-json\/wp\/v2\/product_cat?post=150395"},{"taxonomy":"product_tag","embeddable":true,"href":"https:\/\/pizbube.ch\/en\/wp-json\/wp\/v2\/product_tag?post=150395"}],"curies":[{"name":"wp","href":"https:\/\/api.w.org\/{rel}","templated":true}]}}