{"id":150396,"date":"2021-01-15T11:02:14","date_gmt":"2021-01-15T11:02:14","guid":{"rendered":"https:\/\/codengine3.ch\/?product=import-placeholder-for-204351"},"modified":"2021-01-15T14:32:15","modified_gmt":"2021-01-15T14:32:15","slug":"raquetas-por-el-pirineo-central-y-occidental-25-itinerarios-del-ori-al-perdido","status":"publish","type":"product","link":"https:\/\/pizbube.ch\/en\/shop\/raquetas-por-el-pirineo-central-y-occidental-25-itinerarios-del-ori-al-perdido\/","title":{"rendered":"Raquetas por el Pirineo central y occidental. 25 itinerarios del Ori al Perdido"},"content":{"rendered":"<p>Como en otras gu\u00edas de la colecci\u00f3n, se ofrece a todo color una descripci\u00f3n<br \/>\npormenorizada de cada itinerario con su correspondiente ficha t\u00e9cnica y mapa,<br \/>\ntodo ello ilustrado con las fotograf\u00edas m\u00e1s representativas. Los itinerarios<br \/>\ndescritos transcurren por buena parte del Pirineo navarro, as\u00ed como del<br \/>\naragon\u00e9s, en concreto, en el \u00e1rea comprendida entre el Ori y Monte Perdido.<br \/>\nLos recorridos est\u00e1n dise\u00f1ados teniendo en cuenta las particularidades de la<br \/>\nprogresi\u00f3n con raquetas, evitando los tramos m\u00e1s expuestos o con inclinaciones<br \/>\nmuy pronunciadas.<\/p>","protected":false},"excerpt":{"rendered":"<p>Como en otras gu\u00edas de la colecci\u00f3n, se ofrece a todo color una descripci\u00f3n pormenorizada de cada itinerario con su correspondiente ficha t\u00e9cnica y mapa, todo ello ilustrado con las fotograf\u00edas m\u00e1s representativas. Los itinerarios descritos transcurren por buena parte del Pirineo navarro, as\u00ed como del aragon\u00e9s, en concreto, en el \u00e1rea comprendida entre el [&#8230;]\n","protected":false},"featured_media":32191,"template":"","meta":[],"product_brand":[],"product_cat":[21540],"product_tag":[],"class_list":{"0":"post-150396","1":"product","2":"type-product","3":"status-publish","4":"has-post-thumbnail","6":"product_cat-fuehrerliteratur-alpin-winter","7":"pa_autor-degado-milner","8":"pa_erscheinungsjahr-21763","9":"pa_region-spanien","10":"pa_sprache-sp","12":"first","13":"instock","14":"taxable","15":"shipping-taxable","16":"purchasable","17":"product-type-simple"},"_links":{"self":[{"href":"https:\/\/pizbube.ch\/en\/wp-json\/wp\/v2\/product\/150396","targetHints":{"allow":["GET"]}}],"collection":[{"href":"https:\/\/pizbube.ch\/en\/wp-json\/wp\/v2\/product"}],"about":[{"href":"https:\/\/pizbube.ch\/en\/wp-json\/wp\/v2\/types\/product"}],"wp:featuredmedia":[{"embeddable":true,"href":"https:\/\/pizbube.ch\/en\/wp-json\/wp\/v2\/media\/32191"}],"wp:attachment":[{"href":"https:\/\/pizbube.ch\/en\/wp-json\/wp\/v2\/media?parent=150396"}],"wp:term":[{"taxonomy":"product_brand","embeddable":true,"href":"https:\/\/pizbube.ch\/en\/wp-json\/wp\/v2\/product_brand?post=150396"},{"taxonomy":"product_cat","embeddable":true,"href":"https:\/\/pizbube.ch\/en\/wp-json\/wp\/v2\/product_cat?post=150396"},{"taxonomy":"product_tag","embeddable":true,"href":"https:\/\/pizbube.ch\/en\/wp-json\/wp\/v2\/product_tag?post=150396"}],"curies":[{"name":"wp","href":"https:\/\/api.w.org\/{rel}","templated":true}]}}