{"id":150397,"date":"2021-01-15T11:02:14","date_gmt":"2021-01-15T11:02:14","guid":{"rendered":"https:\/\/codengine3.ch\/?product=import-placeholder-for-205147"},"modified":"2021-01-15T14:39:02","modified_gmt":"2021-01-15T14:39:02","slug":"sistema-central-con-esquis-o-snowboard","status":"publish","type":"product","link":"https:\/\/pizbube.ch\/en\/shop\/sistema-central-con-esquis-o-snowboard\/","title":{"rendered":"Sistema Central con esqu\u00eds o snowboard"},"content":{"rendered":"<p>50 traves\u00edas y los mejores descensos  <\/p>\n<p>El esqu\u00ed de monta\u00f1a comenz\u00f3 en Espa\u00f1a en el Sistema Central, m\u00e1s exactamente<br \/>\nen las cercan\u00edas de los puertos de Navacerrada y Cotos, hace ahora 100 a\u00f1os.<br \/>\nUna magn\u00edfica excusa para conmemorar esta acontecimiento con una gu\u00eda que nos<br \/>\nayude a disfrutar con esqu\u00eds o snowboards nuestra sierra.  <\/p>\n<p>Las traves\u00edas y descensos que se presentan en esta gu\u00eda son s\u00f3lo algunos de<br \/>\nlos muchos que se pueden hacer en esta cordillera. En general, se han buscado<br \/>\naquellos en que, despu\u00e9s de una aproximaci\u00f3n, se puede encontrar la recompensa<br \/>\nde una buena esquiada. Pero no todos est\u00e1n seleccionados por esta virtud:<br \/>\nalgunos son cl\u00e1sicos imprescindibles de cada uno de los macizos, y otros se<br \/>\nhan escogido por ser casi in\u00e9ditos, con un encanto que est\u00e1 por encima de lo<br \/>\ndeportivo. Los hay que casi siempre tendr\u00e1n condiciones de nieve suficiente, y<br \/>\nunos pocos que no pueden ser realizados todas las temporadas. Cualquier<br \/>\nconocedor de la zona seguro que sabr\u00e1 otros muchos pero, en todo caso, s\u00ed<br \/>\nest\u00e1n los m\u00e1s representativos. Algunos est\u00e1n muy cerca entre s\u00ed, o tienen<br \/>\nparte del itinerario en com\u00fan, por lo que pueden ser f\u00e1cilmente combinables.  <\/p>","protected":false},"excerpt":{"rendered":"<p>50 traves\u00edas y los mejores descensos El esqu\u00ed de monta\u00f1a comenz\u00f3 en Espa\u00f1a en el Sistema Central, m\u00e1s exactamente en las cercan\u00edas de los puertos de Navacerrada y Cotos, hace ahora 100 a\u00f1os. Una magn\u00edfica excusa para conmemorar esta acontecimiento con una gu\u00eda que nos ayude a disfrutar con esqu\u00eds o snowboards nuestra sierra. Las [&#8230;]\n","protected":false},"featured_media":33770,"template":"","meta":[],"product_brand":[],"product_cat":[21540],"product_tag":[],"class_list":{"0":"post-150397","1":"product","2":"type-product","3":"status-publish","4":"has-post-thumbnail","6":"product_cat-fuehrerliteratur-alpin-winter","7":"pa_autor-lasso","8":"pa_erscheinungsjahr-21763","9":"pa_region-spanien","10":"pa_sprache-sp","12":"first","13":"instock","14":"taxable","15":"shipping-taxable","16":"purchasable","17":"product-type-simple"},"_links":{"self":[{"href":"https:\/\/pizbube.ch\/en\/wp-json\/wp\/v2\/product\/150397","targetHints":{"allow":["GET"]}}],"collection":[{"href":"https:\/\/pizbube.ch\/en\/wp-json\/wp\/v2\/product"}],"about":[{"href":"https:\/\/pizbube.ch\/en\/wp-json\/wp\/v2\/types\/product"}],"wp:featuredmedia":[{"embeddable":true,"href":"https:\/\/pizbube.ch\/en\/wp-json\/wp\/v2\/media\/33770"}],"wp:attachment":[{"href":"https:\/\/pizbube.ch\/en\/wp-json\/wp\/v2\/media?parent=150397"}],"wp:term":[{"taxonomy":"product_brand","embeddable":true,"href":"https:\/\/pizbube.ch\/en\/wp-json\/wp\/v2\/product_brand?post=150397"},{"taxonomy":"product_cat","embeddable":true,"href":"https:\/\/pizbube.ch\/en\/wp-json\/wp\/v2\/product_cat?post=150397"},{"taxonomy":"product_tag","embeddable":true,"href":"https:\/\/pizbube.ch\/en\/wp-json\/wp\/v2\/product_tag?post=150397"}],"curies":[{"name":"wp","href":"https:\/\/api.w.org\/{rel}","templated":true}]}}