{"id":150398,"date":"2021-01-15T11:02:14","date_gmt":"2021-01-15T11:02:14","guid":{"rendered":"https:\/\/codengine3.ch\/?product=import-placeholder-for-202083"},"modified":"2023-01-06T16:28:48","modified_gmt":"2023-01-06T15:28:48","slug":"pirineos-en-esquis","status":"publish","type":"product","link":"https:\/\/pizbube.ch\/en\/shop\/pirineos-en-esquis\/","title":{"rendered":"PIRINEOS en esquis"},"content":{"rendered":"<p>150 itinerarios para esqui de montagna: 150 Skitouren in den Pyren\u00e4en werden<br \/>\nbeschrieben, Routenskizzen, Fotos und allen wichtigen Angaben wie Karten,<br \/>\nUnterk\u00fcnfte etc.<\/p>\n<p>Los itinerarios descritos se distribuyen en 15 sectores que cubren toda la<br \/>\ncordillera, y aquellos que se recomiendan no olvidan ninguna cumbre<br \/>\nrepresentativa ni pasan por alto ning\u00fan bello paisaje, buscando siempre<br \/>\nfacilidad de acceso para la mayor parte de los esquiadores. La mayor\u00eda son<br \/>\nascensiones de una jornada, aunque para los m\u00e1s expertos y atrevidos se<br \/>\nincluyen tambi\u00e9n algunas traves\u00edas de varios d\u00edas.<\/p>\n<p>Pirineos en esqu\u00eds ofrece 150 recorridos descritos con todo detalle e<br \/>\nilustrados con las mejores fotograf\u00edas del Pirineo invernal, as\u00ed como croquis<br \/>\ndetallados de cada itinerario y toda la informaci\u00f3n pr\u00e1ctica necesaria:<br \/>\naccesos, refugios, tiempo, desnivel, dificultad, cartograf\u00eda, etc.<\/p>","protected":false},"excerpt":{"rendered":"<p>150 itinerarios para esqui de montagna: 150 Skitouren in den Pyren\u00e4en werden beschrieben, Routenskizzen, Fotos und allen wichtigen Angaben wie Karten, Unterk\u00fcnfte etc. Los itinerarios descritos se distribuyen en 15 sectores que cubren toda la cordillera, y aquellos que se recomiendan no olvidan ninguna cumbre representativa ni pasan por alto ning\u00fan bello paisaje, buscando siempre [&#8230;]\n","protected":false},"featured_media":165506,"template":"","meta":[],"product_brand":[],"product_cat":[21540],"product_tag":[],"class_list":{"0":"post-150398","1":"product","2":"type-product","3":"status-publish","4":"has-post-thumbnail","6":"product_cat-fuehrerliteratur-alpin-winter","7":"pa_autor-faura-longas","8":"pa_erscheinungsjahr-21920","9":"pa_region-spanien","10":"pa_sprache-sp","12":"first","13":"outofstock","14":"taxable","15":"shipping-taxable","16":"purchasable","17":"product-type-simple"},"_links":{"self":[{"href":"https:\/\/pizbube.ch\/en\/wp-json\/wp\/v2\/product\/150398","targetHints":{"allow":["GET"]}}],"collection":[{"href":"https:\/\/pizbube.ch\/en\/wp-json\/wp\/v2\/product"}],"about":[{"href":"https:\/\/pizbube.ch\/en\/wp-json\/wp\/v2\/types\/product"}],"wp:featuredmedia":[{"embeddable":true,"href":"https:\/\/pizbube.ch\/en\/wp-json\/wp\/v2\/media\/165506"}],"wp:attachment":[{"href":"https:\/\/pizbube.ch\/en\/wp-json\/wp\/v2\/media?parent=150398"}],"wp:term":[{"taxonomy":"product_brand","embeddable":true,"href":"https:\/\/pizbube.ch\/en\/wp-json\/wp\/v2\/product_brand?post=150398"},{"taxonomy":"product_cat","embeddable":true,"href":"https:\/\/pizbube.ch\/en\/wp-json\/wp\/v2\/product_cat?post=150398"},{"taxonomy":"product_tag","embeddable":true,"href":"https:\/\/pizbube.ch\/en\/wp-json\/wp\/v2\/product_tag?post=150398"}],"curies":[{"name":"wp","href":"https:\/\/api.w.org\/{rel}","templated":true}]}}