{"id":150399,"date":"2021-01-15T11:02:14","date_gmt":"2021-01-15T11:02:14","guid":{"rendered":"https:\/\/codengine3.ch\/?product=import-placeholder-for-203210"},"modified":"2021-01-15T12:55:06","modified_gmt":"2021-01-15T12:55:06","slug":"pirineu-blanc","status":"publish","type":"product","link":"https:\/\/pizbube.ch\/en\/shop\/pirineu-blanc\/","title":{"rendered":"Pirineu Blanc"},"content":{"rendered":"<p>El autor destaca cuatro \u00e9pocas bien diferenciadas: La pretemporada, la<br \/>\ntemporada invernal, la temporada primaveral y el fin de temporada. De cada<br \/>\ntemporada nos indica sus caracter\u00edsticas particulares, las condiciones de la<br \/>\nnieve y los peligros, adem\u00e1s de la adaptaci\u00f3n que debe hacer cada esquiador.<br \/>\nNos propone unos itinerarios de muestra para cada una de las \u00e9pocas; en total<br \/>\nson 14 itinerarios por diferentes zonas del Pirineo que intentan salir de los<br \/>\nlugares m\u00e1s conocidos para los esquiadores de monta\u00f1a. Previamente, el autor<br \/>\nnos introduce en el mundo del esqu\u00ed de monta\u00f1a y nos da unas nociones del<br \/>\nmanto de nieve.  <\/p>","protected":false},"excerpt":{"rendered":"<p>El autor destaca cuatro \u00e9pocas bien diferenciadas: La pretemporada, la temporada invernal, la temporada primaveral y el fin de temporada. De cada temporada nos indica sus caracter\u00edsticas particulares, las condiciones de la nieve y los peligros, adem\u00e1s de la adaptaci\u00f3n que debe hacer cada esquiador. Nos propone unos itinerarios de muestra para cada una de [&#8230;]\n","protected":false},"featured_media":30759,"template":"","meta":[],"product_brand":[],"product_cat":[21540],"product_tag":[],"class_list":{"0":"post-150399","1":"product","2":"type-product","3":"status-publish","4":"has-post-thumbnail","6":"product_cat-fuehrerliteratur-alpin-winter","7":"pa_autor-guasch-i-terre","8":"pa_erscheinungsjahr-22292","9":"pa_region-spanien","10":"pa_sprache-sp","12":"first","13":"instock","14":"taxable","15":"shipping-taxable","16":"purchasable","17":"product-type-simple"},"_links":{"self":[{"href":"https:\/\/pizbube.ch\/en\/wp-json\/wp\/v2\/product\/150399","targetHints":{"allow":["GET"]}}],"collection":[{"href":"https:\/\/pizbube.ch\/en\/wp-json\/wp\/v2\/product"}],"about":[{"href":"https:\/\/pizbube.ch\/en\/wp-json\/wp\/v2\/types\/product"}],"wp:featuredmedia":[{"embeddable":true,"href":"https:\/\/pizbube.ch\/en\/wp-json\/wp\/v2\/media\/30759"}],"wp:attachment":[{"href":"https:\/\/pizbube.ch\/en\/wp-json\/wp\/v2\/media?parent=150399"}],"wp:term":[{"taxonomy":"product_brand","embeddable":true,"href":"https:\/\/pizbube.ch\/en\/wp-json\/wp\/v2\/product_brand?post=150399"},{"taxonomy":"product_cat","embeddable":true,"href":"https:\/\/pizbube.ch\/en\/wp-json\/wp\/v2\/product_cat?post=150399"},{"taxonomy":"product_tag","embeddable":true,"href":"https:\/\/pizbube.ch\/en\/wp-json\/wp\/v2\/product_tag?post=150399"}],"curies":[{"name":"wp","href":"https:\/\/api.w.org\/{rel}","templated":true}]}}