{"id":150400,"date":"2021-01-15T11:02:14","date_gmt":"2021-01-15T11:02:14","guid":{"rendered":"https:\/\/codengine3.ch\/?product=import-placeholder-for-202677"},"modified":"2024-12-20T17:46:51","modified_gmt":"2024-12-20T16:46:51","slug":"esqui-de-montana-en-el-pirineo-catalan","status":"publish","type":"product","link":"https:\/\/pizbube.ch\/en\/shop\/esqui-de-montana-en-el-pirineo-catalan\/","title":{"rendered":"Esqu\u00ed de monta\u00f1a en el Pirineo catal\u00e1n"},"content":{"rendered":"<p>El Pirineo catal\u00e1n destaca por tener una orograf\u00eda y una innivaci\u00f3n muy apropiadas para la pr\u00e1ctica del esqu\u00ed de monta\u00f1a. Ambos factores hacen que nos hallemos ante un sector del Pirineo con unas posibilidades inmensas para disfrutar con todo tipo de ascensiones y traves\u00edas. Los 35 itinerarios que Oriol Guasch ha seleccionado se caracterizan por su enorme variedad, tanto por las zonas por donde discurren como por la variedad de paisajes que atraviesan, adem\u00e1s de por el tipo de rutas seleccionadas.<\/p>\n<p>Ente ellas destacan ascensiones a los picos m\u00e1s conocidos por los monta\u00f1eros esquiadores como el Puigmal, el Carlit, la Serrera, la Pica d&#8217;Estats, el Montardo o el Moli\u00e8res. Pero sin olvidar otros tan originales como el Puig del Pam, el pico de Fontfreda, el de Ventolau por el valle de Unarre o el Tuc de Maub\u00e8rme. Cada itinerario se acompa\u00f1a de una descripci\u00f3n pormenorizada, perfil de ruta, mapa y todos los datos pr\u00e1cticos necesarios para disfrutar de esos d\u00edas luminosos, en los que el fr\u00edo aire del invierno mantiene la nieve en perfectas condiciones para el tan ansiado descenso.<\/p>\n<p>N\u00ba P\u00e1g.:216<br \/>\nDimensiones: 11 cm x 19 cm<\/p>","protected":false},"excerpt":{"rendered":"<p>El Pirineo catal\u00e1n destaca por tener una orograf\u00eda y una innivaci\u00f3n muy apropiadas para la pr\u00e1ctica del esqu\u00ed de monta\u00f1a. Ambos factores hacen que nos hallemos ante un sector del Pirineo con unas posibilidades inmensas para disfrutar con todo tipo de ascensiones y traves\u00edas. Los 35 itinerarios que Oriol Guasch ha seleccionado se caracterizan por [&#8230;]\n","protected":false},"featured_media":177812,"template":"","meta":[],"product_brand":[],"product_cat":[21540],"product_tag":[],"class_list":{"0":"post-150400","1":"product","2":"type-product","3":"status-publish","4":"has-post-thumbnail","6":"product_cat-fuehrerliteratur-alpin-winter","7":"pa_autor-terre","8":"pa_erscheinungsjahr-22144","9":"pa_region-spanien","10":"pa_sprache-sp","12":"first","13":"onbackorder","14":"taxable","15":"shipping-taxable","16":"purchasable","17":"product-type-simple"},"_links":{"self":[{"href":"https:\/\/pizbube.ch\/en\/wp-json\/wp\/v2\/product\/150400","targetHints":{"allow":["GET"]}}],"collection":[{"href":"https:\/\/pizbube.ch\/en\/wp-json\/wp\/v2\/product"}],"about":[{"href":"https:\/\/pizbube.ch\/en\/wp-json\/wp\/v2\/types\/product"}],"wp:featuredmedia":[{"embeddable":true,"href":"https:\/\/pizbube.ch\/en\/wp-json\/wp\/v2\/media\/177812"}],"wp:attachment":[{"href":"https:\/\/pizbube.ch\/en\/wp-json\/wp\/v2\/media?parent=150400"}],"wp:term":[{"taxonomy":"product_brand","embeddable":true,"href":"https:\/\/pizbube.ch\/en\/wp-json\/wp\/v2\/product_brand?post=150400"},{"taxonomy":"product_cat","embeddable":true,"href":"https:\/\/pizbube.ch\/en\/wp-json\/wp\/v2\/product_cat?post=150400"},{"taxonomy":"product_tag","embeddable":true,"href":"https:\/\/pizbube.ch\/en\/wp-json\/wp\/v2\/product_tag?post=150400"}],"curies":[{"name":"wp","href":"https:\/\/api.w.org\/{rel}","templated":true}]}}