{"id":150413,"date":"2021-01-15T11:02:14","date_gmt":"2021-01-15T11:02:14","guid":{"rendered":"https:\/\/codengine3.ch\/?product=import-placeholder-for-201639"},"modified":"2021-01-15T12:03:23","modified_gmt":"2021-01-15T12:03:23","slug":"tansania-kilimanjaro","status":"publish","type":"product","link":"https:\/\/pizbube.ch\/en\/shop\/tansania-kilimanjaro\/","title":{"rendered":"Tansania: Kilimanjaro"},"content":{"rendered":"<p>\nEine landeskundliche Einf\u00fchrung informiert \u00fcber Entstehung, Entdeckung und<br \/>\nEroberung des Kilimanjaro wie auch \u00fcber seine vielf\u00e4ltige klimatisch-<br \/>\n\u00f6kologische Zonierung. Wichtige praktische Tips zur Vorbereitung der Reise wie<br \/>\nauch zum Aufenthalt vor Ort, zu An- und Abreise, Basisstationen, Klima,<br \/>\nPreisen etc. findet der Leser in den Reise-Infos von A bis Z. Ein weiteres<br \/>\npraktisches Kapitel ber\u00e4t mit Hinweisen zu Gefahren, Geh- und H\u00f6hentaktik, zu<br \/>\nOrganisation und Durchf\u00fchrung etc. in allen Fragen der Begehung des Kili.  <\/p>\n<p>Im Hauptteil schlie\u00dflich werden die sechs z.Z. begehbaren Trails (und eine<br \/>\nRundtour) in ihren Tagesetappen ausf\u00fchrlich beschrieben. Neben H\u00f6henangaben<br \/>\nund Orientierungshilfen macht der Autor auf die naturkundlichen Besonderheiten<br \/>\naufmerksam. Das OutdoorHandbuch empfiehlt sich allen Reisenden mit dem Ziel<br \/>\neiner Kilimanjaro-Besteigung als kompetenter und unentbehrlicher Begleiter.  <\/p>\n<p>8. aktualisierte Auflage 2011, 264 Seiten, 8 Farbkarten, 7 weitere Karten, 44<br \/>\nfarbige Abbildungen<\/p>","protected":false},"excerpt":{"rendered":"<p>Eine landeskundliche Einf\u00fchrung informiert \u00fcber Entstehung, Entdeckung und Eroberung des Kilimanjaro wie auch \u00fcber seine vielf\u00e4ltige klimatisch- \u00f6kologische Zonierung. Wichtige praktische Tips zur Vorbereitung der Reise wie auch zum Aufenthalt vor Ort, zu An- und Abreise, Basisstationen, Klima, Preisen etc. findet der Leser in den Reise-Infos von A bis Z. Ein weiteres praktisches Kapitel ber\u00e4t [&#8230;]\n","protected":false},"featured_media":29012,"template":"","meta":[],"product_brand":[],"product_cat":[21605],"product_tag":[],"class_list":{"0":"post-150413","1":"product","2":"type-product","3":"status-publish","4":"has-post-thumbnail","6":"product_cat-wanderfuehrer-trekking","7":"pa_autor-dippelreither","8":"pa_erscheinungsjahr-21610","9":"pa_region-afrika","10":"pa_sprache-de","12":"first","13":"outofstock","14":"taxable","15":"shipping-taxable","16":"purchasable","17":"product-type-simple"},"_links":{"self":[{"href":"https:\/\/pizbube.ch\/en\/wp-json\/wp\/v2\/product\/150413","targetHints":{"allow":["GET"]}}],"collection":[{"href":"https:\/\/pizbube.ch\/en\/wp-json\/wp\/v2\/product"}],"about":[{"href":"https:\/\/pizbube.ch\/en\/wp-json\/wp\/v2\/types\/product"}],"wp:featuredmedia":[{"embeddable":true,"href":"https:\/\/pizbube.ch\/en\/wp-json\/wp\/v2\/media\/29012"}],"wp:attachment":[{"href":"https:\/\/pizbube.ch\/en\/wp-json\/wp\/v2\/media?parent=150413"}],"wp:term":[{"taxonomy":"product_brand","embeddable":true,"href":"https:\/\/pizbube.ch\/en\/wp-json\/wp\/v2\/product_brand?post=150413"},{"taxonomy":"product_cat","embeddable":true,"href":"https:\/\/pizbube.ch\/en\/wp-json\/wp\/v2\/product_cat?post=150413"},{"taxonomy":"product_tag","embeddable":true,"href":"https:\/\/pizbube.ch\/en\/wp-json\/wp\/v2\/product_tag?post=150413"}],"curies":[{"name":"wp","href":"https:\/\/api.w.org\/{rel}","templated":true}]}}