{"id":150414,"date":"2021-01-15T11:02:15","date_gmt":"2021-01-15T11:02:15","guid":{"rendered":"https:\/\/codengine3.ch\/?product=import-placeholder-for-201638"},"modified":"2021-01-15T12:03:20","modified_gmt":"2021-01-15T12:03:20","slug":"kilimanjaro-tanzania","status":"publish","type":"product","link":"https:\/\/pizbube.ch\/en\/shop\/kilimanjaro-tanzania\/","title":{"rendered":"Kilimanjaro Tanzania"},"content":{"rendered":"<p>Kilimanjaro. Tanzania &#8211; Mount Kenya &#8211; Zanzibar<br \/>\nBergsteigen &#8211; Safari &#8211; Panoramaaufnahmen  <\/p>\n<p>Kilimanjaro\/Tanzania United Republic of Tanzania, die ehemalige deutsche<br \/>\nKolonie Ostafrika, lockt allj\u00e4hrlich Tausende von Touristen und Bergsteiger<br \/>\nzum h\u00f6chsten Berg Afrikas. Au\u00dferdem ist die Einreise von Kenya nach Tanzania<br \/>\nund umgekehrt unproblematisch. Das Kilimanjarogebiet ist allerdings nicht nur<br \/>\nf\u00fcr Bergsteiger interessant, gerade dem Wanderer (Trekker) bietet der<br \/>\nNationalpark ein besonderes Erlebnis durch das Vorhandensein aller Klimazonen<br \/>\nder Erde.<br \/>\nBei der Aufz\u00e4hlung aller Attraktionen Tanzanias darf man die einmaligen<br \/>\nTierreservate im Arusha-, Tarangire- und Lake Manyara Nationalpark, den<br \/>\nber\u00fchmten Ngorongoro-Krater, die Serengeti sowie die weniger bereisten<br \/>\nNationalparks Gombe Stream, Katavi, Mkomazi, Ruaha, Selous Game, Tarangire,<br \/>\nUgalla und Ukerewe im Viktoria See nicht vergessen, denn hier ist Tanzania mit<br \/>\nseiner unverbrauchten Natur unschlagbar. Die Safaris vermitteln Natur pur &#8211;<br \/>\nein Paradies f\u00fcr Tiere, z. B. im Ngorongoro. Der Mount Kenya kann, neben dem<br \/>\nMount Meru in Tanzania, zur besseren Akklimatisierung beitragen und wird bei<br \/>\nBergsteigern immer beliebter.  <\/p>","protected":false},"excerpt":{"rendered":"<p>Kilimanjaro. Tanzania &#8211; Mount Kenya &#8211; Zanzibar Bergsteigen &#8211; Safari &#8211; Panoramaaufnahmen Kilimanjaro\/Tanzania United Republic of Tanzania, die ehemalige deutsche Kolonie Ostafrika, lockt allj\u00e4hrlich Tausende von Touristen und Bergsteiger zum h\u00f6chsten Berg Afrikas. Au\u00dferdem ist die Einreise von Kenya nach Tanzania und umgekehrt unproblematisch. Das Kilimanjarogebiet ist allerdings nicht nur f\u00fcr Bergsteiger interessant, gerade dem [&#8230;]\n","protected":false},"featured_media":29011,"template":"","meta":[],"product_brand":[],"product_cat":[21605],"product_tag":[],"class_list":{"0":"post-150414","1":"product","2":"type-product","3":"status-publish","4":"has-post-thumbnail","6":"product_cat-wanderfuehrer-trekking","7":"pa_autor-rotter","8":"pa_erscheinungsjahr-21842","9":"pa_region-afrika","10":"pa_sprache-de","12":"first","13":"outofstock","14":"taxable","15":"shipping-taxable","16":"purchasable","17":"product-type-simple"},"_links":{"self":[{"href":"https:\/\/pizbube.ch\/en\/wp-json\/wp\/v2\/product\/150414","targetHints":{"allow":["GET"]}}],"collection":[{"href":"https:\/\/pizbube.ch\/en\/wp-json\/wp\/v2\/product"}],"about":[{"href":"https:\/\/pizbube.ch\/en\/wp-json\/wp\/v2\/types\/product"}],"wp:featuredmedia":[{"embeddable":true,"href":"https:\/\/pizbube.ch\/en\/wp-json\/wp\/v2\/media\/29011"}],"wp:attachment":[{"href":"https:\/\/pizbube.ch\/en\/wp-json\/wp\/v2\/media?parent=150414"}],"wp:term":[{"taxonomy":"product_brand","embeddable":true,"href":"https:\/\/pizbube.ch\/en\/wp-json\/wp\/v2\/product_brand?post=150414"},{"taxonomy":"product_cat","embeddable":true,"href":"https:\/\/pizbube.ch\/en\/wp-json\/wp\/v2\/product_cat?post=150414"},{"taxonomy":"product_tag","embeddable":true,"href":"https:\/\/pizbube.ch\/en\/wp-json\/wp\/v2\/product_tag?post=150414"}],"curies":[{"name":"wp","href":"https:\/\/api.w.org\/{rel}","templated":true}]}}