{"id":150416,"date":"2021-01-15T11:02:15","date_gmt":"2021-01-15T11:02:15","guid":{"rendered":"https:\/\/codengine3.ch\/?product=import-placeholder-for-203845"},"modified":"2021-01-15T14:27:11","modified_gmt":"2021-01-15T14:27:11","slug":"kilimandscharo","status":"publish","type":"product","link":"https:\/\/pizbube.ch\/en\/shop\/kilimandscharo\/","title":{"rendered":"Kilimandscharo"},"content":{"rendered":"<p>Der weisse Berg Afrikas<br \/>\nDer Kilimandscharo ist mit seinen 5892 Metern der h\u00f6chste Berg Afrikas und<br \/>\neiner der gr\u00f6ssten frei stehenden Berge der Welt. schildert die europ\u00e4ische<br \/>\nEntdeckung und Erforschung des Kilimandscharo-Gebirges von den Anf\u00e4ngen bis in<br \/>\nunsere Tage und erz\u00e4hlt mit literarischem Anspruch von den Lebenswegen der<br \/>\nhervorragendsten Forscher und Alpinisten in diesem Gebiet: von den<br \/>\nbergsteigenden Missionaren Johannes Rebmann und Charles New \u00fcber den<br \/>\nErstbesteiger Hans Meyer bis hin zur extremen Route Reinhold Messners.<br \/>\nDas Buch f\u00fchrt aber nicht nur durch die Geschichte, sondern stellt auch die<br \/>\ngegenw\u00e4rtige touristische Erschliessung dar und streift Themen wie Flora und<br \/>\nFauna, Geologie und Vulkanismus, H\u00f6henerkrankungen, Klima, Bev\u00f6lkerung. Auch<br \/>\nkulturhistorische Betrachtungen \u00fcber den Kilimandscharo in Literatur, Kunst<br \/>\nund Film sowie die Besteigungsgeschichte des Mawenzi- des afrikanischen<br \/>\nEigers- werden mit einbezogen, so dass eine vollendete Verbindung von<br \/>\nbiografischer Erz\u00e4hlung, sachlicher Information und attraktivem Reisef\u00fchrer<br \/>\nentsteht.  <\/p>","protected":false},"excerpt":{"rendered":"<p>Der weisse Berg Afrikas Der Kilimandscharo ist mit seinen 5892 Metern der h\u00f6chste Berg Afrikas und einer der gr\u00f6ssten frei stehenden Berge der Welt. schildert die europ\u00e4ische Entdeckung und Erforschung des Kilimandscharo-Gebirges von den Anf\u00e4ngen bis in unsere Tage und erz\u00e4hlt mit literarischem Anspruch von den Lebenswegen der hervorragendsten Forscher und Alpinisten in diesem Gebiet: [&#8230;]\n","protected":false},"featured_media":31539,"template":"","meta":[],"product_brand":[],"product_cat":[21542],"product_tag":[],"class_list":{"0":"post-150416","1":"product","2":"type-product","3":"status-publish","4":"has-post-thumbnail","6":"product_cat-sachbuecher-dokumentationen","7":"pa_autor-lange","8":"pa_erscheinungsjahr-21776","9":"pa_region-afrika","10":"pa_sprache-de","12":"first","13":"instock","14":"taxable","15":"shipping-taxable","16":"purchasable","17":"product-type-simple"},"_links":{"self":[{"href":"https:\/\/pizbube.ch\/en\/wp-json\/wp\/v2\/product\/150416","targetHints":{"allow":["GET"]}}],"collection":[{"href":"https:\/\/pizbube.ch\/en\/wp-json\/wp\/v2\/product"}],"about":[{"href":"https:\/\/pizbube.ch\/en\/wp-json\/wp\/v2\/types\/product"}],"wp:featuredmedia":[{"embeddable":true,"href":"https:\/\/pizbube.ch\/en\/wp-json\/wp\/v2\/media\/31539"}],"wp:attachment":[{"href":"https:\/\/pizbube.ch\/en\/wp-json\/wp\/v2\/media?parent=150416"}],"wp:term":[{"taxonomy":"product_brand","embeddable":true,"href":"https:\/\/pizbube.ch\/en\/wp-json\/wp\/v2\/product_brand?post=150416"},{"taxonomy":"product_cat","embeddable":true,"href":"https:\/\/pizbube.ch\/en\/wp-json\/wp\/v2\/product_cat?post=150416"},{"taxonomy":"product_tag","embeddable":true,"href":"https:\/\/pizbube.ch\/en\/wp-json\/wp\/v2\/product_tag?post=150416"}],"curies":[{"name":"wp","href":"https:\/\/api.w.org\/{rel}","templated":true}]}}