{"id":150421,"date":"2021-01-15T11:02:15","date_gmt":"2021-01-15T11:02:15","guid":{"rendered":"https:\/\/codengine3.ch\/?product=import-placeholder-for-205239"},"modified":"2024-04-05T09:28:51","modified_gmt":"2024-04-05T07:28:51","slug":"traumberg-kilimandscharo","status":"publish","type":"product","link":"https:\/\/pizbube.ch\/en\/shop\/traumberg-kilimandscharo\/","title":{"rendered":"Traumberg Kilimandscharo"},"content":{"rendered":"<p>Vom Regenwald zum tropischen Eis &#8211; Ein Reisebericht<\/p>\n<p>Nach seinem erfolgreichen Sachbuch &#8218;Kilimandscharo &#8211;<br \/>\nDer wei\u00dfe Berg Afrikas&#8216; legt P. Werner Lange nun eine Reise-<br \/>\nbeschreibung vor, erz\u00e4hlt vom Hergang der Bergtouren, wandert mit<br \/>\ndem Leser durch eindrucksvolle Berglandschaften vom \u00c4quator<br \/>\nzum Pol, vom tropischen Regenwald zum Eis der Gipfelw\u00fcste,<br \/>\nforscht nach den geheimnisvollen Zwergen, die auf dem Kibogipfel<br \/>\nleben sollen und denen er im H\u00f6henrausch und in den Legenden<br \/>\ndes Chaggavolkes begegnet, erfragt Ansichten, das \u00fcberlieferte<br \/>\nWissen und die Lebensumst\u00e4nde seiner afrikanischen Begleiter.<\/p>\n<p>Er betrachtet Wesen und Beweggr\u00fcnde anderer Bergsteiger und<br \/>\nstellt sich hoch \u00fcber der flammenhei\u00dfen Steppe, im Schneesturm und<br \/>\nin frostkalten N\u00e4chten immer wieder Fragen nach dem Sinn und<br \/>\ndem Unsinn des Reisens. Dabei erinnert er auch an jene M\u00e4nner, die<br \/>\ndem Kilimandscharogebirge auf unseren Landkarten ein Gesicht<br \/>\ngaben, und kommt nicht umhin, den Hergang von Trag\u00f6dien zu<br \/>\nschildern, die sich dort w\u00e4hrend der letzten Jahre ereigneten.<\/p>\n<p>Dennoch, vornehmlich ist dies das Buch eines entschlossenen<br \/>\nTr\u00e4umers, das die Szenen einer empfindsamen Bergfahrt &#8218;ohne<br \/>\nVordergrund&#8216; beschreibt und damit zum Traum von Gipfeln und<br \/>\nzur Sehnsucht nach Afrika einl\u00e4dt. Sowohl denen, die sich der<br \/>\nbildhaften Schilderung im Lesesessel \u00fcberlassen, als auch jenen,<br \/>\ndie den Aufstieg wagen wollen oder schon erlebt haben, wird<br \/>\ndiese Erz\u00e4hlung von einer drei Wochen w\u00e4hrenden Tour im Mythos<br \/>\nKilimandscharo ein anregender und kenntnisreicher<br \/>\nWegbegleiter sein.<\/p>","protected":false},"excerpt":{"rendered":"<p>Vom Regenwald zum tropischen Eis &#8211; Ein Reisebericht Nach seinem erfolgreichen Sachbuch &#8218;Kilimandscharo &#8211; Der wei\u00dfe Berg Afrikas&#8216; legt P. Werner Lange nun eine Reise- beschreibung vor, erz\u00e4hlt vom Hergang der Bergtouren, wandert mit dem Leser durch eindrucksvolle Berglandschaften vom \u00c4quator zum Pol, vom tropischen Regenwald zum Eis der Gipfelw\u00fcste, forscht nach den geheimnisvollen Zwergen, [&#8230;]\n","protected":false},"featured_media":33888,"template":"","meta":[],"product_brand":[],"product_cat":[21542],"product_tag":[],"class_list":{"0":"post-150421","1":"product","2":"type-product","3":"status-publish","4":"has-post-thumbnail","6":"product_cat-sachbuecher-dokumentationen","7":"pa_autor-lange","8":"pa_erscheinungsjahr-21591","9":"pa_region-afrika","10":"pa_sprache-de","12":"first","13":"instock","14":"taxable","15":"shipping-taxable","16":"purchasable","17":"product-type-simple"},"_links":{"self":[{"href":"https:\/\/pizbube.ch\/en\/wp-json\/wp\/v2\/product\/150421","targetHints":{"allow":["GET"]}}],"collection":[{"href":"https:\/\/pizbube.ch\/en\/wp-json\/wp\/v2\/product"}],"about":[{"href":"https:\/\/pizbube.ch\/en\/wp-json\/wp\/v2\/types\/product"}],"wp:featuredmedia":[{"embeddable":true,"href":"https:\/\/pizbube.ch\/en\/wp-json\/wp\/v2\/media\/33888"}],"wp:attachment":[{"href":"https:\/\/pizbube.ch\/en\/wp-json\/wp\/v2\/media?parent=150421"}],"wp:term":[{"taxonomy":"product_brand","embeddable":true,"href":"https:\/\/pizbube.ch\/en\/wp-json\/wp\/v2\/product_brand?post=150421"},{"taxonomy":"product_cat","embeddable":true,"href":"https:\/\/pizbube.ch\/en\/wp-json\/wp\/v2\/product_cat?post=150421"},{"taxonomy":"product_tag","embeddable":true,"href":"https:\/\/pizbube.ch\/en\/wp-json\/wp\/v2\/product_tag?post=150421"}],"curies":[{"name":"wp","href":"https:\/\/api.w.org\/{rel}","templated":true}]}}