{"id":150436,"date":"2021-01-15T11:02:21","date_gmt":"2021-01-15T11:02:21","guid":{"rendered":"https:\/\/codengine3.ch\/?product=import-placeholder-for-205044"},"modified":"2026-01-14T10:26:21","modified_gmt":"2026-01-14T09:26:21","slug":"sommets-du-nepal","status":"publish","type":"product","link":"https:\/\/pizbube.ch\/en\/shop\/sommets-du-nepal\/","title":{"rendered":"Sommets du Nepal"},"content":{"rendered":"<p>Ce livre r\u00e9pond \u00e0 la premi\u00e8re question qui se pose \u00e0 celui qui veut partir en<br \/>\nHimalaya du N\u00e9pal : quel sommet choisir? Il apporte ensuite les clefs<br \/>\nindispensables pour pr\u00e9parer sereinement une ascension. Les g\u00e9ants et les<br \/>\ngrands classiques comme l&#8217;Annapurna I, le Dhaulagiri, l&#8217;Ama Dablam ou le Mera<br \/>\nPeak sont au rendez-vous. Mais \u00e0 l&#8217;ombre des 7000, il existe une multitude<br \/>\nd&#8217;autres sommets plus modestes, tout aussi int\u00e9ressants et bien adapt\u00e9s \u00e0<br \/>\nl&#8217;apprentissage d&#8217;un himalayisme proche de la technique alpine.<\/p>\n<p>Cette invitation au voyage plus pr\u00e8s du ciel s&#8217;adresse donc aussi bien au r\u00eaveur<br \/>\nd&#8217;Himalaya et au montagnard contemplatif q&#8217;\u00e0 l&#8217;alpiniste exp\u00e9riment\u00e9. Mais<br \/>\nattention, l&#8217;aventure n&#8217;est pas sans risque, car ceux qui partent vers les<br \/>\ncimes du N\u00e9pal se voient condamn\u00e9s \u00e0 y retourner un jour, plus tard- pour leur<br \/>\nplus grand bonheur.<\/p>\n<p>Parce que les hauts sommets font r\u00eaver, parce que le N\u00e9pal est la destination<br \/>\nmythique par excellence- une s\u00e9lection des plus belles ascensions pour tous<br \/>\nles passionn\u00e9s.<\/p>\n<p><span class=\"MuiTypography-root sc-bb6e17aa-0 fcctQv MuiTypography-body2\">195mm x 258mm, 144 pages<\/span><\/p>","protected":false},"excerpt":{"rendered":"<p>Ce livre r\u00e9pond \u00e0 la premi\u00e8re question qui se pose \u00e0 celui qui veut partir en Himalaya du N\u00e9pal : quel sommet choisir? Il apporte ensuite les clefs indispensables pour pr\u00e9parer sereinement une ascension. Les g\u00e9ants et les grands classiques comme l&#8217;Annapurna I, le Dhaulagiri, l&#8217;Ama Dablam ou le Mera Peak sont au rendez-vous. Mais [&#8230;]\n","protected":false},"featured_media":163960,"template":"","meta":[],"product_brand":[],"product_cat":[21544],"product_tag":[],"class_list":{"0":"post-150436","1":"product","2":"type-product","3":"status-publish","4":"has-post-thumbnail","6":"product_cat-fuehrerliteratur-alpin-sommer","7":"pa_autor-annequin-grobel","8":"pa_erscheinungsjahr-21842","9":"pa_region-asien","10":"pa_sprache-fr","12":"first","13":"instock","14":"taxable","15":"shipping-taxable","16":"purchasable","17":"product-type-simple"},"_links":{"self":[{"href":"https:\/\/pizbube.ch\/en\/wp-json\/wp\/v2\/product\/150436","targetHints":{"allow":["GET"]}}],"collection":[{"href":"https:\/\/pizbube.ch\/en\/wp-json\/wp\/v2\/product"}],"about":[{"href":"https:\/\/pizbube.ch\/en\/wp-json\/wp\/v2\/types\/product"}],"wp:featuredmedia":[{"embeddable":true,"href":"https:\/\/pizbube.ch\/en\/wp-json\/wp\/v2\/media\/163960"}],"wp:attachment":[{"href":"https:\/\/pizbube.ch\/en\/wp-json\/wp\/v2\/media?parent=150436"}],"wp:term":[{"taxonomy":"product_brand","embeddable":true,"href":"https:\/\/pizbube.ch\/en\/wp-json\/wp\/v2\/product_brand?post=150436"},{"taxonomy":"product_cat","embeddable":true,"href":"https:\/\/pizbube.ch\/en\/wp-json\/wp\/v2\/product_cat?post=150436"},{"taxonomy":"product_tag","embeddable":true,"href":"https:\/\/pizbube.ch\/en\/wp-json\/wp\/v2\/product_tag?post=150436"}],"curies":[{"name":"wp","href":"https:\/\/api.w.org\/{rel}","templated":true}]}}