{"id":150438,"date":"2021-01-15T11:02:21","date_gmt":"2021-01-15T11:02:21","guid":{"rendered":"https:\/\/codengine3.ch\/?product=import-placeholder-for-203036"},"modified":"2022-11-01T11:01:17","modified_gmt":"2022-11-01T10:01:17","slug":"cho-oyu-gnade-der-goetter","status":"publish","type":"product","link":"https:\/\/pizbube.ch\/en\/shop\/cho-oyu-gnade-der-goetter\/","title":{"rendered":"Cho Oyu Gnade der G\u00f6tter"},"content":{"rendered":"<p>In den 50er Jahren, als sich wagemutige Bergsteiger daran machten die 8000er<br \/>\nGipfel im Himalaya zu besteigen, gelang es ausgerechnet einem, der sich<br \/>\ngrunds\u00e4tzlich aus dem Wettbewerb heraushielt, den Gipfel des sechsh\u00f6chsten<br \/>\nBerges der Welt, des CHO OYU, erstzubesteigen; Dem \u00d6sterreicher Dr. Herbert<br \/>\nTichy.<\/p>\n<p>Anl\u00e4sslich des 50-Jahr Jubil\u00e4ums der Erstbesteigung des Cho Oyu wird Tichys<br \/>\nBuch erweitert um eine Chronologie der Besteigungsgeschichte des Cho Oyu und<br \/>\nmit einem Vorwort von Heinrich Treichl neu aufgelegt.<\/p>","protected":false},"excerpt":{"rendered":"<p>In den 50er Jahren, als sich wagemutige Bergsteiger daran machten die 8000er Gipfel im Himalaya zu besteigen, gelang es ausgerechnet einem, der sich grunds\u00e4tzlich aus dem Wettbewerb heraushielt, den Gipfel des sechsh\u00f6chsten Berges der Welt, des CHO OYU, erstzubesteigen; Dem \u00d6sterreicher Dr. Herbert Tichy. Anl\u00e4sslich des 50-Jahr Jubil\u00e4ums der Erstbesteigung des Cho Oyu wird Tichys [&#8230;]\n","protected":false},"featured_media":30548,"template":"","meta":[],"product_brand":[],"product_cat":[21542],"product_tag":[],"class_list":{"0":"post-150438","1":"product","2":"type-product","3":"status-publish","4":"has-post-thumbnail","6":"product_cat-sachbuecher-dokumentationen","7":"pa_autor-tichy","8":"pa_erscheinungsjahr-21920","9":"pa_region-asien","10":"pa_sprache-de","12":"first","13":"instock","14":"taxable","15":"shipping-taxable","16":"purchasable","17":"product-type-simple"},"_links":{"self":[{"href":"https:\/\/pizbube.ch\/en\/wp-json\/wp\/v2\/product\/150438","targetHints":{"allow":["GET"]}}],"collection":[{"href":"https:\/\/pizbube.ch\/en\/wp-json\/wp\/v2\/product"}],"about":[{"href":"https:\/\/pizbube.ch\/en\/wp-json\/wp\/v2\/types\/product"}],"wp:featuredmedia":[{"embeddable":true,"href":"https:\/\/pizbube.ch\/en\/wp-json\/wp\/v2\/media\/30548"}],"wp:attachment":[{"href":"https:\/\/pizbube.ch\/en\/wp-json\/wp\/v2\/media?parent=150438"}],"wp:term":[{"taxonomy":"product_brand","embeddable":true,"href":"https:\/\/pizbube.ch\/en\/wp-json\/wp\/v2\/product_brand?post=150438"},{"taxonomy":"product_cat","embeddable":true,"href":"https:\/\/pizbube.ch\/en\/wp-json\/wp\/v2\/product_cat?post=150438"},{"taxonomy":"product_tag","embeddable":true,"href":"https:\/\/pizbube.ch\/en\/wp-json\/wp\/v2\/product_tag?post=150438"}],"curies":[{"name":"wp","href":"https:\/\/api.w.org\/{rel}","templated":true}]}}