{"id":150439,"date":"2021-01-15T11:02:21","date_gmt":"2021-01-15T11:02:21","guid":{"rendered":"https:\/\/codengine3.ch\/?product=import-placeholder-for-202022"},"modified":"2021-01-15T12:32:42","modified_gmt":"2021-01-15T12:32:42","slug":"mein-weg-zum-dach-der-welt","status":"publish","type":"product","link":"https:\/\/pizbube.ch\/en\/shop\/mein-weg-zum-dach-der-welt\/","title":{"rendered":"Mein Weg zum Dach der Welt"},"content":{"rendered":"<p>Im Mittelpunkt der Erz\u00e4hlungen des Expeditionsarztes stehen die Expeditionen<br \/>\nzum Baruntse und Cho Oyu von 1995 und 1996. Authentischer Bericht \u00fcber die<br \/>\nBesteigungen in grossen H\u00f6hen! Farbfotos.  <\/p>","protected":false},"excerpt":{"rendered":"<p>Im Mittelpunkt der Erz\u00e4hlungen des Expeditionsarztes stehen die Expeditionen zum Baruntse und Cho Oyu von 1995 und 1996. Authentischer Bericht \u00fcber die Besteigungen in grossen H\u00f6hen! Farbfotos.<\/p>","protected":false},"featured_media":29403,"template":"","meta":[],"product_brand":[],"product_cat":[21542],"product_tag":[],"class_list":{"0":"post-150439","1":"product","2":"type-product","3":"status-publish","4":"has-post-thumbnail","6":"product_cat-sachbuecher-dokumentationen","7":"pa_autor-stockert","8":"pa_erscheinungsjahr-22133","9":"pa_region-asien","10":"pa_sprache-de","12":"first","13":"outofstock","14":"taxable","15":"shipping-taxable","16":"purchasable","17":"product-type-simple"},"_links":{"self":[{"href":"https:\/\/pizbube.ch\/en\/wp-json\/wp\/v2\/product\/150439","targetHints":{"allow":["GET"]}}],"collection":[{"href":"https:\/\/pizbube.ch\/en\/wp-json\/wp\/v2\/product"}],"about":[{"href":"https:\/\/pizbube.ch\/en\/wp-json\/wp\/v2\/types\/product"}],"wp:featuredmedia":[{"embeddable":true,"href":"https:\/\/pizbube.ch\/en\/wp-json\/wp\/v2\/media\/29403"}],"wp:attachment":[{"href":"https:\/\/pizbube.ch\/en\/wp-json\/wp\/v2\/media?parent=150439"}],"wp:term":[{"taxonomy":"product_brand","embeddable":true,"href":"https:\/\/pizbube.ch\/en\/wp-json\/wp\/v2\/product_brand?post=150439"},{"taxonomy":"product_cat","embeddable":true,"href":"https:\/\/pizbube.ch\/en\/wp-json\/wp\/v2\/product_cat?post=150439"},{"taxonomy":"product_tag","embeddable":true,"href":"https:\/\/pizbube.ch\/en\/wp-json\/wp\/v2\/product_tag?post=150439"}],"curies":[{"name":"wp","href":"https:\/\/api.w.org\/{rel}","templated":true}]}}