{"id":150440,"date":"2021-01-15T11:02:21","date_gmt":"2021-01-15T11:02:21","guid":{"rendered":"https:\/\/codengine3.ch\/?product=import-placeholder-for-208649"},"modified":"2021-01-15T17:56:22","modified_gmt":"2021-01-15T17:56:22","slug":"cho-oyu-goettin-des-tuerkis","status":"publish","type":"product","link":"https:\/\/pizbube.ch\/en\/shop\/cho-oyu-goettin-des-tuerkis\/","title":{"rendered":"CHO OYU &#8211; G\u00f6ttin des T\u00fcrkis"},"content":{"rendered":"<p>Als Reinhold Messner 1983 den Cho Oyu erreichte, war es erst die vierte<br \/>\nBesteigung \u00fcberhaupt; heute stehen jedes Jahr Hunderte auf seinem Gipfel.<br \/>\nReinhold Messner beleuchtet Triumphe und Trag\u00f6dien, Geschichte und Gegenwart<br \/>\ndes sechsth\u00f6chsten Bergs der Welt. Den Tibetern gilt der Cho Oyu als heilig;<br \/>\nin Europa wurde seine Existenz erst 1921 bekannt. Lange Zeit war er der am<br \/>\nwenigsten begangene Achttausender, heute ist er mit dem Mount Everest der<br \/>\nmeistbestiegene &#8211; und doch hat er nichts von seinen Gefahren verloren.  <\/p>\n<p>Reinhold Messner berichtet von der Bedeutung des Nangpa La, des h\u00f6chsten<br \/>\nregelm\u00e4\u00dfig \u00fcberschrittenen Passes der Welt, 6000 Meter hoch, \u00fcber den seit<br \/>\nUrzeiten die Menschen des Himalaja ziehen, um Handel zu treiben. Er erz\u00e4hlt<br \/>\nvon der Erstbesteigung durch den \u00d6sterreicher Herbert Tichy 1954, vom<br \/>\ndramatischen Verlauf der Frauenexpedition 1959, von Reinhard Karls Tod, vom<br \/>\neigenen Scheitern am Cho Oyu und der Besteigung 1983. Zuletzt von modernen<br \/>\nRouten wie der von Denis Urubko an der S\u00fcdostwand.<br \/>\nTaschenbuchausg. 2015  <\/p>","protected":false},"excerpt":{"rendered":"<p>Als Reinhold Messner 1983 den Cho Oyu erreichte, war es erst die vierte Besteigung \u00fcberhaupt; heute stehen jedes Jahr Hunderte auf seinem Gipfel. Reinhold Messner beleuchtet Triumphe und Trag\u00f6dien, Geschichte und Gegenwart des sechsth\u00f6chsten Bergs der Welt. Den Tibetern gilt der Cho Oyu als heilig; in Europa wurde seine Existenz erst 1921 bekannt. Lange Zeit [&#8230;]\n","protected":false},"featured_media":26787,"template":"","meta":[],"product_brand":[],"product_cat":[21542],"product_tag":[],"class_list":{"0":"post-150440","1":"product","2":"type-product","3":"status-publish","4":"has-post-thumbnail","6":"product_cat-sachbuecher-dokumentationen","7":"pa_autor-messner","8":"pa_erscheinungsjahr-21597","9":"pa_region-asien","10":"pa_sprache-de","12":"first","13":"instock","14":"taxable","15":"shipping-taxable","16":"purchasable","17":"product-type-simple"},"_links":{"self":[{"href":"https:\/\/pizbube.ch\/en\/wp-json\/wp\/v2\/product\/150440","targetHints":{"allow":["GET"]}}],"collection":[{"href":"https:\/\/pizbube.ch\/en\/wp-json\/wp\/v2\/product"}],"about":[{"href":"https:\/\/pizbube.ch\/en\/wp-json\/wp\/v2\/types\/product"}],"wp:featuredmedia":[{"embeddable":true,"href":"https:\/\/pizbube.ch\/en\/wp-json\/wp\/v2\/media\/26787"}],"wp:attachment":[{"href":"https:\/\/pizbube.ch\/en\/wp-json\/wp\/v2\/media?parent=150440"}],"wp:term":[{"taxonomy":"product_brand","embeddable":true,"href":"https:\/\/pizbube.ch\/en\/wp-json\/wp\/v2\/product_brand?post=150440"},{"taxonomy":"product_cat","embeddable":true,"href":"https:\/\/pizbube.ch\/en\/wp-json\/wp\/v2\/product_cat?post=150440"},{"taxonomy":"product_tag","embeddable":true,"href":"https:\/\/pizbube.ch\/en\/wp-json\/wp\/v2\/product_tag?post=150440"}],"curies":[{"name":"wp","href":"https:\/\/api.w.org\/{rel}","templated":true}]}}