{"id":150441,"date":"2021-01-15T11:02:21","date_gmt":"2021-01-15T11:02:21","guid":{"rendered":"https:\/\/codengine3.ch\/?product=import-placeholder-for-200952"},"modified":"2026-03-12T09:47:25","modified_gmt":"2026-03-12T08:47:25","slug":"cilento","status":"publish","type":"product","link":"https:\/\/pizbube.ch\/en\/shop\/cilento\/","title":{"rendered":"Cilento &#8211; 50 Touren im S\u00fcden Kampaniens \u2013 von Salerno bis Sapri"},"content":{"rendered":"<p><span class=\"value\">Das Cilento in Kampanien ist eine der noch wenig bekannten Wanderregionen S\u00fcditaliens \u2013 eine wahre Perle f\u00fcr Naturliebhaber und Kulturbegeisterte. Cilento \u2013 das bedeutet nicht nur Sonne und das ber\u00fchmte \u00bbdolce vita\u00ab, sondern auch eine eindrucksvolle Verbindung von mediterraner Natur und kulturellem Erbe. Mit 50 sorgf\u00e4ltig ausgew\u00e4hlten Touren zeigt der Rother Wanderf\u00fchrer \u00bbCilento\u00aballe Facetten dieser spektakul\u00e4ren s\u00fcditalienische Landschaft.<\/span><\/p>\n<p>Die Wanderungen f\u00fchren in die Region zwischen den sehenswerten St\u00e4dten Salerno und Sapri, an die malerischen K\u00fcsten des Thyrrenischen Meeres und bis auf die Gipfel des s\u00fcdlichen Apennins. Unber\u00fchrte Natur, idyllisches Bauernland und eine faszinierende Tierwelt lassen sich entdecken \u2013 mit etwas Gl\u00fcck ist sogar das Heulen der seltenen Apennin-W\u00f6lfe zu h\u00f6ren. Der Nationalpark \u00bbParco Nazionale del Cilento, Vallo di Diano e Alburni\u00ab, viele UNESCO-Welterbe-St\u00e4tten, antike Ruinen wie Paestum, mittelalterliche Kl\u00f6ster und charmante Bergd\u00f6rfer machen jede Wanderung zu einem kulturellen Highlight.<\/p>\n<p>Ob gem\u00fctlicher Spaziergang oder anspruchsvolle Bergtour \u2013 der Rother Wanderf\u00fchrer bietet f\u00fcr jeden Anspruch die passende Route. Detaillierte Wegbeschreibungen, pr\u00e4zise Wanderkarten, H\u00f6henprofile und gepr\u00fcfte GPS-Tracks zum Download sorgen f\u00fcr perfekte Orientierung. Erg\u00e4nzt werden die Wanderbeschreibungen durch wertvolle Tipps zu Badepl\u00e4tzen, Einkehrm\u00f6glichkeiten und Sehensw\u00fcrdigkeiten entlang der Wege.<\/p>\n<p>3. neu bearbeitete Auflage 2026<br \/>\n168 Seiten, 50 H\u00f6henprofile, 50 Wanderk\u00e4rtchen im Ma\u00dfstab 1:25.000 und 1:50.00,<br \/>\nzwei \u00dcbersichtskarten, GPS-Tracks zum Download<\/p>","protected":false},"excerpt":{"rendered":"<p>Das Cilento in Kampanien ist eine der noch wenig bekannten Wanderregionen S\u00fcditaliens \u2013 eine wahre Perle f\u00fcr Naturliebhaber und Kulturbegeisterte. Cilento \u2013 das bedeutet nicht nur Sonne und das ber\u00fchmte \u00bbdolce vita\u00ab, sondern auch eine eindrucksvolle Verbindung von mediterraner Natur und kulturellem Erbe. Mit 50 sorgf\u00e4ltig ausgew\u00e4hlten Touren zeigt der Rother Wanderf\u00fchrer \u00bbCilento\u00aballe Facetten dieser [&#8230;]\n","protected":false},"featured_media":183413,"template":"","meta":[],"product_brand":[],"product_cat":[21605],"product_tag":[],"class_list":{"0":"post-150441","1":"product","2":"type-product","3":"status-publish","4":"has-post-thumbnail","6":"product_cat-wanderfuehrer-trekking","7":"pa_autor-tuschar","8":"pa_erscheinungsjahr-27654","9":"pa_region-italien","10":"pa_sprache-de","12":"first","13":"instock","14":"taxable","15":"shipping-taxable","16":"purchasable","17":"product-type-simple"},"_links":{"self":[{"href":"https:\/\/pizbube.ch\/en\/wp-json\/wp\/v2\/product\/150441","targetHints":{"allow":["GET"]}}],"collection":[{"href":"https:\/\/pizbube.ch\/en\/wp-json\/wp\/v2\/product"}],"about":[{"href":"https:\/\/pizbube.ch\/en\/wp-json\/wp\/v2\/types\/product"}],"wp:featuredmedia":[{"embeddable":true,"href":"https:\/\/pizbube.ch\/en\/wp-json\/wp\/v2\/media\/183413"}],"wp:attachment":[{"href":"https:\/\/pizbube.ch\/en\/wp-json\/wp\/v2\/media?parent=150441"}],"wp:term":[{"taxonomy":"product_brand","embeddable":true,"href":"https:\/\/pizbube.ch\/en\/wp-json\/wp\/v2\/product_brand?post=150441"},{"taxonomy":"product_cat","embeddable":true,"href":"https:\/\/pizbube.ch\/en\/wp-json\/wp\/v2\/product_cat?post=150441"},{"taxonomy":"product_tag","embeddable":true,"href":"https:\/\/pizbube.ch\/en\/wp-json\/wp\/v2\/product_tag?post=150441"}],"curies":[{"name":"wp","href":"https:\/\/api.w.org\/{rel}","templated":true}]}}