{"id":150442,"date":"2021-01-15T11:02:21","date_gmt":"2021-01-15T11:02:21","guid":{"rendered":"https:\/\/codengine3.ch\/?product=import-placeholder-for-208593"},"modified":"2021-01-15T17:55:42","modified_gmt":"2021-01-15T17:55:42","slug":"mountainbiken-im-cilento","status":"publish","type":"product","link":"https:\/\/pizbube.ch\/en\/shop\/mountainbiken-im-cilento\/","title":{"rendered":"MOUNTAINBIKEN im CILENTO"},"content":{"rendered":"<p>52 Touren zwischen Meer und Felsen in Su\u0308ditalien.  <\/p>\n<p>Eine Auswahl an 52 Touren bei denen ihr das ganze Jahr \u00fcber die traumhaften<br \/>\nLandschaften des Nationalparks Cilento, Vallo di Diano e Alburni entdecken<br \/>\nk\u00f6nnt.<\/p>\n<p>Mountainbiken im Cilento: Unber\u00fchrte Natur zwischen Meer und Felsen, mit<br \/>\natemberaubenden Aussichten, dem Duft der mediterranen Macchienvegetation,<br \/>\nTraumstr\u00e4nden, einsamen Gipfeln, uralten D\u00f6rfern und Pfaden, Geisterst\u00e4dten<br \/>\nund der typisch l\u00e4ndlichen Gastfreundschaft, die an vergangene Zeiten<br \/>\nerinnert.<\/p>\n<p>Diese Region ist ideal f\u00fcr versierte Biker, die auf der Suche nach Spa\u00df sind,<br \/>\naber Fahrradtouristen und Familien kommen hier voll auf ihre Kosten. Dieses<br \/>\nBuch ist perfekt f\u00fcr alle, die einen MTB-Urlaub im S\u00fcden Salernos planen oder<br \/>\nhier ihren Sommerurlaub verbringen und dabei nicht auf den geliebten Untersatz<br \/>\nverzichten wollen.<\/p>","protected":false},"excerpt":{"rendered":"<p>52 Touren zwischen Meer und Felsen in Su\u0308ditalien. Eine Auswahl an 52 Touren bei denen ihr das ganze Jahr \u00fcber die traumhaften Landschaften des Nationalparks Cilento, Vallo di Diano e Alburni entdecken k\u00f6nnt. Mountainbiken im Cilento: Unber\u00fchrte Natur zwischen Meer und Felsen, mit atemberaubenden Aussichten, dem Duft der mediterranen Macchienvegetation, Traumstr\u00e4nden, einsamen Gipfeln, uralten D\u00f6rfern [&#8230;]\n","protected":false},"featured_media":40656,"template":"","meta":[],"product_brand":[],"product_cat":[21606],"product_tag":[],"class_list":{"0":"post-150442","1":"product","2":"type-product","3":"status-publish","4":"has-post-thumbnail","6":"product_cat-mountainbikefuehrer","7":"pa_autor-naddeo-la-bella","8":"pa_erscheinungsjahr-21574","9":"pa_region-italien","10":"pa_sprache-de","12":"first","13":"instock","14":"taxable","15":"shipping-taxable","16":"purchasable","17":"product-type-simple"},"_links":{"self":[{"href":"https:\/\/pizbube.ch\/en\/wp-json\/wp\/v2\/product\/150442","targetHints":{"allow":["GET"]}}],"collection":[{"href":"https:\/\/pizbube.ch\/en\/wp-json\/wp\/v2\/product"}],"about":[{"href":"https:\/\/pizbube.ch\/en\/wp-json\/wp\/v2\/types\/product"}],"wp:featuredmedia":[{"embeddable":true,"href":"https:\/\/pizbube.ch\/en\/wp-json\/wp\/v2\/media\/40656"}],"wp:attachment":[{"href":"https:\/\/pizbube.ch\/en\/wp-json\/wp\/v2\/media?parent=150442"}],"wp:term":[{"taxonomy":"product_brand","embeddable":true,"href":"https:\/\/pizbube.ch\/en\/wp-json\/wp\/v2\/product_brand?post=150442"},{"taxonomy":"product_cat","embeddable":true,"href":"https:\/\/pizbube.ch\/en\/wp-json\/wp\/v2\/product_cat?post=150442"},{"taxonomy":"product_tag","embeddable":true,"href":"https:\/\/pizbube.ch\/en\/wp-json\/wp\/v2\/product_tag?post=150442"}],"curies":[{"name":"wp","href":"https:\/\/api.w.org\/{rel}","templated":true}]}}