{"id":150448,"date":"2021-01-15T11:02:22","date_gmt":"2021-01-15T11:02:22","guid":{"rendered":"https:\/\/codengine3.ch\/?product=import-placeholder-for-200955"},"modified":"2021-01-15T11:02:25","modified_gmt":"2021-01-15T11:02:25","slug":"sommets-des-ecrins","status":"publish","type":"product","link":"https:\/\/pizbube.ch\/en\/shop\/sommets-des-ecrins\/","title":{"rendered":"Sommets des Ecrins"},"content":{"rendered":"<p>les plus belles courses faciles (43 Touren sind beschrieben, Topos und Fotos).  <\/p>\n<p>La r\u00e9f\u00e9rence mise au go\u00fbt du jour en ce qui concerne les classiques de<br \/>\nl&#8217;alpinisme dans les plus grands Parcs Nationaux fran\u00e7ais; par exemple:<br \/>\nPic central de la Meije &#8211; Doigt de Dieu<br \/>\nMont Pelvoux &#8211; travers\u00e9e<br \/>\nOlan, ar\u00eate Nord et travers\u00e9e<br \/>\nLes Bans &#8211; ar\u00eate Est\/Nord-Est<br \/>\nBarre de \u00c9crins &#8211; ar\u00eate Nord-Est et travers\u00e9e<br \/>\nAiguille Dibona &#8211; ar\u00eate Nord<br \/>\nRoche Faurio<br \/>\nD\u00f4me de Neige des Ecrins<br \/>\nT\u00eate des F\u00e9toules &#8211; ar\u00eate Nord\/Nord-Est<br \/>\nT\u00eate de Lauranoure &#8211; ar\u00eatesud<br \/>\nR\u00e2teau, sommet Est &#8211; ar\u00eate Sud<br \/>\nPointes de la Pilatte &#8211; ar\u00eate nord<br \/>\nAilefroide Orientale &#8211; ar\u00eate sud<br \/>\nBr\u00e8che de la Meije &#8211; travers\u00e9e par les Enfetchores<br \/>\netc.<br \/>\nNachdruck 2006  <\/p>","protected":false},"excerpt":{"rendered":"<p>les plus belles courses faciles (43 Touren sind beschrieben, Topos und Fotos). La r\u00e9f\u00e9rence mise au go\u00fbt du jour en ce qui concerne les classiques de l&#8217;alpinisme dans les plus grands Parcs Nationaux fran\u00e7ais; par exemple: Pic central de la Meije &#8211; Doigt de Dieu Mont Pelvoux &#8211; travers\u00e9e Olan, ar\u00eate Nord et travers\u00e9e Les [&#8230;]\n","protected":false},"featured_media":28098,"template":"","meta":[],"product_brand":[],"product_cat":[21544],"product_tag":[],"class_list":{"0":"post-150448","1":"product","2":"type-product","3":"status-publish","4":"has-post-thumbnail","6":"product_cat-fuehrerliteratur-alpin-sommer","7":"pa_autor-chevaillot","8":"pa_erscheinungsjahr-22133","9":"pa_region-frankreich","10":"pa_sprache-fr","12":"first","13":"outofstock","14":"taxable","15":"shipping-taxable","16":"purchasable","17":"product-type-simple"},"_links":{"self":[{"href":"https:\/\/pizbube.ch\/en\/wp-json\/wp\/v2\/product\/150448","targetHints":{"allow":["GET"]}}],"collection":[{"href":"https:\/\/pizbube.ch\/en\/wp-json\/wp\/v2\/product"}],"about":[{"href":"https:\/\/pizbube.ch\/en\/wp-json\/wp\/v2\/types\/product"}],"wp:featuredmedia":[{"embeddable":true,"href":"https:\/\/pizbube.ch\/en\/wp-json\/wp\/v2\/media\/28098"}],"wp:attachment":[{"href":"https:\/\/pizbube.ch\/en\/wp-json\/wp\/v2\/media?parent=150448"}],"wp:term":[{"taxonomy":"product_brand","embeddable":true,"href":"https:\/\/pizbube.ch\/en\/wp-json\/wp\/v2\/product_brand?post=150448"},{"taxonomy":"product_cat","embeddable":true,"href":"https:\/\/pizbube.ch\/en\/wp-json\/wp\/v2\/product_cat?post=150448"},{"taxonomy":"product_tag","embeddable":true,"href":"https:\/\/pizbube.ch\/en\/wp-json\/wp\/v2\/product_tag?post=150448"}],"curies":[{"name":"wp","href":"https:\/\/api.w.org\/{rel}","templated":true}]}}