{"id":150449,"date":"2021-01-15T11:02:22","date_gmt":"2021-01-15T11:02:22","guid":{"rendered":"https:\/\/codengine3.ch\/?product=import-placeholder-for-202096"},"modified":"2021-01-15T12:33:20","modified_gmt":"2021-01-15T12:33:20","slug":"le-massif-des-ecrins","status":"publish","type":"product","link":"https:\/\/pizbube.ch\/en\/shop\/le-massif-des-ecrins\/","title":{"rendered":"Le massif des Ecrins"},"content":{"rendered":"<p>S\u00e9lection des randonn\u00e9es et escalades les plus belles en massif des Ecrins. Le<br \/>\nchoix de ces cent plus belles courses du Massif des \u00c9crins a \u00e9t\u00e9 \u00e9tabli selon<br \/>\nune progression et s&#8217;adresse au d\u00e9butant comme au montagnard confirm\u00e9.<br \/>\nLes cotations de chaque course ont \u00e9t\u00e9 remises \u00e0 jour en 1996. Les randonneurs<br \/>\net alpinistes sont invit\u00e9s \u00e0 v\u00e9rifier aupr\u00e8s des offices de guides de montagne<br \/>\nles cotations et l&#8217;\u00e9tat actuel de chacun de ces itin\u00e9raires.<\/p>","protected":false},"excerpt":{"rendered":"<ul>\n<li><b>INFO: Neuauflage angek\u00fcndigt; Termin unbestimmt<b><\/li>\n<\/ul>","protected":false},"featured_media":29484,"template":"","meta":[],"product_brand":[],"product_cat":[21544],"product_tag":[],"class_list":{"0":"post-150449","1":"product","2":"type-product","3":"status-publish","4":"has-post-thumbnail","6":"product_cat-fuehrerliteratur-alpin-sommer","7":"pa_autor-rebuffat","8":"pa_erscheinungsjahr-22242","9":"pa_region-frankreich","10":"pa_sprache-fr","12":"first","13":"outofstock","14":"taxable","15":"shipping-taxable","16":"purchasable","17":"product-type-simple"},"_links":{"self":[{"href":"https:\/\/pizbube.ch\/en\/wp-json\/wp\/v2\/product\/150449","targetHints":{"allow":["GET"]}}],"collection":[{"href":"https:\/\/pizbube.ch\/en\/wp-json\/wp\/v2\/product"}],"about":[{"href":"https:\/\/pizbube.ch\/en\/wp-json\/wp\/v2\/types\/product"}],"wp:featuredmedia":[{"embeddable":true,"href":"https:\/\/pizbube.ch\/en\/wp-json\/wp\/v2\/media\/29484"}],"wp:attachment":[{"href":"https:\/\/pizbube.ch\/en\/wp-json\/wp\/v2\/media?parent=150449"}],"wp:term":[{"taxonomy":"product_brand","embeddable":true,"href":"https:\/\/pizbube.ch\/en\/wp-json\/wp\/v2\/product_brand?post=150449"},{"taxonomy":"product_cat","embeddable":true,"href":"https:\/\/pizbube.ch\/en\/wp-json\/wp\/v2\/product_cat?post=150449"},{"taxonomy":"product_tag","embeddable":true,"href":"https:\/\/pizbube.ch\/en\/wp-json\/wp\/v2\/product_tag?post=150449"}],"curies":[{"name":"wp","href":"https:\/\/api.w.org\/{rel}","templated":true}]}}